{"id":1239,"date":"2024-04-26T11:38:55","date_gmt":"2024-04-26T09:38:55","guid":{"rendered":"https:\/\/www.camping-arize.com\/customer-reviews-and-feedback-about-camping-larize-in-ariege\/"},"modified":"2024-07-15T17:00:09","modified_gmt":"2024-07-15T15:00:09","slug":"customer-reviews-and-feedback-about-camping-larize-in-ariege","status":"publish","type":"page","link":"https:\/\/www.camping-arize.com\/en\/customer-reviews-and-feedback-about-camping-larize-in-ariege\/","title":{"rendered":"Avis camping l&#8217;Arize en Ari\u00e8ge"},"content":{"rendered":"\n<p>Planning to <strong>camp in Ari\u00e8ge<\/strong>? Find out what our <strong>guests<\/strong> thought of their <strong>stay at Camping l&#8217;Arize<\/strong>. Our <strong>campers share their experiences<\/strong>, from peaceful moments in the wilderness to rewarding adventures in the <strong>Ariege Pyrenees<\/strong>. Every <strong>review<\/strong> reflects our commitment to a warm welcome and a memorable experience. Consult our reviews now to better <strong>prepare your next getaway<\/strong> to our <strong><a href=\"https:\/\/www.camping-arize.com\/en\/\">campsite in Ari\u00e8ge<\/a><\/strong> !<\/p>\n\n<div style=\"height:50px\" aria-hidden=\"true\" class=\"wp-block-spacer\"><\/div>\n\n<ctv-reviews-list><\/ctv-reviews-list>\n\n<div style=\"height:50px\" aria-hidden=\"true\" class=\"wp-block-spacer\"><\/div>\n\n<p>After exploring <strong>our campsite reviews<\/strong>, why not see for yourself what makes <strong>L&#8217;Arize<\/strong> so special? Continue your visit by exploring our <strong><a href=\"https:\/\/www.camping-arize.com\/en\/explore-the-moments-captured-in-our-photo-library\/\">photo gallery<\/a><\/strong>where each image captures the essence of our beautiful surroundings and the welcoming atmosphere of our <strong>outdoor accommodation in the Ariege Pyrenees<\/strong>.<\/p>\n","protected":false},"excerpt":{"rendered":"<p>Planning to camp in Ari\u00e8ge? Find out what our guests thought of their stay at Camping l&#8217;Arize. Our campers share their experiences, from peaceful moments in the wilderness to rewarding adventures in the Ariege Pyrenees. Every review reflects our commitment to a warm welcome and a memorable experience. Consult our reviews now to better prepare [&hellip;]<\/p>\n","protected":false},"author":10,"featured_media":1706,"parent":0,"menu_order":0,"comment_status":"closed","ping_status":"closed","template":"","meta":{"_acf_changed":false,"footnotes":""},"acf":[],"yoast_head":"<!-- This site is optimized with the Yoast SEO plugin v22.5 - https:\/\/yoast.com\/wordpress\/plugins\/seo\/ -->\n<title>Avis camping L&#039;Arize en Ari\u00e8ge | The best campsite in Ari\u00e8ge<\/title>\n<meta name=\"description\" content=\"Discover the best campsite in Ari\u00e8ge: L&#039;Arize. Read our customer reviews and find out why holidaymakers choose us.\" \/>\n<meta name=\"robots\" content=\"index, follow, max-snippet:-1, max-image-preview:large, max-video-preview:-1\" \/>\n<link rel=\"canonical\" href=\"https:\/\/www.camping-arize.com\/en\/customer-reviews-and-feedback-about-camping-larize-in-ariege\/\" \/>\n<meta property=\"og:locale\" content=\"en_US\" \/>\n<meta property=\"og:type\" content=\"article\" \/>\n<meta property=\"og:title\" content=\"Avis camping L&#039;Arize en Ari\u00e8ge | The best campsite in Ari\u00e8ge\" \/>\n<meta property=\"og:description\" content=\"Discover the best campsite in Ari\u00e8ge: L&#039;Arize. Read our customer reviews and find out why holidaymakers choose us.\" \/>\n<meta property=\"og:url\" content=\"https:\/\/www.camping-arize.com\/en\/customer-reviews-and-feedback-about-camping-larize-in-ariege\/\" \/>\n<meta property=\"og:site_name\" content=\"Camping L&#039;Arize\" \/>\n<meta property=\"article:modified_time\" content=\"2024-07-15T15:00:09+00:00\" \/>\n<meta property=\"og:image\" content=\"https:\/\/www.camping-arize.com\/wp-content\/uploads\/2024\/02\/sans-titre-58-scaled.jpg\" \/>\n\t<meta property=\"og:image:width\" content=\"2560\" \/>\n\t<meta property=\"og:image:height\" content=\"1707\" \/>\n\t<meta property=\"og:image:type\" content=\"image\/jpeg\" \/>\n<meta name=\"twitter:card\" content=\"summary_large_image\" \/>\n<script type=\"application\/ld+json\" class=\"yoast-schema-graph\">{\"@context\":\"https:\/\/schema.org\",\"@graph\":[{\"@type\":\"WebPage\",\"@id\":\"https:\/\/www.camping-arize.com\/en\/customer-reviews-and-feedback-about-camping-larize-in-ariege\/\",\"url\":\"https:\/\/www.camping-arize.com\/en\/customer-reviews-and-feedback-about-camping-larize-in-ariege\/\",\"name\":\"Avis camping L'Arize en Ari\u00e8ge | The best campsite in Ari\u00e8ge\",\"isPartOf\":{\"@id\":\"https:\/\/www.camping-arize.com\/#website\"},\"primaryImageOfPage\":{\"@id\":\"https:\/\/www.camping-arize.com\/en\/customer-reviews-and-feedback-about-camping-larize-in-ariege\/#primaryimage\"},\"image\":{\"@id\":\"https:\/\/www.camping-arize.com\/en\/customer-reviews-and-feedback-about-camping-larize-in-ariege\/#primaryimage\"},\"thumbnailUrl\":\"https:\/\/www.camping-arize.com\/wp-content\/uploads\/2024\/02\/sans-titre-58-scaled.jpg\",\"datePublished\":\"2024-04-26T09:38:55+00:00\",\"dateModified\":\"2024-07-15T15:00:09+00:00\",\"description\":\"Discover the best campsite in Ari\u00e8ge: L'Arize. Read our customer reviews and find out why holidaymakers choose us.\",\"breadcrumb\":{\"@id\":\"https:\/\/www.camping-arize.com\/en\/customer-reviews-and-feedback-about-camping-larize-in-ariege\/#breadcrumb\"},\"inLanguage\":\"en-US\",\"potentialAction\":[{\"@type\":\"ReadAction\",\"target\":[\"https:\/\/www.camping-arize.com\/en\/customer-reviews-and-feedback-about-camping-larize-in-ariege\/\"]}]},{\"@type\":\"ImageObject\",\"inLanguage\":\"en-US\",\"@id\":\"https:\/\/www.camping-arize.com\/en\/customer-reviews-and-feedback-about-camping-larize-in-ariege\/#primaryimage\",\"url\":\"https:\/\/www.camping-arize.com\/wp-content\/uploads\/2024\/02\/sans-titre-58-scaled.jpg\",\"contentUrl\":\"https:\/\/www.camping-arize.com\/wp-content\/uploads\/2024\/02\/sans-titre-58-scaled.jpg\",\"width\":2560,\"height\":1707},{\"@type\":\"BreadcrumbList\",\"@id\":\"https:\/\/www.camping-arize.com\/en\/customer-reviews-and-feedback-about-camping-larize-in-ariege\/#breadcrumb\",\"itemListElement\":[{\"@type\":\"ListItem\",\"position\":1,\"name\":\"Camping Ari\u00e8ge\",\"item\":\"https:\/\/www.camping-arize.com\/en\/home\/\"},{\"@type\":\"ListItem\",\"position\":2,\"name\":\"Holidaymakers' opinions\"}]},{\"@type\":\"WebSite\",\"@id\":\"https:\/\/www.camping-arize.com\/#website\",\"url\":\"https:\/\/www.camping-arize.com\/\",\"name\":\"Camping L'Arize\",\"description\":\"Camping familial 4 \u00e9toiles en Ari\u00e8ge \u00e0 La Bastide-de-S\u00e9rou\",\"publisher\":{\"@id\":\"https:\/\/www.camping-arize.com\/#organization\"},\"inLanguage\":\"en-US\"},{\"@type\":\"Organization\",\"@id\":\"https:\/\/www.camping-arize.com\/#organization\",\"name\":\"Camping L'Arize\",\"url\":\"https:\/\/www.camping-arize.com\/\",\"logo\":{\"@type\":\"ImageObject\",\"inLanguage\":\"en-US\",\"@id\":\"https:\/\/www.camping-arize.com\/#\/schema\/logo\/image\/\",\"url\":\"https:\/\/www.camping-arize.com\/wp-content\/uploads\/2024\/01\/logo.png\",\"contentUrl\":\"https:\/\/www.camping-arize.com\/wp-content\/uploads\/2024\/01\/logo.png\",\"width\":117,\"height\":93,\"caption\":\"Camping L'Arize\"},\"image\":{\"@id\":\"https:\/\/www.camping-arize.com\/#\/schema\/logo\/image\/\"}}]}<\/script>\n<!-- \/ Yoast SEO plugin. -->","yoast_head_json":{"title":"Avis camping L'Arize en Ari\u00e8ge | The best campsite in Ari\u00e8ge","description":"Discover the best campsite in Ari\u00e8ge: L'Arize. Read our customer reviews and find out why holidaymakers choose us.","robots":{"index":"index","follow":"follow","max-snippet":"max-snippet:-1","max-image-preview":"max-image-preview:large","max-video-preview":"max-video-preview:-1"},"canonical":"https:\/\/www.camping-arize.com\/en\/customer-reviews-and-feedback-about-camping-larize-in-ariege\/","og_locale":"en_US","og_type":"article","og_title":"Avis camping L'Arize en Ari\u00e8ge | The best campsite in Ari\u00e8ge","og_description":"Discover the best campsite in Ari\u00e8ge: L'Arize. Read our customer reviews and find out why holidaymakers choose us.","og_url":"https:\/\/www.camping-arize.com\/en\/customer-reviews-and-feedback-about-camping-larize-in-ariege\/","og_site_name":"Camping L&#039;Arize","article_modified_time":"2024-07-15T15:00:09+00:00","og_image":[{"width":2560,"height":1707,"url":"https:\/\/www.camping-arize.com\/wp-content\/uploads\/2024\/02\/sans-titre-58-scaled.jpg","type":"image\/jpeg"}],"twitter_card":"summary_large_image","schema":{"@context":"https:\/\/schema.org","@graph":[{"@type":"WebPage","@id":"https:\/\/www.camping-arize.com\/en\/customer-reviews-and-feedback-about-camping-larize-in-ariege\/","url":"https:\/\/www.camping-arize.com\/en\/customer-reviews-and-feedback-about-camping-larize-in-ariege\/","name":"Avis camping L'Arize en Ari\u00e8ge | The best campsite in Ari\u00e8ge","isPartOf":{"@id":"https:\/\/www.camping-arize.com\/#website"},"primaryImageOfPage":{"@id":"https:\/\/www.camping-arize.com\/en\/customer-reviews-and-feedback-about-camping-larize-in-ariege\/#primaryimage"},"image":{"@id":"https:\/\/www.camping-arize.com\/en\/customer-reviews-and-feedback-about-camping-larize-in-ariege\/#primaryimage"},"thumbnailUrl":"https:\/\/www.camping-arize.com\/wp-content\/uploads\/2024\/02\/sans-titre-58-scaled.jpg","datePublished":"2024-04-26T09:38:55+00:00","dateModified":"2024-07-15T15:00:09+00:00","description":"Discover the best campsite in Ari\u00e8ge: L'Arize. Read our customer reviews and find out why holidaymakers choose us.","breadcrumb":{"@id":"https:\/\/www.camping-arize.com\/en\/customer-reviews-and-feedback-about-camping-larize-in-ariege\/#breadcrumb"},"inLanguage":"en-US","potentialAction":[{"@type":"ReadAction","target":["https:\/\/www.camping-arize.com\/en\/customer-reviews-and-feedback-about-camping-larize-in-ariege\/"]}]},{"@type":"ImageObject","inLanguage":"en-US","@id":"https:\/\/www.camping-arize.com\/en\/customer-reviews-and-feedback-about-camping-larize-in-ariege\/#primaryimage","url":"https:\/\/www.camping-arize.com\/wp-content\/uploads\/2024\/02\/sans-titre-58-scaled.jpg","contentUrl":"https:\/\/www.camping-arize.com\/wp-content\/uploads\/2024\/02\/sans-titre-58-scaled.jpg","width":2560,"height":1707},{"@type":"BreadcrumbList","@id":"https:\/\/www.camping-arize.com\/en\/customer-reviews-and-feedback-about-camping-larize-in-ariege\/#breadcrumb","itemListElement":[{"@type":"ListItem","position":1,"name":"Camping Ari\u00e8ge","item":"https:\/\/www.camping-arize.com\/en\/home\/"},{"@type":"ListItem","position":2,"name":"Holidaymakers' opinions"}]},{"@type":"WebSite","@id":"https:\/\/www.camping-arize.com\/#website","url":"https:\/\/www.camping-arize.com\/","name":"Camping L'Arize","description":"Camping familial 4 \u00e9toiles en Ari\u00e8ge \u00e0 La Bastide-de-S\u00e9rou","publisher":{"@id":"https:\/\/www.camping-arize.com\/#organization"},"inLanguage":"en-US"},{"@type":"Organization","@id":"https:\/\/www.camping-arize.com\/#organization","name":"Camping L'Arize","url":"https:\/\/www.camping-arize.com\/","logo":{"@type":"ImageObject","inLanguage":"en-US","@id":"https:\/\/www.camping-arize.com\/#\/schema\/logo\/image\/","url":"https:\/\/www.camping-arize.com\/wp-content\/uploads\/2024\/01\/logo.png","contentUrl":"https:\/\/www.camping-arize.com\/wp-content\/uploads\/2024\/01\/logo.png","width":117,"height":93,"caption":"Camping L'Arize"},"image":{"@id":"https:\/\/www.camping-arize.com\/#\/schema\/logo\/image\/"}}]}},"_links":{"self":[{"href":"https:\/\/www.camping-arize.com\/en\/wp-json\/wp\/v2\/pages\/1239"}],"collection":[{"href":"https:\/\/www.camping-arize.com\/en\/wp-json\/wp\/v2\/pages"}],"about":[{"href":"https:\/\/www.camping-arize.com\/en\/wp-json\/wp\/v2\/types\/page"}],"author":[{"embeddable":true,"href":"https:\/\/www.camping-arize.com\/en\/wp-json\/wp\/v2\/users\/10"}],"replies":[{"embeddable":true,"href":"https:\/\/www.camping-arize.com\/en\/wp-json\/wp\/v2\/comments?post=1239"}],"version-history":[{"count":3,"href":"https:\/\/www.camping-arize.com\/en\/wp-json\/wp\/v2\/pages\/1239\/revisions"}],"predecessor-version":[{"id":1995,"href":"https:\/\/www.camping-arize.com\/en\/wp-json\/wp\/v2\/pages\/1239\/revisions\/1995"}],"wp:featuredmedia":[{"embeddable":true,"href":"https:\/\/www.camping-arize.com\/en\/wp-json\/wp\/v2\/media\/1706"}],"wp:attachment":[{"href":"https:\/\/www.camping-arize.com\/en\/wp-json\/wp\/v2\/media?parent=1239"}],"curies":[{"name":"wp","href":"https:\/\/api.w.org\/{rel}","templated":true}]}}