{"id":1152,"date":"2024-04-26T11:38:18","date_gmt":"2024-04-26T09:38:18","guid":{"rendered":"https:\/\/www.camping-arize.com\/servicios-para-una-estancia-ideal-en-plena-naturaleza-en-ariege\/"},"modified":"2024-09-21T18:13:32","modified_gmt":"2024-09-21T16:13:32","slug":"servicios-para-una-estancia-ideal-en-plena-naturaleza-en-ariege","status":"publish","type":"page","link":"https:\/\/www.camping-arize.com\/es\/servicios-para-una-estancia-ideal-en-plena-naturaleza-en-ariege\/","title":{"rendered":"Camping 4 estrellas en Ari\u00e8ge"},"content":{"rendered":"\n<div class=\"wp-block-cover\"><span aria-hidden=\"true\" class=\"wp-block-cover__background has-background-dim-0 has-background-dim\"><\/span><img loading=\"lazy\" decoding=\"async\" width=\"1920\" height=\"1200\" class=\"wp-block-cover__image-background wp-image-266\" alt=\"Camping 4 \u00e9toiles en Ari\u00e8ge au bord de la rivi\u00e8re Arize.\" src=\"https:\/\/www.camping-arize.com\/wp-content\/uploads\/2024\/02\/camping-en-bord-de-riviere-camping-l-arize-ariege-1.jpg\" data-object-fit=\"cover\" srcset=\"https:\/\/www.camping-arize.com\/wp-content\/uploads\/2024\/02\/camping-en-bord-de-riviere-camping-l-arize-ariege-1.jpg 1920w, https:\/\/www.camping-arize.com\/wp-content\/uploads\/2024\/02\/camping-en-bord-de-riviere-camping-l-arize-ariege-1-300x188.jpg 300w, https:\/\/www.camping-arize.com\/wp-content\/uploads\/2024\/02\/camping-en-bord-de-riviere-camping-l-arize-ariege-1-1024x640.jpg 1024w, https:\/\/www.camping-arize.com\/wp-content\/uploads\/2024\/02\/camping-en-bord-de-riviere-camping-l-arize-ariege-1-768x480.jpg 768w, https:\/\/www.camping-arize.com\/wp-content\/uploads\/2024\/02\/camping-en-bord-de-riviere-camping-l-arize-ariege-1-1536x960.jpg 1536w, https:\/\/www.camping-arize.com\/wp-content\/uploads\/2024\/02\/camping-en-bord-de-riviere-camping-l-arize-ariege-1-333x208.jpg 333w\" sizes=\"(max-width: 1920px) 100vw, 1920px\" \/><div class=\"wp-block-cover__inner-container is-layout-constrained wp-block-cover-is-layout-constrained\">\n<p class=\"has-text-align-center has-large-font-size\"><\/p>\n<\/div><\/div>\n\n\n\n<div style=\"height:50px\" aria-hidden=\"true\" class=\"wp-block-spacer\"><\/div>\n\n\n\n<p>Situado en el <strong>Parc R\u00e9gional Naturel des Pyr\u00e9n\u00e9es Ari\u00e9geoises<\/strong>, el <strong>camping L&#8217;Arize<\/strong> te da la bienvenida para que disfrutes de una experiencia relajante en<strong>plena naturaleza<\/strong>. Nuestro <strong>camping de 4 estrellas en Ari\u00e8ge<\/strong>, abierto del 20 de abril al 28 de septiembre de 2024, te promete una estancia memorable gracias a sus <strong>excepcionales servicios<\/strong>: acogida personalizada, asistencia dedicada y una <strong>completa gama de servicios<\/strong> para <strong>enriquecer tus vacaciones<\/strong>. Tanto si buscas la comodidad de un refugio familiar como una base para tus aventuras al aire libre, nuestro <strong><a href=\"https:\/\/www.camping-arize.com\/es\/\">camping en Ari\u00e8ge<\/a><\/strong> es el lugar ideal para descubrir las riquezas de la regi\u00f3n.<\/p>\n\n\n\n<div style=\"height:100px\" aria-hidden=\"true\" class=\"wp-block-spacer\"><\/div>\n\n\n\n<div class=\"wp-block-media-text is-stacked-on-mobile is-vertically-aligned-center is-image-fill mb-5\"><figure class=\"wp-block-media-text__media\" style=\"background-image:url(https:\/\/www.camping-arize.com\/wp-content\/uploads\/2024\/02\/Arrize-services-accueil-655x1024.jpg);background-position:50% 50%\"><img loading=\"lazy\" decoding=\"async\" width=\"655\" height=\"1024\" src=\"https:\/\/www.camping-arize.com\/wp-content\/uploads\/2024\/02\/Arrize-services-accueil-655x1024.jpg\" alt=\"R\u00e9ception du camping 4 \u00e9toiles L'Arize en Ari\u00e8ge.\" class=\"wp-image-303 size-large\" srcset=\"https:\/\/www.camping-arize.com\/wp-content\/uploads\/2024\/02\/Arrize-services-accueil-655x1024.jpg 655w, https:\/\/www.camping-arize.com\/wp-content\/uploads\/2024\/02\/Arrize-services-accueil-192x300.jpg 192w, https:\/\/www.camping-arize.com\/wp-content\/uploads\/2024\/02\/Arrize-services-accueil-133x208.jpg 133w, https:\/\/www.camping-arize.com\/wp-content\/uploads\/2024\/02\/Arrize-services-accueil.jpg 691w\" sizes=\"(max-width: 655px) 100vw, 655px\" \/><\/figure><div class=\"wp-block-media-text__content\">\n<h2 class=\"wp-block-heading has-vivid-cyan-blue-color has-text-color has-link-color wp-elements-1723b8f6e8f7e85844e11aa460e85b18\">L&#8217;Arize, camping 4 estrellas en La Bastide-de-S\u00e9rou, Ari\u00e8ge<\/h2>\n\n\n\n<div style=\"height:50px\" aria-hidden=\"true\" class=\"wp-block-spacer\"><\/div>\n\n\n\n<p>Del 20 de abril al 28 de septiembre de 2024, el <strong>camping L&#8217;Arize, en Ari\u00e8ge<\/strong>, te abre sus puertas para que vivas <strong>una experiencia inolvidable en plena naturaleza<\/strong>. Aprovecha nuestra <strong>ubicaci\u00f3n excepcional<\/strong> y nuestros <strong>servicios de<\/strong> calidad para pasar unas vacaciones memorables.<\/p>\n\n\n\n<p>En <strong>temporada alta<\/strong>, nuestra recepci\u00f3n est\u00e1 abierta de 8.30 a 12.15 y de 14.15 a 20.00, y en <strong>temporada baja<\/strong>, de 9.00 a 12.00 y de 14.30 a 18.30. <\/p>\n\n\n\n<p>Cuando llegues, tendr\u00e1s acceso a una amplia gama de <strong>informaci\u00f3n tur\u00edstica sobre Ari\u00e8ge Midi-Pyr\u00e9n\u00e9es<\/strong>, como <strong>folletos<\/strong>, <strong>mapas<\/strong> e informaci\u00f3n pr\u00e1ctica, para que puedas explorar <strong>rutas de senderismo<\/strong>, lugares hist\u00f3ricos, <strong>gastronom\u00eda<\/strong> y <strong>actividades<\/strong> al aire libre.<\/p>\n\n\n\n<p>Para tus <strong>vacaciones en familia<\/strong>, opta por una <strong><a href=\"https:\/\/www.camping-arize.com\/es\/categorie\/casas-moviles\/\">casa m\u00f3vil<\/a><\/strong>chalet o <strong><a href=\"https:\/\/www.camping-arize.com\/es\/categorie\/ubicaciones\/\">parcela de camping<\/a><\/strong> en el <strong>coraz\u00f3n del Ari\u00e8ge<\/strong>. Nos comprometemos a hacer que tu estancia sea agradable, con <strong>un apoyo personalizado<\/strong> y adaptado a tus necesidades.<\/p>\n<\/div><\/div>\n\n\n\n<div style=\"height:150px\" aria-hidden=\"true\" class=\"wp-block-spacer\"><\/div>\n\n\n\n<div class=\"wp-block-media-text has-media-on-the-right is-stacked-on-mobile is-vertically-aligned-center is-image-fill mb-5\"><div class=\"wp-block-media-text__content\">\n<h2 class=\"wp-block-heading has-vivid-cyan-blue-color has-text-color has-link-color wp-elements-5e120568ec260d4c07df203081bb4195\">Servicios 4 estrellas en nuestro camping de Ari\u00e8ge<\/h2>\n\n\n\n<div style=\"height:25px\" aria-hidden=\"true\" class=\"wp-block-spacer\"><\/div>\n\n\n\n<p>Entre los <strong>diversos servicios<\/strong> que ofrece el <strong>camping 4 estrellas L&#8217;Arize de Ari\u00e8ge<\/strong>, encontrar\u00e1s <strong>WIFI gratuito<\/strong> en la recepci\u00f3n y en la <strong>terraza del Bar\/Restaurante<\/strong>, con <strong>paquetes de pago por uso<\/strong> para <strong>un acceso ilimitado<\/strong> en todo el camping. Nuestra <strong>tienda de comestibles<\/strong> ofrece <strong>productos locales<\/strong> y <strong>artesanales<\/strong>. Disfruta de <strong>pan<\/strong> y <strong>boller\u00eda<\/strong> frescos todas las ma\u00f1anas de julio y agosto. Rel\u00e1jate en nuestra <strong>piscina climatizada<\/strong>, ideal para <strong>reuniones familiares<\/strong>. A lo largo del verano se organizan numerosos <strong>actos para ni\u00f1os y adultos<\/strong>. Descubre el <strong>miniclub infantil<\/strong>, las <strong>veladas tem\u00e1ticas<\/strong>, las <strong>actividades deportivas<\/strong> y los <strong>talleres creativos<\/strong> durante tus pr\u00f3ximas vacaciones. Tambi\u00e9n hay una <strong>zona de lavander\u00eda totalmente equipada<\/strong>, con <strong>acceso gratuito por estancia<\/strong>. Descubre una experiencia \u00fanica en el coraz\u00f3n de <strong>los Pirineos de Ariege<\/strong>.<\/p>\n<\/div><figure class=\"wp-block-media-text__media\" style=\"background-image:url(https:\/\/www.camping-arize.com\/wp-content\/uploads\/2024\/04\/DJI_0022-1024x576.jpg);background-position:50% 50%\"><img loading=\"lazy\" decoding=\"async\" width=\"1024\" height=\"576\" src=\"https:\/\/www.camping-arize.com\/wp-content\/uploads\/2024\/04\/DJI_0022-1024x576.jpg\" alt=\"\" class=\"wp-image-909 size-large\" srcset=\"https:\/\/www.camping-arize.com\/wp-content\/uploads\/2024\/04\/DJI_0022-1024x576.jpg 1024w, https:\/\/www.camping-arize.com\/wp-content\/uploads\/2024\/04\/DJI_0022-300x169.jpg 300w, https:\/\/www.camping-arize.com\/wp-content\/uploads\/2024\/04\/DJI_0022-768x432.jpg 768w, https:\/\/www.camping-arize.com\/wp-content\/uploads\/2024\/04\/DJI_0022-1536x864.jpg 1536w, https:\/\/www.camping-arize.com\/wp-content\/uploads\/2024\/04\/DJI_0022-2048x1152.jpg 2048w, https:\/\/www.camping-arize.com\/wp-content\/uploads\/2024\/04\/DJI_0022-1920x1080.jpg 1920w, https:\/\/www.camping-arize.com\/wp-content\/uploads\/2024\/04\/DJI_0022-367x206.jpg 367w\" sizes=\"(max-width: 1024px) 100vw, 1024px\" \/><\/figure><\/div>\n\n\n\n<div style=\"height:50px\" aria-hidden=\"true\" class=\"wp-block-spacer\"><\/div>\n\n\n\n<div class=\"wp-block-group\"><div class=\"wp-block-group__inner-container is-layout-constrained wp-block-group-is-layout-constrained\">\n<h3 class=\"wp-block-heading\">WIFI gratuito<\/h3>\n\n\n\n<p><strong>Zona libre<\/strong> alrededor de la recepci\u00f3n y el bar: te daremos el <strong>c\u00f3digo de acceso<\/strong> cuando llegues al camping.<\/p>\n\n\n\n<p><strong>Paquetes de pago<\/strong> para <strong>acceso ilimitado<\/strong> en todo el camping.<\/p>\n\n\n\n<p>El <strong>WIFI es gratuito<\/strong> en la <strong>terraza del Bar\/Restaurante<\/strong> y en la recepci\u00f3n de tu <strong>camping Arize en los Pirineos de Ari\u00e8ge<\/strong>. A continuaci\u00f3n, puedes consultar tus correos electr\u00f3nicos.<\/p>\n\n\n\n<div style=\"height:25px\" aria-hidden=\"true\" class=\"wp-block-spacer\"><\/div>\n<\/div><\/div>\n\n\n\n<div class=\"wp-block-group\"><div class=\"wp-block-group__inner-container is-layout-constrained wp-block-group-is-layout-constrained\">\n<h3 class=\"wp-block-heading\">Tienda de comestibles<\/h3>\n\n\n\n<p>La primera vez, no tienes suerte: \u00a1te has olvidado de los aperitivos! No te preocupes, tambi\u00e9n habr\u00e1 una tienda de <strong>comestibles<\/strong>, para que no tengas que desviarte de tu camino en busca de cosas&#8230; Los <strong>productos locales<\/strong> y la <strong>artesan\u00eda<\/strong> tambi\u00e9n han llegado a las estanter\u00edas de nuestra tienda de <strong>comestibles<\/strong>.<\/p>\n\n\n\n<div style=\"height:25px\" aria-hidden=\"true\" class=\"wp-block-spacer\"><\/div>\n<\/div><\/div>\n\n\n\n<div class=\"wp-block-group\"><div class=\"wp-block-group__inner-container is-layout-constrained wp-block-group-is-layout-constrained\">\n<h3 class=\"wp-block-heading\">Desayuno<\/h3>\n\n\n\n<p>Por encargo, todas las ma\u00f1anas en julio y agosto hay <strong>pan<\/strong> y <strong>boller\u00eda<\/strong> frescos de nuestro <strong>panadero artesano Antony Parolin<\/strong> en la recepci\u00f3n.<\/p>\n\n\n\n<div style=\"height:25px\" aria-hidden=\"true\" class=\"wp-block-spacer\"><\/div>\n<\/div><\/div>\n\n\n\n<div class=\"wp-block-group\"><div class=\"wp-block-group__inner-container is-layout-constrained wp-block-group-is-layout-constrained\">\n<h3 class=\"wp-block-heading\">Lavander\u00eda<\/h3>\n\n\n\n<p>En las <strong>instalaciones sanitarias<\/strong> hay una <strong>lavander\u00eda<\/strong> con <strong>lavadora<\/strong> y <strong>secadora<\/strong>. En recepci\u00f3n se venden fichas (lavadora 5,50 \u20ac, secadora 5,00 \u20ac). Hay una <strong>tabla de planchar<\/strong> y una <strong>plancha<\/strong> disponibles previa petici\u00f3n.<\/p>\n\n\n\n<p style=\"font-size:15px\"><em>1 acceso gratuito por estancia<\/em><\/p>\n\n\n\n<div style=\"height:25px\" aria-hidden=\"true\" class=\"wp-block-spacer\"><\/div>\n<\/div><\/div>\n\n\n\n<div class=\"wp-block-group\"><div class=\"wp-block-group__inner-container is-layout-constrained wp-block-group-is-layout-constrained\">\n<h3 class=\"wp-block-heading\">Eventos y Actividades<\/h3>\n\n\n\n<p>Disfruta de <strong><a href=\"https:\/\/www.camping-arize.com\/es\/entretenimiento-para-toda-la-familia-en-nuestro-camping-de-ariege\/\">unas animadas vacaciones en Ari\u00e8ge<\/a><\/strong> gracias a las <strong>numerosas actividades<\/strong> que te ofrece nuestro <strong>camping 4 estrellas de Ari\u00e8ge<\/strong>. Del 8 de julio al 26 de agosto, el <strong>miniclub<\/strong> infantil ofrece <strong>actividades para j\u00f3venes <\/strong>campistas de 5 a 11 a\u00f1os, como juegos creativos, b\u00fasquedas del tesoro y waterpolo. Participa en <strong>veladas tem\u00e1ticas<\/strong>, <strong>conciertos<\/strong> y <strong>hogueras<\/strong>. Explora la naturaleza en excursiones de <strong>senderismo<\/strong> o <strong>espeleolog\u00eda<\/strong>. Cerca de all\u00ed, disfruta de <strong>clases de equitaci\u00f3n en Equizones<\/strong>. <strong>Animaciones nocturnas<\/strong> <strong>gratuitas y actividades deportivas<\/strong> completan el programa de unas <strong>vacaciones inolvidables en plena campi\u00f1a del Ari\u00e8ge<\/strong>.<\/p>\n\n\n\n<div style=\"height:25px\" aria-hidden=\"true\" class=\"wp-block-spacer\"><\/div>\n<\/div><\/div>\n\n\n\n<div class=\"wp-block-group\"><div class=\"wp-block-group__inner-container is-layout-constrained wp-block-group-is-layout-constrained\">\n<h3 class=\"wp-block-heading\">Zona de piscina climatizada<\/h3>\n\n\n\n<p>Descubre nuestro <strong><a href=\"https:\/\/www.camping-arize.com\/es\/sumergete-en-el-oasis-acuatico-de-arize-relax-y-diversion-en-el-camping\/\">camping con piscina en Ari\u00e8ge<\/a><\/strong>, perfecto para toda la familia. Disfruta de nuestra <strong>piscina climatizada<\/strong> y <strong>piscina<\/strong> infantil de junio a mediados de septiembre (climatizada en julio y agosto). Tambi\u00e9n hay actividades y veladas <strong>nocturnas en la piscina<\/strong> durante <strong>la temporada de verano<\/strong>. Rel\u00e1jate en nuestra <strong>playa<\/strong> natural a <strong>orillas del r\u00edo Arize<\/strong>, ideal para refrescarse y <strong>divertirse en plena naturaleza<\/strong>.<\/p>\n<\/div><\/div>\n","protected":false},"excerpt":{"rendered":"<p>Situado en el Parc R\u00e9gional Naturel des Pyr\u00e9n\u00e9es Ari\u00e9geoises, el camping L&#8217;Arize te da la bienvenida para que disfrutes de una experiencia relajante enplena naturaleza. Nuestro camping de 4 estrellas en Ari\u00e8ge, abierto del 20 de abril al 28 de septiembre de 2024, te promete una estancia memorable gracias a sus excepcionales servicios: acogida personalizada, [&hellip;]<\/p>\n","protected":false},"author":10,"featured_media":1898,"parent":0,"menu_order":0,"comment_status":"closed","ping_status":"closed","template":"","meta":{"_acf_changed":false,"footnotes":""},"acf":[],"yoast_head":"<!-- This site is optimized with the Yoast SEO plugin v22.5 - https:\/\/yoast.com\/wordpress\/plugins\/seo\/ -->\n<title>Camping 4 estrellas Ari\u00e8ge | Camping familiar en Ari\u00e8ge<\/title>\n<meta name=\"description\" content=\"Disfruta de unas vacaciones en un camping de 4 estrellas en Ari\u00e8ge con instalaciones de alta gama para toda la familia en los Pirineos de Ari\u00e8ge.\" \/>\n<meta name=\"robots\" content=\"index, follow, max-snippet:-1, max-image-preview:large, max-video-preview:-1\" \/>\n<link rel=\"canonical\" href=\"https:\/\/www.camping-arize.com\/es\/servicios-para-una-estancia-ideal-en-plena-naturaleza-en-ariege\/\" \/>\n<meta property=\"og:locale\" content=\"es_ES\" \/>\n<meta property=\"og:type\" content=\"article\" \/>\n<meta property=\"og:title\" content=\"Camping 4 estrellas Ari\u00e8ge | Camping familiar en Ari\u00e8ge\" \/>\n<meta property=\"og:description\" content=\"Disfruta de unas vacaciones en un camping de 4 estrellas en Ari\u00e8ge con instalaciones de alta gama para toda la familia en los Pirineos de Ari\u00e8ge.\" \/>\n<meta property=\"og:url\" content=\"https:\/\/www.camping-arize.com\/es\/servicios-para-una-estancia-ideal-en-plena-naturaleza-en-ariege\/\" \/>\n<meta property=\"og:site_name\" content=\"Camping L&#039;Arize\" \/>\n<meta property=\"article:modified_time\" content=\"2024-09-21T16:13:32+00:00\" \/>\n<meta property=\"og:image\" content=\"https:\/\/www.camping-arize.com\/wp-content\/uploads\/2024\/04\/DJI_0022-scaled.jpg\" \/>\n\t<meta property=\"og:image:width\" content=\"2560\" \/>\n\t<meta property=\"og:image:height\" content=\"1440\" \/>\n\t<meta property=\"og:image:type\" content=\"image\/jpeg\" \/>\n<meta name=\"twitter:card\" content=\"summary_large_image\" \/>\n<script type=\"application\/ld+json\" class=\"yoast-schema-graph\">{\"@context\":\"https:\/\/schema.org\",\"@graph\":[{\"@type\":\"WebPage\",\"@id\":\"https:\/\/www.camping-arize.com\/es\/servicios-para-una-estancia-ideal-en-plena-naturaleza-en-ariege\/\",\"url\":\"https:\/\/www.camping-arize.com\/es\/servicios-para-una-estancia-ideal-en-plena-naturaleza-en-ariege\/\",\"name\":\"Camping 4 estrellas Ari\u00e8ge | Camping familiar en Ari\u00e8ge\",\"isPartOf\":{\"@id\":\"https:\/\/www.camping-arize.com\/#website\"},\"primaryImageOfPage\":{\"@id\":\"https:\/\/www.camping-arize.com\/es\/servicios-para-una-estancia-ideal-en-plena-naturaleza-en-ariege\/#primaryimage\"},\"image\":{\"@id\":\"https:\/\/www.camping-arize.com\/es\/servicios-para-una-estancia-ideal-en-plena-naturaleza-en-ariege\/#primaryimage\"},\"thumbnailUrl\":\"https:\/\/www.camping-arize.com\/wp-content\/uploads\/2024\/04\/DJI_0022-scaled.jpg\",\"datePublished\":\"2024-04-26T09:38:18+00:00\",\"dateModified\":\"2024-09-21T16:13:32+00:00\",\"description\":\"Disfruta de unas vacaciones en un camping de 4 estrellas en Ari\u00e8ge con instalaciones de alta gama para toda la familia en los Pirineos de Ari\u00e8ge.\",\"breadcrumb\":{\"@id\":\"https:\/\/www.camping-arize.com\/es\/servicios-para-una-estancia-ideal-en-plena-naturaleza-en-ariege\/#breadcrumb\"},\"inLanguage\":\"es-ES\",\"potentialAction\":[{\"@type\":\"ReadAction\",\"target\":[\"https:\/\/www.camping-arize.com\/es\/servicios-para-una-estancia-ideal-en-plena-naturaleza-en-ariege\/\"]}]},{\"@type\":\"ImageObject\",\"inLanguage\":\"es-ES\",\"@id\":\"https:\/\/www.camping-arize.com\/es\/servicios-para-una-estancia-ideal-en-plena-naturaleza-en-ariege\/#primaryimage\",\"url\":\"https:\/\/www.camping-arize.com\/wp-content\/uploads\/2024\/04\/DJI_0022-scaled.jpg\",\"contentUrl\":\"https:\/\/www.camping-arize.com\/wp-content\/uploads\/2024\/04\/DJI_0022-scaled.jpg\",\"width\":2560,\"height\":1440,\"caption\":\"DCIM100MEDIADJI_0022.JPG\"},{\"@type\":\"BreadcrumbList\",\"@id\":\"https:\/\/www.camping-arize.com\/es\/servicios-para-una-estancia-ideal-en-plena-naturaleza-en-ariege\/#breadcrumb\",\"itemListElement\":[{\"@type\":\"ListItem\",\"position\":1,\"name\":\"Camping Ari\u00e8ge\",\"item\":\"https:\/\/www.camping-arize.com\/es\/inicio\/\"},{\"@type\":\"ListItem\",\"position\":2,\"name\":\"Camping 4 estrellas con servicios en Ari\u00e8ge\"}]},{\"@type\":\"WebSite\",\"@id\":\"https:\/\/www.camping-arize.com\/#website\",\"url\":\"https:\/\/www.camping-arize.com\/\",\"name\":\"Camping L'Arize\",\"description\":\"Camping familial 4 \u00e9toiles en Ari\u00e8ge \u00e0 La Bastide-de-S\u00e9rou\",\"publisher\":{\"@id\":\"https:\/\/www.camping-arize.com\/#organization\"},\"inLanguage\":\"es-ES\"},{\"@type\":\"Organization\",\"@id\":\"https:\/\/www.camping-arize.com\/#organization\",\"name\":\"Camping L'Arize\",\"url\":\"https:\/\/www.camping-arize.com\/\",\"logo\":{\"@type\":\"ImageObject\",\"inLanguage\":\"es-ES\",\"@id\":\"https:\/\/www.camping-arize.com\/#\/schema\/logo\/image\/\",\"url\":\"https:\/\/www.camping-arize.com\/wp-content\/uploads\/2024\/01\/logo.png\",\"contentUrl\":\"https:\/\/www.camping-arize.com\/wp-content\/uploads\/2024\/01\/logo.png\",\"width\":117,\"height\":93,\"caption\":\"Camping L'Arize\"},\"image\":{\"@id\":\"https:\/\/www.camping-arize.com\/#\/schema\/logo\/image\/\"}}]}<\/script>\n<!-- \/ Yoast SEO plugin. -->","yoast_head_json":{"title":"Camping 4 estrellas Ari\u00e8ge | Camping familiar en Ari\u00e8ge","description":"Disfruta de unas vacaciones en un camping de 4 estrellas en Ari\u00e8ge con instalaciones de alta gama para toda la familia en los Pirineos de Ari\u00e8ge.","robots":{"index":"index","follow":"follow","max-snippet":"max-snippet:-1","max-image-preview":"max-image-preview:large","max-video-preview":"max-video-preview:-1"},"canonical":"https:\/\/www.camping-arize.com\/es\/servicios-para-una-estancia-ideal-en-plena-naturaleza-en-ariege\/","og_locale":"es_ES","og_type":"article","og_title":"Camping 4 estrellas Ari\u00e8ge | Camping familiar en Ari\u00e8ge","og_description":"Disfruta de unas vacaciones en un camping de 4 estrellas en Ari\u00e8ge con instalaciones de alta gama para toda la familia en los Pirineos de Ari\u00e8ge.","og_url":"https:\/\/www.camping-arize.com\/es\/servicios-para-una-estancia-ideal-en-plena-naturaleza-en-ariege\/","og_site_name":"Camping L&#039;Arize","article_modified_time":"2024-09-21T16:13:32+00:00","og_image":[{"width":2560,"height":1440,"url":"https:\/\/www.camping-arize.com\/wp-content\/uploads\/2024\/04\/DJI_0022-scaled.jpg","type":"image\/jpeg"}],"twitter_card":"summary_large_image","schema":{"@context":"https:\/\/schema.org","@graph":[{"@type":"WebPage","@id":"https:\/\/www.camping-arize.com\/es\/servicios-para-una-estancia-ideal-en-plena-naturaleza-en-ariege\/","url":"https:\/\/www.camping-arize.com\/es\/servicios-para-una-estancia-ideal-en-plena-naturaleza-en-ariege\/","name":"Camping 4 estrellas Ari\u00e8ge | Camping familiar en Ari\u00e8ge","isPartOf":{"@id":"https:\/\/www.camping-arize.com\/#website"},"primaryImageOfPage":{"@id":"https:\/\/www.camping-arize.com\/es\/servicios-para-una-estancia-ideal-en-plena-naturaleza-en-ariege\/#primaryimage"},"image":{"@id":"https:\/\/www.camping-arize.com\/es\/servicios-para-una-estancia-ideal-en-plena-naturaleza-en-ariege\/#primaryimage"},"thumbnailUrl":"https:\/\/www.camping-arize.com\/wp-content\/uploads\/2024\/04\/DJI_0022-scaled.jpg","datePublished":"2024-04-26T09:38:18+00:00","dateModified":"2024-09-21T16:13:32+00:00","description":"Disfruta de unas vacaciones en un camping de 4 estrellas en Ari\u00e8ge con instalaciones de alta gama para toda la familia en los Pirineos de Ari\u00e8ge.","breadcrumb":{"@id":"https:\/\/www.camping-arize.com\/es\/servicios-para-una-estancia-ideal-en-plena-naturaleza-en-ariege\/#breadcrumb"},"inLanguage":"es-ES","potentialAction":[{"@type":"ReadAction","target":["https:\/\/www.camping-arize.com\/es\/servicios-para-una-estancia-ideal-en-plena-naturaleza-en-ariege\/"]}]},{"@type":"ImageObject","inLanguage":"es-ES","@id":"https:\/\/www.camping-arize.com\/es\/servicios-para-una-estancia-ideal-en-plena-naturaleza-en-ariege\/#primaryimage","url":"https:\/\/www.camping-arize.com\/wp-content\/uploads\/2024\/04\/DJI_0022-scaled.jpg","contentUrl":"https:\/\/www.camping-arize.com\/wp-content\/uploads\/2024\/04\/DJI_0022-scaled.jpg","width":2560,"height":1440,"caption":"DCIM100MEDIADJI_0022.JPG"},{"@type":"BreadcrumbList","@id":"https:\/\/www.camping-arize.com\/es\/servicios-para-una-estancia-ideal-en-plena-naturaleza-en-ariege\/#breadcrumb","itemListElement":[{"@type":"ListItem","position":1,"name":"Camping Ari\u00e8ge","item":"https:\/\/www.camping-arize.com\/es\/inicio\/"},{"@type":"ListItem","position":2,"name":"Camping 4 estrellas con servicios en Ari\u00e8ge"}]},{"@type":"WebSite","@id":"https:\/\/www.camping-arize.com\/#website","url":"https:\/\/www.camping-arize.com\/","name":"Camping L'Arize","description":"Camping familial 4 \u00e9toiles en Ari\u00e8ge \u00e0 La Bastide-de-S\u00e9rou","publisher":{"@id":"https:\/\/www.camping-arize.com\/#organization"},"inLanguage":"es-ES"},{"@type":"Organization","@id":"https:\/\/www.camping-arize.com\/#organization","name":"Camping L'Arize","url":"https:\/\/www.camping-arize.com\/","logo":{"@type":"ImageObject","inLanguage":"es-ES","@id":"https:\/\/www.camping-arize.com\/#\/schema\/logo\/image\/","url":"https:\/\/www.camping-arize.com\/wp-content\/uploads\/2024\/01\/logo.png","contentUrl":"https:\/\/www.camping-arize.com\/wp-content\/uploads\/2024\/01\/logo.png","width":117,"height":93,"caption":"Camping L'Arize"},"image":{"@id":"https:\/\/www.camping-arize.com\/#\/schema\/logo\/image\/"}}]}},"_links":{"self":[{"href":"https:\/\/www.camping-arize.com\/es\/wp-json\/wp\/v2\/pages\/1152"}],"collection":[{"href":"https:\/\/www.camping-arize.com\/es\/wp-json\/wp\/v2\/pages"}],"about":[{"href":"https:\/\/www.camping-arize.com\/es\/wp-json\/wp\/v2\/types\/page"}],"author":[{"embeddable":true,"href":"https:\/\/www.camping-arize.com\/es\/wp-json\/wp\/v2\/users\/10"}],"replies":[{"embeddable":true,"href":"https:\/\/www.camping-arize.com\/es\/wp-json\/wp\/v2\/comments?post=1152"}],"version-history":[{"count":5,"href":"https:\/\/www.camping-arize.com\/es\/wp-json\/wp\/v2\/pages\/1152\/revisions"}],"predecessor-version":[{"id":2229,"href":"https:\/\/www.camping-arize.com\/es\/wp-json\/wp\/v2\/pages\/1152\/revisions\/2229"}],"wp:featuredmedia":[{"embeddable":true,"href":"https:\/\/www.camping-arize.com\/es\/wp-json\/wp\/v2\/media\/1898"}],"wp:attachment":[{"href":"https:\/\/www.camping-arize.com\/es\/wp-json\/wp\/v2\/media?parent=1152"}],"curies":[{"name":"wp","href":"https:\/\/api.w.org\/{rel}","templated":true}]}}