{"id":1167,"date":"2024-04-26T11:38:26","date_gmt":"2024-04-26T09:38:26","guid":{"rendered":"https:\/\/www.camping-arize.com\/la-historia-del-camping\/"},"modified":"2025-09-03T11:56:48","modified_gmt":"2025-09-03T09:56:48","slug":"camping-la-bastide-de-serou","status":"publish","type":"page","link":"https:\/\/www.camping-arize.com\/es\/camping-la-bastide-de-serou\/","title":{"rendered":"La historia del camping en La Bastide-de-S\u00e9rou"},"content":{"rendered":"\n<div class=\"wp-block-group\"><div class=\"wp-block-group__inner-container is-layout-constrained wp-block-group-is-layout-constrained\">\n<div class=\"wp-block-cover\" style=\"min-height:481px;aspect-ratio:unset;\"><span aria-hidden=\"true\" class=\"wp-block-cover__background has-background-dim-0 has-background-dim\" style=\"background-color:#5f552f\"><\/span><img loading=\"lazy\" decoding=\"async\" width=\"1920\" height=\"1440\" class=\"wp-block-cover__image-background wp-image-810\" alt=\"\" src=\"https:\/\/www.camping-arize.com\/wp-content\/uploads\/2024\/03\/riviere-enfants-arize-ariege.jpg\" style=\"object-position:52% 64%\" data-object-fit=\"cover\" data-object-position=\"52% 64%\" srcset=\"https:\/\/www.camping-arize.com\/wp-content\/uploads\/2024\/03\/riviere-enfants-arize-ariege.jpg 1920w, https:\/\/www.camping-arize.com\/wp-content\/uploads\/2024\/03\/riviere-enfants-arize-ariege-300x225.jpg 300w, https:\/\/www.camping-arize.com\/wp-content\/uploads\/2024\/03\/riviere-enfants-arize-ariege-1024x768.jpg 1024w, https:\/\/www.camping-arize.com\/wp-content\/uploads\/2024\/03\/riviere-enfants-arize-ariege-768x576.jpg 768w, https:\/\/www.camping-arize.com\/wp-content\/uploads\/2024\/03\/riviere-enfants-arize-ariege-1536x1152.jpg 1536w, https:\/\/www.camping-arize.com\/wp-content\/uploads\/2024\/03\/riviere-enfants-arize-ariege-277x208.jpg 277w\" sizes=\"(max-width: 1920px) 100vw, 1920px\" \/><div class=\"wp-block-cover__inner-container is-layout-constrained wp-block-cover-is-layout-constrained\">\n<p class=\"has-text-align-center has-large-font-size\"><\/p>\n<\/div><\/div>\n\n\n\n<div style=\"height:30px\" aria-hidden=\"true\" class=\"wp-block-spacer\"><\/div>\n\n\n\n<p class=\"mb-5\">Bienvenido al <strong>Camping l&#8217;Arize<\/strong>, un <strong>camping en La Bastide-de-S\u00e9rou<\/strong> fundado por St\u00e9phanie y C\u00e9dric en 2011. Imagina a una pareja apasionada por la naturaleza que deja atr\u00e1s la vida en la ciudad para hacer realidad su sue\u00f1o: crear un santuario de paz en la regi\u00f3n de Ari\u00e8ge. Aqu\u00ed, en este entorno verde, cada d\u00eda es una invitaci\u00f3n a relajarse y descubrir. D\u00e9jate hechizar por la historia de este <strong><a href=\"https:\/\/www.camping-arize.com\/es\/\">camping de Ari\u00e8ge<\/a><\/strong>donde la <strong>conservaci\u00f3n del medio ambiente<\/strong> y la <strong>biodiversidad<\/strong> est\u00e1n en el centro de cada proyecto.<\/p>\n\n\n\n<div style=\"height:150px\" aria-hidden=\"true\" class=\"wp-block-spacer\"><\/div>\n<\/div><\/div>\n\n<div class=\"wp-block-group\"><div class=\"wp-block-group__inner-container is-layout-constrained wp-block-group-is-layout-constrained\">\n<div class=\"wp-block-media-text is-stacked-on-mobile is-vertically-aligned-center is-image-fill mb-5\" style=\"grid-template-columns:54% auto\"><figure class=\"wp-block-media-text__media\" style=\"background-image:url(https:\/\/www.camping-arize.com\/wp-content\/uploads\/2024\/07\/RIVIERE-ARIEGE-OCCITANIE-576x1024.jpeg);background-position:68% 53%\"><img loading=\"lazy\" decoding=\"async\" width=\"576\" height=\"1024\" src=\"https:\/\/www.camping-arize.com\/wp-content\/uploads\/2024\/07\/RIVIERE-ARIEGE-OCCITANIE-576x1024.jpeg\" alt=\"Rivi\u00e8re l'Arize dans les Pyr\u00e9n\u00e9es \u00e0 La Bastide-de-S\u00e9rou en Ari\u00e8ge, Occitanie\" class=\"wp-image-1926 size-large\" srcset=\"https:\/\/www.camping-arize.com\/wp-content\/uploads\/2024\/07\/RIVIERE-ARIEGE-OCCITANIE-576x1024.jpeg 576w, https:\/\/www.camping-arize.com\/wp-content\/uploads\/2024\/07\/RIVIERE-ARIEGE-OCCITANIE-169x300.jpeg 169w, https:\/\/www.camping-arize.com\/wp-content\/uploads\/2024\/07\/RIVIERE-ARIEGE-OCCITANIE-768x1365.jpeg 768w, https:\/\/www.camping-arize.com\/wp-content\/uploads\/2024\/07\/RIVIERE-ARIEGE-OCCITANIE-864x1536.jpeg 864w, https:\/\/www.camping-arize.com\/wp-content\/uploads\/2024\/07\/RIVIERE-ARIEGE-OCCITANIE-1152x2048.jpeg 1152w, https:\/\/www.camping-arize.com\/wp-content\/uploads\/2024\/07\/RIVIERE-ARIEGE-OCCITANIE-117x208.jpeg 117w, https:\/\/www.camping-arize.com\/wp-content\/uploads\/2024\/07\/RIVIERE-ARIEGE-OCCITANIE-scaled.jpeg 1440w\" sizes=\"(max-width: 576px) 100vw, 576px\" \/><\/figure><div class=\"wp-block-media-text__content\">\n<h2 class=\"wp-block-heading has-vivid-cyan-blue-color has-text-color has-link-color wp-elements-ec1837261000a91a038b3404ba08f31d\">El encuentro : La aventura comienza en el camping L&#8217;Arize, en La Bastide-de-S\u00e9rou<\/h2>\n\n\n\n<div style=\"height:25px\" aria-hidden=\"true\" class=\"wp-block-spacer\"><\/div>\n\n\n\n<p>\u00a1Bienvenido al mundo del <strong>camping L&#8217;Arize en La Bastide-de-S\u00e9rou<\/strong>!<\/p>\n\n\n\n<p>Nuestra aventura comenz\u00f3 en 2011 en los Alpes Mar\u00edtimos, donde nuestros caminos se cruzaron. St\u00e9phanie, con 10 a\u00f1os de experiencia en<strong>hosteler\u00eda<\/strong> en el vibrante coraz\u00f3n de Niza, conoci\u00f3 a C\u00e9dric, prot\u00e9sico dental en M\u00f3naco. Este encuentro marc\u00f3 el comienzo de una hermosa historia, la de dos amantes de la vida y la sencillez.<\/p>\n\n\n\n<p>La llegada de nuestro hijo Charles fue un punto de inflexi\u00f3n decisivo en nuestras vidas. Sent\u00edamos la necesidad de dejar atr\u00e1s el estr\u00e9s de la ciudad y ofrecer a nuestra familia un entorno m\u00e1s natural y sereno.<\/p>\n\n\n\n<p>Cambiar nuestras vidas para estar m\u00e1s cerca de la naturaleza fue una elecci\u00f3n obvia para nosotros. Tras meses de reflexi\u00f3n y visitas a varios campings, el azar nos llev\u00f3 <strong>al Camping L&#8217;Arize<\/strong>, enclavado en el coraz\u00f3n de la espl\u00e9ndida campi\u00f1a<strong>de Ari\u00e8ge<\/strong>. Fue amor a primera vista. El camping nos atrajo inmediatamente por su belleza natural: \u00e1rboles majestuosos, flores magn\u00edficas, un r\u00edo balbuceante y vastos espacios abiertos donde alejarse de todo. Entonces supimos que era aqu\u00ed, en este remanso de paz, donde realizar\u00edamos nuestro sue\u00f1o.<\/p>\n\n\n\n<p>Este camping ofrec\u00eda todo lo que busc\u00e1bamos: un entorno natural intacto, un ambiente familiar y, sobre todo, infinitas posibilidades para desarrollar nuestra visi\u00f3n.<\/p>\n<\/div><\/div>\n\n\n\n<div style=\"height:150px\" aria-hidden=\"true\" class=\"wp-block-spacer\"><\/div>\n<\/div><\/div>\n\n<div class=\"wp-block-group\"><div class=\"wp-block-group__inner-container is-layout-constrained wp-block-group-is-layout-constrained\">\n<div class=\"wp-block-media-text has-media-on-the-right is-stacked-on-mobile is-vertically-aligned-center is-image-fill mb-5\" style=\"grid-template-columns:auto 41%\"><div class=\"wp-block-media-text__content\">\n<h2 class=\"wp-block-heading has-vivid-cyan-blue-color has-text-color has-link-color wp-elements-ed5ea218e5f7a1f3777435b8faeacf65\">La recuperaci\u00f3n<\/h2>\n\n\n\n<div style=\"height:25px\" aria-hidden=\"true\" class=\"wp-block-spacer\"><\/div>\n\n\n\n<p class=\"has-text-align-left\">Desde que <strong>nos hicimos cargo del Camping L&#8217;Arize<\/strong>, cada d\u00eda ha sido una aventura emocionante. Hemos puesto todo nuestro coraz\u00f3n, pasi\u00f3n y entusiasmo en este proyecto tan cercano a nuestros corazones. Cada sonrisa en la cara de nuestros <strong>invitados<\/strong>, cada risa de los ni\u00f1os, cada momento de compartir nos confirma que hemos tomado la decisi\u00f3n correcta. <\/p>\n\n\n\n<p class=\"has-text-align-left\">Hoy nos enorgullece darte la bienvenida <strong>al Camping l&#8217;Arize<\/strong>, un camping ecorresponsable con la etiqueta <a href=\"https:\/\/www.laclefverte.org\/le-label\/les-criteres-du-label-clef-verte\/\">Llave<\/a> Verde, un lugar donde reina la naturaleza, donde los d\u00edas est\u00e1n salpicados por el canto de los p\u00e1jaros y el murmullo del r\u00edo. Tanto si buscas relax, aventura o simplemente pasarlo bien con la familia, aqu\u00ed encontrar\u00e1s todo lo que necesitas para unas <strong>vacaciones inolvidables<\/strong>.<\/p>\n\n\n\n<p class=\"has-text-align-left\">Te invitamos a descubrir con nosotros los <strong>encantos del Ari\u00e8ge<\/strong>, un departamento rico en naturaleza, historia y cultura. Explora sus <strong>cuevas prehist\u00f3ricas<\/strong>, <strong>castillos c\u00e1taros<\/strong>, <strong>ciudades medievales<\/strong> e <strong>iglesias rom\u00e1nicas<\/strong>. Date un refrescante chapuz\u00f3n en las aguas blancas y disfruta de unos <strong>momentos sencillos<\/strong> en un entorno excepcional.<\/p>\n<\/div><figure class=\"wp-block-media-text__media\" style=\"background-image:url(https:\/\/www.camping-arize.com\/wp-content\/uploads\/2024\/03\/riviere-arize-ariege-1024x768.jpg);background-position:53% 88%\"><img loading=\"lazy\" decoding=\"async\" width=\"1024\" height=\"768\" src=\"https:\/\/www.camping-arize.com\/wp-content\/uploads\/2024\/03\/riviere-arize-ariege-1024x768.jpg\" alt=\"Camping de ribera en el Ari\u00e8ge.\" class=\"wp-image-798 size-large\" srcset=\"https:\/\/www.camping-arize.com\/wp-content\/uploads\/2024\/03\/riviere-arize-ariege-1024x768.jpg 1024w, https:\/\/www.camping-arize.com\/wp-content\/uploads\/2024\/03\/riviere-arize-ariege-300x225.jpg 300w, https:\/\/www.camping-arize.com\/wp-content\/uploads\/2024\/03\/riviere-arize-ariege-768x576.jpg 768w, https:\/\/www.camping-arize.com\/wp-content\/uploads\/2024\/03\/riviere-arize-ariege-1536x1152.jpg 1536w, https:\/\/www.camping-arize.com\/wp-content\/uploads\/2024\/03\/riviere-arize-ariege-277x208.jpg 277w, https:\/\/www.camping-arize.com\/wp-content\/uploads\/2024\/03\/riviere-arize-ariege.jpg 1920w\" sizes=\"(max-width: 1024px) 100vw, 1024px\" \/><\/figure><\/div>\n<\/div><\/div>\n\n<div style=\"height:150px\" aria-hidden=\"true\" class=\"wp-block-spacer\"><\/div>\n\n<div class=\"wp-block-cover\"><span aria-hidden=\"true\" class=\"wp-block-cover__background has-background-dim\" style=\"background-color:#717652\"><\/span><img loading=\"lazy\" decoding=\"async\" width=\"2560\" height=\"1707\" class=\"wp-block-cover__image-background wp-image-1704\" alt=\"Location de mobil-home au camping en Ari\u00e8ge.\" src=\"https:\/\/www.camping-arize.com\/wp-content\/uploads\/2024\/02\/sans-titre-58-scaled.jpg\" style=\"object-position:45% 68%\" data-object-fit=\"cover\" data-object-position=\"45% 68%\" srcset=\"https:\/\/www.camping-arize.com\/wp-content\/uploads\/2024\/02\/sans-titre-58-scaled.jpg 2560w, https:\/\/www.camping-arize.com\/wp-content\/uploads\/2024\/02\/sans-titre-58-300x200.jpg 300w, https:\/\/www.camping-arize.com\/wp-content\/uploads\/2024\/02\/sans-titre-58-1024x683.jpg 1024w, https:\/\/www.camping-arize.com\/wp-content\/uploads\/2024\/02\/sans-titre-58-768x512.jpg 768w, https:\/\/www.camping-arize.com\/wp-content\/uploads\/2024\/02\/sans-titre-58-1536x1024.jpg 1536w, https:\/\/www.camping-arize.com\/wp-content\/uploads\/2024\/02\/sans-titre-58-2048x1365.jpg 2048w, https:\/\/www.camping-arize.com\/wp-content\/uploads\/2024\/02\/sans-titre-58-312x208.jpg 312w, https:\/\/www.camping-arize.com\/wp-content\/uploads\/2024\/02\/sans-titre-58-417x279.jpg 417w\" sizes=\"(max-width: 2560px) 100vw, 2560px\" \/><div class=\"wp-block-cover__inner-container is-layout-constrained wp-block-cover-is-layout-constrained\">\n<p class=\"has-text-align-center has-large-font-size\"><\/p>\n<\/div><\/div>\n\n<h2 class=\"wp-block-heading has-text-align-center has-vivid-cyan-blue-color has-text-color has-link-color wp-elements-33aef63a2a58495049313fad00643f09\">El futuro del camping L&#8217;Arize en Ari\u00e8ge<\/h2>\n\n<div style=\"height:25px\" aria-hidden=\"true\" class=\"wp-block-spacer\"><\/div>\n\n<p class=\"has-text-align-left\">Siempre hemos sido amantes de <strong>la naturaleza<\/strong> y <strong>los animales<\/strong>, y ah\u00ed es donde nos gustar\u00eda llevar nuestro <strong>camping<\/strong> en el futuro. Planeamos crear un <strong>parque en el coraz\u00f3n de nuestro bosque de 3 hect\u00e1reas<\/strong>, un santuario dedicado a la <strong>biodiversidad<\/strong>, con <strong>observatorios<\/strong> y <strong>santuarios de aves<\/strong>. El parque ser\u00eda un refugio para la <strong>fauna local<\/strong>, proporcionando espacios seguros para que las aves aniden y descansen. Los <strong>observatorios<\/strong> bien situados permitir\u00e1n a <strong>los campistas<\/strong> y veraneantes contemplar de cerca la <strong>vida animal<\/strong> que prospera en nuestro camping.<\/p>\n\n<p>Pensamos en <strong>senderos tra<\/strong> zados por todo el parque, que inviten a los paseantes a explorar y admirar la <strong>diversidad de especies<\/strong> vegetales gracias a carteles explicativos. Cada paso ser\u00eda una oportunidad para acercarse a la naturaleza y aprender. Los amantes de las aves encontrar\u00e1n un aut\u00e9ntico para\u00edso con <strong>especies locales<\/strong> y migratorias, cajas nido para acoger a sus emplumadas familias y comederos bien surtidos para observarlas en su <strong>h\u00e1bitat natural<\/strong>. Tambi\u00e9n estamos planificando zonas de relajaci\u00f3n dentro del parque, donde los visitantes puedan sentarse, descansar y simplemente escuchar las melod\u00edas de la naturaleza que les rodea.<\/p>\n\n<p>Nuestro objetivo es crear un fuerte v\u00ednculo entre los <strong>campistas<\/strong> y el mundo <strong>natural<\/strong> que nos rodea, ofreciendo una <strong>zona virgen en la que se valora y respeta la biodiversidad<\/strong>. Esperamos que este parque se convierta en un <strong>lugar de descubrimiento<\/strong>, asombro y relajaci\u00f3n para todos los que vengan a alojarse en el <strong>Camping l&#8217;Arize<\/strong>. \u00a1Permanece atento!<\/p>\n\n<p>Esperamos darte pronto la bienvenida <strong>al camping L&#8217;Arize<\/strong>, en La Bastide-de-S\u00e9rou.<\/p>\n\n<p class=\"has-text-align-right\"><em>St\u00e9phanie y C\u00e9dric<\/em><\/p>\n","protected":false},"excerpt":{"rendered":"<p>Bienvenido al Camping l&#8217;Arize, un camping en La Bastide-de-S\u00e9rou fundado por St\u00e9phanie y C\u00e9dric en 2011. Imagina a una pareja apasionada por la naturaleza que deja atr\u00e1s la vida en la ciudad para hacer realidad su sue\u00f1o: crear un santuario de paz en la regi\u00f3n de Ari\u00e8ge. Aqu\u00ed, en este entorno verde, cada d\u00eda es [&hellip;]<\/p>\n","protected":false},"author":10,"featured_media":1719,"parent":0,"menu_order":0,"comment_status":"closed","ping_status":"closed","template":"","meta":{"_acf_changed":false,"footnotes":""},"acf":[],"yoast_head":"<!-- This site is optimized with the Yoast SEO plugin v22.5 - https:\/\/yoast.com\/wordpress\/plugins\/seo\/ -->\n<title>Camping La Bastide-de-S\u00e9rou | Historia del camping L&#039;Arize<\/title>\n<meta name=\"description\" content=\"Sum\u00e9rgete en la historia del camping L&#039;Arize en La Bastide-de-S\u00e9rou: historia, desarrollo, valores para unas vacaciones inolvidables en Ari\u00e8ge.\" \/>\n<meta name=\"robots\" content=\"index, follow, max-snippet:-1, max-image-preview:large, max-video-preview:-1\" \/>\n<link rel=\"canonical\" href=\"https:\/\/www.camping-arize.com\/es\/camping-la-bastide-de-serou\/\" \/>\n<meta property=\"og:locale\" content=\"es_ES\" \/>\n<meta property=\"og:type\" content=\"article\" \/>\n<meta property=\"og:title\" content=\"Camping La Bastide-de-S\u00e9rou | Historia del camping L&#039;Arize\" \/>\n<meta property=\"og:description\" content=\"Sum\u00e9rgete en la historia del camping L&#039;Arize en La Bastide-de-S\u00e9rou: historia, desarrollo, valores para unas vacaciones inolvidables en Ari\u00e8ge.\" \/>\n<meta property=\"og:url\" content=\"https:\/\/www.camping-arize.com\/es\/camping-la-bastide-de-serou\/\" \/>\n<meta property=\"og:site_name\" content=\"Camping L&#039;Arize\" \/>\n<meta property=\"article:modified_time\" content=\"2025-09-03T09:56:48+00:00\" \/>\n<meta property=\"og:image\" content=\"https:\/\/www.camping-arize.com\/wp-content\/uploads\/2024\/02\/sans-titre-125-Avec-accentuation-Bruit-scaled.jpg\" \/>\n\t<meta property=\"og:image:width\" content=\"2560\" \/>\n\t<meta property=\"og:image:height\" content=\"1707\" \/>\n\t<meta property=\"og:image:type\" content=\"image\/jpeg\" \/>\n<meta name=\"twitter:card\" content=\"summary_large_image\" \/>\n<script type=\"application\/ld+json\" class=\"yoast-schema-graph\">{\"@context\":\"https:\/\/schema.org\",\"@graph\":[{\"@type\":\"WebPage\",\"@id\":\"https:\/\/www.camping-arize.com\/es\/camping-la-bastide-de-serou\/\",\"url\":\"https:\/\/www.camping-arize.com\/es\/camping-la-bastide-de-serou\/\",\"name\":\"Camping La Bastide-de-S\u00e9rou | Historia del camping L'Arize\",\"isPartOf\":{\"@id\":\"https:\/\/www.camping-arize.com\/#website\"},\"primaryImageOfPage\":{\"@id\":\"https:\/\/www.camping-arize.com\/es\/camping-la-bastide-de-serou\/#primaryimage\"},\"image\":{\"@id\":\"https:\/\/www.camping-arize.com\/es\/camping-la-bastide-de-serou\/#primaryimage\"},\"thumbnailUrl\":\"https:\/\/www.camping-arize.com\/wp-content\/uploads\/2024\/02\/sans-titre-125-Avec-accentuation-Bruit-scaled.jpg\",\"datePublished\":\"2024-04-26T09:38:26+00:00\",\"dateModified\":\"2025-09-03T09:56:48+00:00\",\"description\":\"Sum\u00e9rgete en la historia del camping L'Arize en La Bastide-de-S\u00e9rou: historia, desarrollo, valores para unas vacaciones inolvidables en Ari\u00e8ge.\",\"breadcrumb\":{\"@id\":\"https:\/\/www.camping-arize.com\/es\/camping-la-bastide-de-serou\/#breadcrumb\"},\"inLanguage\":\"es-ES\",\"potentialAction\":[{\"@type\":\"ReadAction\",\"target\":[\"https:\/\/www.camping-arize.com\/es\/camping-la-bastide-de-serou\/\"]}]},{\"@type\":\"ImageObject\",\"inLanguage\":\"es-ES\",\"@id\":\"https:\/\/www.camping-arize.com\/es\/camping-la-bastide-de-serou\/#primaryimage\",\"url\":\"https:\/\/www.camping-arize.com\/wp-content\/uploads\/2024\/02\/sans-titre-125-Avec-accentuation-Bruit-scaled.jpg\",\"contentUrl\":\"https:\/\/www.camping-arize.com\/wp-content\/uploads\/2024\/02\/sans-titre-125-Avec-accentuation-Bruit-scaled.jpg\",\"width\":2560,\"height\":1707},{\"@type\":\"BreadcrumbList\",\"@id\":\"https:\/\/www.camping-arize.com\/es\/camping-la-bastide-de-serou\/#breadcrumb\",\"itemListElement\":[{\"@type\":\"ListItem\",\"position\":1,\"name\":\"Camping Ari\u00e8ge\",\"item\":\"https:\/\/www.camping-arize.com\/es\/\"},{\"@type\":\"ListItem\",\"position\":2,\"name\":\"La historia del camping de La Bastide-de-S\u00e9rou\"}]},{\"@type\":\"WebSite\",\"@id\":\"https:\/\/www.camping-arize.com\/#website\",\"url\":\"https:\/\/www.camping-arize.com\/\",\"name\":\"Camping L'Arize\",\"description\":\"Camping familial 4 \u00e9toiles en Ari\u00e8ge \u00e0 La Bastide-de-S\u00e9rou\",\"publisher\":{\"@id\":\"https:\/\/www.camping-arize.com\/#organization\"},\"inLanguage\":\"es-ES\"},{\"@type\":\"Organization\",\"@id\":\"https:\/\/www.camping-arize.com\/#organization\",\"name\":\"Camping L'Arize\",\"url\":\"https:\/\/www.camping-arize.com\/\",\"logo\":{\"@type\":\"ImageObject\",\"inLanguage\":\"es-ES\",\"@id\":\"https:\/\/www.camping-arize.com\/#\/schema\/logo\/image\/\",\"url\":\"https:\/\/www.camping-arize.com\/wp-content\/uploads\/2024\/01\/logo.png\",\"contentUrl\":\"https:\/\/www.camping-arize.com\/wp-content\/uploads\/2024\/01\/logo.png\",\"width\":117,\"height\":93,\"caption\":\"Camping L'Arize\"},\"image\":{\"@id\":\"https:\/\/www.camping-arize.com\/#\/schema\/logo\/image\/\"}}]}<\/script>\n<!-- \/ Yoast SEO plugin. -->","yoast_head_json":{"title":"Camping La Bastide-de-S\u00e9rou | Historia del camping L'Arize","description":"Sum\u00e9rgete en la historia del camping L'Arize en La Bastide-de-S\u00e9rou: historia, desarrollo, valores para unas vacaciones inolvidables en Ari\u00e8ge.","robots":{"index":"index","follow":"follow","max-snippet":"max-snippet:-1","max-image-preview":"max-image-preview:large","max-video-preview":"max-video-preview:-1"},"canonical":"https:\/\/www.camping-arize.com\/es\/camping-la-bastide-de-serou\/","og_locale":"es_ES","og_type":"article","og_title":"Camping La Bastide-de-S\u00e9rou | Historia del camping L'Arize","og_description":"Sum\u00e9rgete en la historia del camping L'Arize en La Bastide-de-S\u00e9rou: historia, desarrollo, valores para unas vacaciones inolvidables en Ari\u00e8ge.","og_url":"https:\/\/www.camping-arize.com\/es\/camping-la-bastide-de-serou\/","og_site_name":"Camping L&#039;Arize","article_modified_time":"2025-09-03T09:56:48+00:00","og_image":[{"width":2560,"height":1707,"url":"https:\/\/www.camping-arize.com\/wp-content\/uploads\/2024\/02\/sans-titre-125-Avec-accentuation-Bruit-scaled.jpg","type":"image\/jpeg"}],"twitter_card":"summary_large_image","schema":{"@context":"https:\/\/schema.org","@graph":[{"@type":"WebPage","@id":"https:\/\/www.camping-arize.com\/es\/camping-la-bastide-de-serou\/","url":"https:\/\/www.camping-arize.com\/es\/camping-la-bastide-de-serou\/","name":"Camping La Bastide-de-S\u00e9rou | Historia del camping L'Arize","isPartOf":{"@id":"https:\/\/www.camping-arize.com\/#website"},"primaryImageOfPage":{"@id":"https:\/\/www.camping-arize.com\/es\/camping-la-bastide-de-serou\/#primaryimage"},"image":{"@id":"https:\/\/www.camping-arize.com\/es\/camping-la-bastide-de-serou\/#primaryimage"},"thumbnailUrl":"https:\/\/www.camping-arize.com\/wp-content\/uploads\/2024\/02\/sans-titre-125-Avec-accentuation-Bruit-scaled.jpg","datePublished":"2024-04-26T09:38:26+00:00","dateModified":"2025-09-03T09:56:48+00:00","description":"Sum\u00e9rgete en la historia del camping L'Arize en La Bastide-de-S\u00e9rou: historia, desarrollo, valores para unas vacaciones inolvidables en Ari\u00e8ge.","breadcrumb":{"@id":"https:\/\/www.camping-arize.com\/es\/camping-la-bastide-de-serou\/#breadcrumb"},"inLanguage":"es-ES","potentialAction":[{"@type":"ReadAction","target":["https:\/\/www.camping-arize.com\/es\/camping-la-bastide-de-serou\/"]}]},{"@type":"ImageObject","inLanguage":"es-ES","@id":"https:\/\/www.camping-arize.com\/es\/camping-la-bastide-de-serou\/#primaryimage","url":"https:\/\/www.camping-arize.com\/wp-content\/uploads\/2024\/02\/sans-titre-125-Avec-accentuation-Bruit-scaled.jpg","contentUrl":"https:\/\/www.camping-arize.com\/wp-content\/uploads\/2024\/02\/sans-titre-125-Avec-accentuation-Bruit-scaled.jpg","width":2560,"height":1707},{"@type":"BreadcrumbList","@id":"https:\/\/www.camping-arize.com\/es\/camping-la-bastide-de-serou\/#breadcrumb","itemListElement":[{"@type":"ListItem","position":1,"name":"Camping Ari\u00e8ge","item":"https:\/\/www.camping-arize.com\/es\/"},{"@type":"ListItem","position":2,"name":"La historia del camping de La Bastide-de-S\u00e9rou"}]},{"@type":"WebSite","@id":"https:\/\/www.camping-arize.com\/#website","url":"https:\/\/www.camping-arize.com\/","name":"Camping L'Arize","description":"Camping familial 4 \u00e9toiles en Ari\u00e8ge \u00e0 La Bastide-de-S\u00e9rou","publisher":{"@id":"https:\/\/www.camping-arize.com\/#organization"},"inLanguage":"es-ES"},{"@type":"Organization","@id":"https:\/\/www.camping-arize.com\/#organization","name":"Camping L'Arize","url":"https:\/\/www.camping-arize.com\/","logo":{"@type":"ImageObject","inLanguage":"es-ES","@id":"https:\/\/www.camping-arize.com\/#\/schema\/logo\/image\/","url":"https:\/\/www.camping-arize.com\/wp-content\/uploads\/2024\/01\/logo.png","contentUrl":"https:\/\/www.camping-arize.com\/wp-content\/uploads\/2024\/01\/logo.png","width":117,"height":93,"caption":"Camping L'Arize"},"image":{"@id":"https:\/\/www.camping-arize.com\/#\/schema\/logo\/image\/"}}]}},"_links":{"self":[{"href":"https:\/\/www.camping-arize.com\/es\/wp-json\/wp\/v2\/pages\/1167"}],"collection":[{"href":"https:\/\/www.camping-arize.com\/es\/wp-json\/wp\/v2\/pages"}],"about":[{"href":"https:\/\/www.camping-arize.com\/es\/wp-json\/wp\/v2\/types\/page"}],"author":[{"embeddable":true,"href":"https:\/\/www.camping-arize.com\/es\/wp-json\/wp\/v2\/users\/10"}],"replies":[{"embeddable":true,"href":"https:\/\/www.camping-arize.com\/es\/wp-json\/wp\/v2\/comments?post=1167"}],"version-history":[{"count":4,"href":"https:\/\/www.camping-arize.com\/es\/wp-json\/wp\/v2\/pages\/1167\/revisions"}],"predecessor-version":[{"id":2922,"href":"https:\/\/www.camping-arize.com\/es\/wp-json\/wp\/v2\/pages\/1167\/revisions\/2922"}],"wp:featuredmedia":[{"embeddable":true,"href":"https:\/\/www.camping-arize.com\/es\/wp-json\/wp\/v2\/media\/1719"}],"wp:attachment":[{"href":"https:\/\/www.camping-arize.com\/es\/wp-json\/wp\/v2\/media?parent=1167"}],"curies":[{"name":"wp","href":"https:\/\/api.w.org\/{rel}","templated":true}]}}