{"id":1214,"date":"2024-04-26T11:38:42","date_gmt":"2024-04-26T09:38:42","guid":{"rendered":"https:\/\/www.camping-arize.com\/explora-los-momentos-capturados-en-nuestra-fototeca\/"},"modified":"2024-07-15T12:04:25","modified_gmt":"2024-07-15T10:04:25","slug":"explora-los-momentos-capturados-en-nuestra-fototeca","status":"publish","type":"page","link":"https:\/\/www.camping-arize.com\/es\/explora-los-momentos-capturados-en-nuestra-fototeca\/","title":{"rendered":"Galer\u00eda de fotos de nuestro camping en Ari\u00e8ge"},"content":{"rendered":"\n<p>Explora la <strong>galer\u00eda de fotos<\/strong> de nuestro <strong><a href=\"https:\/\/www.camping-arize.com\/es\/\">camping en Ari\u00e8ge<\/a><\/strong> y nuestras actividades de temporada. Haz un viaje pict\u00f3rico al <strong>Camping L&#8217;Arize en La Bastide-de-S\u00e9rou<\/strong> y vive la esencia misma de unas<strong>vacaciones en los Pirineos del Ariege<\/strong>.<\/p>\n\n<div style=\"height:50px\" aria-hidden=\"true\" class=\"wp-block-spacer\"><\/div>\n\n<figure class=\"wp-block-gallery has-nested-images columns-default is-cropped wp-block-gallery-1 is-layout-flex wp-block-gallery-is-layout-flex\">\n<figure class=\"wp-block-image size-large\"><a href=\"https:\/\/www.camping-arize.com\/wp-content\/uploads\/2024\/03\/riviere-arize-ariege-1024x768.jpg\"><img loading=\"lazy\" decoding=\"async\" width=\"1024\" height=\"768\" data-id=\"798\" src=\"https:\/\/www.camping-arize.com\/wp-content\/uploads\/2024\/03\/riviere-arize-ariege-1024x768.jpg\" alt=\"\" class=\"wp-image-798\" srcset=\"https:\/\/www.camping-arize.com\/wp-content\/uploads\/2024\/03\/riviere-arize-ariege-1024x768.jpg 1024w, https:\/\/www.camping-arize.com\/wp-content\/uploads\/2024\/03\/riviere-arize-ariege-300x225.jpg 300w, https:\/\/www.camping-arize.com\/wp-content\/uploads\/2024\/03\/riviere-arize-ariege-768x576.jpg 768w, https:\/\/www.camping-arize.com\/wp-content\/uploads\/2024\/03\/riviere-arize-ariege-1536x1152.jpg 1536w, https:\/\/www.camping-arize.com\/wp-content\/uploads\/2024\/03\/riviere-arize-ariege-277x208.jpg 277w, https:\/\/www.camping-arize.com\/wp-content\/uploads\/2024\/03\/riviere-arize-ariege.jpg 1920w\" sizes=\"(max-width: 1024px) 100vw, 1024px\" \/><\/a><\/figure>\n\n\n\n<figure class=\"wp-block-image size-large\"><a href=\"https:\/\/www.camping-arize.com\/wp-content\/uploads\/2024\/03\/riviere-arize-ariege-2-576x1024.jpg\"><img loading=\"lazy\" decoding=\"async\" width=\"576\" height=\"1024\" data-id=\"800\" src=\"https:\/\/www.camping-arize.com\/wp-content\/uploads\/2024\/03\/riviere-arize-ariege-2-576x1024.jpg\" alt=\"\" class=\"wp-image-800\" srcset=\"https:\/\/www.camping-arize.com\/wp-content\/uploads\/2024\/03\/riviere-arize-ariege-2-576x1024.jpg 576w, https:\/\/www.camping-arize.com\/wp-content\/uploads\/2024\/03\/riviere-arize-ariege-2-169x300.jpg 169w, https:\/\/www.camping-arize.com\/wp-content\/uploads\/2024\/03\/riviere-arize-ariege-2-117x208.jpg 117w, https:\/\/www.camping-arize.com\/wp-content\/uploads\/2024\/03\/riviere-arize-ariege-2.jpg 750w\" sizes=\"(max-width: 576px) 100vw, 576px\" \/><\/a><\/figure>\n\n\n\n<figure class=\"wp-block-image size-large\"><a href=\"https:\/\/www.camping-arize.com\/wp-content\/uploads\/2024\/03\/riviere-arize-ariege-3-576x1024.jpg\"><img loading=\"lazy\" decoding=\"async\" width=\"576\" height=\"1024\" data-id=\"802\" src=\"https:\/\/www.camping-arize.com\/wp-content\/uploads\/2024\/03\/riviere-arize-ariege-3-576x1024.jpg\" alt=\"\" class=\"wp-image-802\" srcset=\"https:\/\/www.camping-arize.com\/wp-content\/uploads\/2024\/03\/riviere-arize-ariege-3-576x1024.jpg 576w, https:\/\/www.camping-arize.com\/wp-content\/uploads\/2024\/03\/riviere-arize-ariege-3-169x300.jpg 169w, https:\/\/www.camping-arize.com\/wp-content\/uploads\/2024\/03\/riviere-arize-ariege-3-117x208.jpg 117w, https:\/\/www.camping-arize.com\/wp-content\/uploads\/2024\/03\/riviere-arize-ariege-3.jpg 750w\" sizes=\"(max-width: 576px) 100vw, 576px\" \/><\/a><\/figure>\n\n\n\n<figure class=\"wp-block-image size-large\"><a href=\"https:\/\/www.camping-arize.com\/wp-content\/uploads\/2024\/03\/pataugeoire-arize-ariege-1024x768.jpg\"><img loading=\"lazy\" decoding=\"async\" width=\"1024\" height=\"768\" data-id=\"804\" src=\"https:\/\/www.camping-arize.com\/wp-content\/uploads\/2024\/03\/pataugeoire-arize-ariege-1024x768.jpg\" alt=\"\" class=\"wp-image-804\" srcset=\"https:\/\/www.camping-arize.com\/wp-content\/uploads\/2024\/03\/pataugeoire-arize-ariege-1024x768.jpg 1024w, https:\/\/www.camping-arize.com\/wp-content\/uploads\/2024\/03\/pataugeoire-arize-ariege-300x225.jpg 300w, https:\/\/www.camping-arize.com\/wp-content\/uploads\/2024\/03\/pataugeoire-arize-ariege-768x576.jpg 768w, https:\/\/www.camping-arize.com\/wp-content\/uploads\/2024\/03\/pataugeoire-arize-ariege-1536x1152.jpg 1536w, https:\/\/www.camping-arize.com\/wp-content\/uploads\/2024\/03\/pataugeoire-arize-ariege-277x208.jpg 277w, https:\/\/www.camping-arize.com\/wp-content\/uploads\/2024\/03\/pataugeoire-arize-ariege.jpg 1920w\" sizes=\"(max-width: 1024px) 100vw, 1024px\" \/><\/a><\/figure>\n\n\n\n<figure class=\"wp-block-image size-large\"><a href=\"https:\/\/www.camping-arize.com\/wp-content\/uploads\/2024\/03\/piscine-enfant-arize-ariege-1024x768.jpg\"><img loading=\"lazy\" decoding=\"async\" width=\"1024\" height=\"768\" data-id=\"806\" src=\"https:\/\/www.camping-arize.com\/wp-content\/uploads\/2024\/03\/piscine-enfant-arize-ariege-1024x768.jpg\" alt=\"\" class=\"wp-image-806\" srcset=\"https:\/\/www.camping-arize.com\/wp-content\/uploads\/2024\/03\/piscine-enfant-arize-ariege-1024x768.jpg 1024w, https:\/\/www.camping-arize.com\/wp-content\/uploads\/2024\/03\/piscine-enfant-arize-ariege-300x225.jpg 300w, https:\/\/www.camping-arize.com\/wp-content\/uploads\/2024\/03\/piscine-enfant-arize-ariege-768x576.jpg 768w, https:\/\/www.camping-arize.com\/wp-content\/uploads\/2024\/03\/piscine-enfant-arize-ariege-1536x1152.jpg 1536w, https:\/\/www.camping-arize.com\/wp-content\/uploads\/2024\/03\/piscine-enfant-arize-ariege-277x208.jpg 277w, https:\/\/www.camping-arize.com\/wp-content\/uploads\/2024\/03\/piscine-enfant-arize-ariege.jpg 1920w\" sizes=\"(max-width: 1024px) 100vw, 1024px\" \/><\/a><\/figure>\n\n\n\n<figure class=\"wp-block-image size-large\"><a href=\"https:\/\/www.camping-arize.com\/wp-content\/uploads\/2024\/03\/concert-arize-ariege-1024x768.jpg\"><img loading=\"lazy\" decoding=\"async\" width=\"1024\" height=\"768\" data-id=\"808\" src=\"https:\/\/www.camping-arize.com\/wp-content\/uploads\/2024\/03\/concert-arize-ariege-1024x768.jpg\" alt=\"\" class=\"wp-image-808\" srcset=\"https:\/\/www.camping-arize.com\/wp-content\/uploads\/2024\/03\/concert-arize-ariege-1024x768.jpg 1024w, https:\/\/www.camping-arize.com\/wp-content\/uploads\/2024\/03\/concert-arize-ariege-300x225.jpg 300w, https:\/\/www.camping-arize.com\/wp-content\/uploads\/2024\/03\/concert-arize-ariege-768x576.jpg 768w, https:\/\/www.camping-arize.com\/wp-content\/uploads\/2024\/03\/concert-arize-ariege-1536x1152.jpg 1536w, https:\/\/www.camping-arize.com\/wp-content\/uploads\/2024\/03\/concert-arize-ariege-277x208.jpg 277w, https:\/\/www.camping-arize.com\/wp-content\/uploads\/2024\/03\/concert-arize-ariege.jpg 1920w\" sizes=\"(max-width: 1024px) 100vw, 1024px\" \/><\/a><\/figure>\n\n\n\n<figure class=\"wp-block-image size-large\"><a href=\"https:\/\/www.camping-arize.com\/wp-content\/uploads\/2024\/03\/riviere-enfants-arize-ariege-1024x768.jpg\"><img loading=\"lazy\" decoding=\"async\" width=\"1024\" height=\"768\" data-id=\"810\" src=\"https:\/\/www.camping-arize.com\/wp-content\/uploads\/2024\/03\/riviere-enfants-arize-ariege-1024x768.jpg\" alt=\"\" class=\"wp-image-810\" srcset=\"https:\/\/www.camping-arize.com\/wp-content\/uploads\/2024\/03\/riviere-enfants-arize-ariege-1024x768.jpg 1024w, https:\/\/www.camping-arize.com\/wp-content\/uploads\/2024\/03\/riviere-enfants-arize-ariege-300x225.jpg 300w, https:\/\/www.camping-arize.com\/wp-content\/uploads\/2024\/03\/riviere-enfants-arize-ariege-768x576.jpg 768w, https:\/\/www.camping-arize.com\/wp-content\/uploads\/2024\/03\/riviere-enfants-arize-ariege-1536x1152.jpg 1536w, https:\/\/www.camping-arize.com\/wp-content\/uploads\/2024\/03\/riviere-enfants-arize-ariege-277x208.jpg 277w, https:\/\/www.camping-arize.com\/wp-content\/uploads\/2024\/03\/riviere-enfants-arize-ariege.jpg 1920w\" sizes=\"(max-width: 1024px) 100vw, 1024px\" \/><\/a><\/figure>\n\n\n\n<figure class=\"wp-block-image size-large\"><a href=\"https:\/\/www.camping-arize.com\/wp-content\/uploads\/2024\/03\/piscine-arize-ariege-1024x768.jpg\"><img loading=\"lazy\" decoding=\"async\" width=\"1024\" height=\"768\" data-id=\"812\" src=\"https:\/\/www.camping-arize.com\/wp-content\/uploads\/2024\/03\/piscine-arize-ariege-1024x768.jpg\" alt=\"\" class=\"wp-image-812\" srcset=\"https:\/\/www.camping-arize.com\/wp-content\/uploads\/2024\/03\/piscine-arize-ariege-1024x768.jpg 1024w, https:\/\/www.camping-arize.com\/wp-content\/uploads\/2024\/03\/piscine-arize-ariege-300x225.jpg 300w, https:\/\/www.camping-arize.com\/wp-content\/uploads\/2024\/03\/piscine-arize-ariege-768x576.jpg 768w, https:\/\/www.camping-arize.com\/wp-content\/uploads\/2024\/03\/piscine-arize-ariege-1536x1152.jpg 1536w, https:\/\/www.camping-arize.com\/wp-content\/uploads\/2024\/03\/piscine-arize-ariege-277x208.jpg 277w, https:\/\/www.camping-arize.com\/wp-content\/uploads\/2024\/03\/piscine-arize-ariege.jpg 1920w\" sizes=\"(max-width: 1024px) 100vw, 1024px\" \/><\/a><\/figure>\n<\/figure>\n\n<div style=\"height:50px\" aria-hidden=\"true\" class=\"wp-block-spacer\"><\/div>\n\n<p>\u00bfTe han inspirado las <strong>fotos de nuestro camping en Ari\u00e8ge<\/strong>? <strong><a href=\"https:\/\/www.camping-arize.com\/es\/opiniones-y-comentarios-de-clientes-sobre-camping-larize-en-ariege\/\">Echa un vistazo a las opiniones de nuestros clientes<\/a><\/strong> y descubre por qu\u00e9 <strong>los veraneantes eligen alojarse en el Camping L&#8217;Arize<\/strong>.<\/p>\n","protected":false},"excerpt":{"rendered":"<p>Explora la galer\u00eda de fotos de nuestro camping en Ari\u00e8ge y nuestras actividades de temporada. Haz un viaje pict\u00f3rico al Camping L&#8217;Arize en La Bastide-de-S\u00e9rou y vive la esencia misma de unasvacaciones en los Pirineos del Ariege. \u00bfTe han inspirado las fotos de nuestro camping en Ari\u00e8ge? Echa un vistazo a las opiniones de nuestros [&hellip;]<\/p>\n","protected":false},"author":10,"featured_media":1215,"parent":0,"menu_order":0,"comment_status":"closed","ping_status":"closed","template":"","meta":{"_acf_changed":false,"footnotes":""},"acf":[],"yoast_head":"<!-- This site is optimized with the Yoast SEO plugin v22.5 - https:\/\/yoast.com\/wordpress\/plugins\/seo\/ -->\n<title>Galer\u00eda de fotos del camping L&#039;Arize en Ari\u00e8ge | Camping en fotos<\/title>\n<meta name=\"description\" content=\"Haz un viaje pict\u00f3rico al camping L&#039;Arize, en La Bastide-de-S\u00e9rou, Ari\u00e8ge. Descubre el significado de un camping en los Pirineos de Ariege.\" \/>\n<meta name=\"robots\" content=\"index, follow, max-snippet:-1, max-image-preview:large, max-video-preview:-1\" \/>\n<link rel=\"canonical\" href=\"https:\/\/www.camping-arize.com\/es\/explora-los-momentos-capturados-en-nuestra-fototeca\/\" \/>\n<meta property=\"og:locale\" content=\"es_ES\" \/>\n<meta property=\"og:type\" content=\"article\" \/>\n<meta property=\"og:title\" content=\"Galer\u00eda de fotos del camping L&#039;Arize en Ari\u00e8ge | Camping en fotos\" \/>\n<meta property=\"og:description\" content=\"Haz un viaje pict\u00f3rico al camping L&#039;Arize, en La Bastide-de-S\u00e9rou, Ari\u00e8ge. Descubre el significado de un camping en los Pirineos de Ariege.\" \/>\n<meta property=\"og:url\" content=\"https:\/\/www.camping-arize.com\/es\/explora-los-momentos-capturados-en-nuestra-fototeca\/\" \/>\n<meta property=\"og:site_name\" content=\"Camping L&#039;Arize\" \/>\n<meta property=\"article:modified_time\" content=\"2024-07-15T10:04:25+00:00\" \/>\n<meta property=\"og:image\" content=\"https:\/\/www.camping-arize.com\/wp-content\/uploads\/2024\/03\/riviere-arize-ariege.jpg\" \/>\n\t<meta property=\"og:image:width\" content=\"1920\" \/>\n\t<meta property=\"og:image:height\" content=\"1440\" \/>\n\t<meta property=\"og:image:type\" content=\"image\/jpeg\" \/>\n<meta name=\"twitter:card\" content=\"summary_large_image\" \/>\n<script type=\"application\/ld+json\" class=\"yoast-schema-graph\">{\"@context\":\"https:\/\/schema.org\",\"@graph\":[{\"@type\":\"WebPage\",\"@id\":\"https:\/\/www.camping-arize.com\/es\/explora-los-momentos-capturados-en-nuestra-fototeca\/\",\"url\":\"https:\/\/www.camping-arize.com\/es\/explora-los-momentos-capturados-en-nuestra-fototeca\/\",\"name\":\"Galer\u00eda de fotos del camping L'Arize en Ari\u00e8ge | Camping en fotos\",\"isPartOf\":{\"@id\":\"https:\/\/www.camping-arize.com\/#website\"},\"primaryImageOfPage\":{\"@id\":\"https:\/\/www.camping-arize.com\/es\/explora-los-momentos-capturados-en-nuestra-fototeca\/#primaryimage\"},\"image\":{\"@id\":\"https:\/\/www.camping-arize.com\/es\/explora-los-momentos-capturados-en-nuestra-fototeca\/#primaryimage\"},\"thumbnailUrl\":\"https:\/\/www.camping-arize.com\/wp-content\/uploads\/2024\/03\/riviere-arize-ariege.jpg\",\"datePublished\":\"2024-04-26T09:38:42+00:00\",\"dateModified\":\"2024-07-15T10:04:25+00:00\",\"description\":\"Haz un viaje pict\u00f3rico al camping L'Arize, en La Bastide-de-S\u00e9rou, Ari\u00e8ge. Descubre el significado de un camping en los Pirineos de Ariege.\",\"breadcrumb\":{\"@id\":\"https:\/\/www.camping-arize.com\/es\/explora-los-momentos-capturados-en-nuestra-fototeca\/#breadcrumb\"},\"inLanguage\":\"es-ES\",\"potentialAction\":[{\"@type\":\"ReadAction\",\"target\":[\"https:\/\/www.camping-arize.com\/es\/explora-los-momentos-capturados-en-nuestra-fototeca\/\"]}]},{\"@type\":\"ImageObject\",\"inLanguage\":\"es-ES\",\"@id\":\"https:\/\/www.camping-arize.com\/es\/explora-los-momentos-capturados-en-nuestra-fototeca\/#primaryimage\",\"url\":\"https:\/\/www.camping-arize.com\/wp-content\/uploads\/2024\/03\/riviere-arize-ariege.jpg\",\"contentUrl\":\"https:\/\/www.camping-arize.com\/wp-content\/uploads\/2024\/03\/riviere-arize-ariege.jpg\",\"width\":1920,\"height\":1440},{\"@type\":\"BreadcrumbList\",\"@id\":\"https:\/\/www.camping-arize.com\/es\/explora-los-momentos-capturados-en-nuestra-fototeca\/#breadcrumb\",\"itemListElement\":[{\"@type\":\"ListItem\",\"position\":1,\"name\":\"Camping Ari\u00e8ge\",\"item\":\"https:\/\/www.camping-arize.com\/es\/inicio\/\"},{\"@type\":\"ListItem\",\"position\":2,\"name\":\"Galer\u00eda de fotos\"}]},{\"@type\":\"WebSite\",\"@id\":\"https:\/\/www.camping-arize.com\/#website\",\"url\":\"https:\/\/www.camping-arize.com\/\",\"name\":\"Camping L'Arize\",\"description\":\"Camping familial 4 \u00e9toiles en Ari\u00e8ge \u00e0 La Bastide-de-S\u00e9rou\",\"publisher\":{\"@id\":\"https:\/\/www.camping-arize.com\/#organization\"},\"inLanguage\":\"es-ES\"},{\"@type\":\"Organization\",\"@id\":\"https:\/\/www.camping-arize.com\/#organization\",\"name\":\"Camping L'Arize\",\"url\":\"https:\/\/www.camping-arize.com\/\",\"logo\":{\"@type\":\"ImageObject\",\"inLanguage\":\"es-ES\",\"@id\":\"https:\/\/www.camping-arize.com\/#\/schema\/logo\/image\/\",\"url\":\"https:\/\/www.camping-arize.com\/wp-content\/uploads\/2024\/01\/logo.png\",\"contentUrl\":\"https:\/\/www.camping-arize.com\/wp-content\/uploads\/2024\/01\/logo.png\",\"width\":117,\"height\":93,\"caption\":\"Camping L'Arize\"},\"image\":{\"@id\":\"https:\/\/www.camping-arize.com\/#\/schema\/logo\/image\/\"}}]}<\/script>\n<!-- \/ Yoast SEO plugin. -->","yoast_head_json":{"title":"Galer\u00eda de fotos del camping L'Arize en Ari\u00e8ge | Camping en fotos","description":"Haz un viaje pict\u00f3rico al camping L'Arize, en La Bastide-de-S\u00e9rou, Ari\u00e8ge. Descubre el significado de un camping en los Pirineos de Ariege.","robots":{"index":"index","follow":"follow","max-snippet":"max-snippet:-1","max-image-preview":"max-image-preview:large","max-video-preview":"max-video-preview:-1"},"canonical":"https:\/\/www.camping-arize.com\/es\/explora-los-momentos-capturados-en-nuestra-fototeca\/","og_locale":"es_ES","og_type":"article","og_title":"Galer\u00eda de fotos del camping L'Arize en Ari\u00e8ge | Camping en fotos","og_description":"Haz un viaje pict\u00f3rico al camping L'Arize, en La Bastide-de-S\u00e9rou, Ari\u00e8ge. Descubre el significado de un camping en los Pirineos de Ariege.","og_url":"https:\/\/www.camping-arize.com\/es\/explora-los-momentos-capturados-en-nuestra-fototeca\/","og_site_name":"Camping L&#039;Arize","article_modified_time":"2024-07-15T10:04:25+00:00","og_image":[{"width":1920,"height":1440,"url":"https:\/\/www.camping-arize.com\/wp-content\/uploads\/2024\/03\/riviere-arize-ariege.jpg","type":"image\/jpeg"}],"twitter_card":"summary_large_image","schema":{"@context":"https:\/\/schema.org","@graph":[{"@type":"WebPage","@id":"https:\/\/www.camping-arize.com\/es\/explora-los-momentos-capturados-en-nuestra-fototeca\/","url":"https:\/\/www.camping-arize.com\/es\/explora-los-momentos-capturados-en-nuestra-fototeca\/","name":"Galer\u00eda de fotos del camping L'Arize en Ari\u00e8ge | Camping en fotos","isPartOf":{"@id":"https:\/\/www.camping-arize.com\/#website"},"primaryImageOfPage":{"@id":"https:\/\/www.camping-arize.com\/es\/explora-los-momentos-capturados-en-nuestra-fototeca\/#primaryimage"},"image":{"@id":"https:\/\/www.camping-arize.com\/es\/explora-los-momentos-capturados-en-nuestra-fototeca\/#primaryimage"},"thumbnailUrl":"https:\/\/www.camping-arize.com\/wp-content\/uploads\/2024\/03\/riviere-arize-ariege.jpg","datePublished":"2024-04-26T09:38:42+00:00","dateModified":"2024-07-15T10:04:25+00:00","description":"Haz un viaje pict\u00f3rico al camping L'Arize, en La Bastide-de-S\u00e9rou, Ari\u00e8ge. Descubre el significado de un camping en los Pirineos de Ariege.","breadcrumb":{"@id":"https:\/\/www.camping-arize.com\/es\/explora-los-momentos-capturados-en-nuestra-fototeca\/#breadcrumb"},"inLanguage":"es-ES","potentialAction":[{"@type":"ReadAction","target":["https:\/\/www.camping-arize.com\/es\/explora-los-momentos-capturados-en-nuestra-fototeca\/"]}]},{"@type":"ImageObject","inLanguage":"es-ES","@id":"https:\/\/www.camping-arize.com\/es\/explora-los-momentos-capturados-en-nuestra-fototeca\/#primaryimage","url":"https:\/\/www.camping-arize.com\/wp-content\/uploads\/2024\/03\/riviere-arize-ariege.jpg","contentUrl":"https:\/\/www.camping-arize.com\/wp-content\/uploads\/2024\/03\/riviere-arize-ariege.jpg","width":1920,"height":1440},{"@type":"BreadcrumbList","@id":"https:\/\/www.camping-arize.com\/es\/explora-los-momentos-capturados-en-nuestra-fototeca\/#breadcrumb","itemListElement":[{"@type":"ListItem","position":1,"name":"Camping Ari\u00e8ge","item":"https:\/\/www.camping-arize.com\/es\/inicio\/"},{"@type":"ListItem","position":2,"name":"Galer\u00eda de fotos"}]},{"@type":"WebSite","@id":"https:\/\/www.camping-arize.com\/#website","url":"https:\/\/www.camping-arize.com\/","name":"Camping L'Arize","description":"Camping familial 4 \u00e9toiles en Ari\u00e8ge \u00e0 La Bastide-de-S\u00e9rou","publisher":{"@id":"https:\/\/www.camping-arize.com\/#organization"},"inLanguage":"es-ES"},{"@type":"Organization","@id":"https:\/\/www.camping-arize.com\/#organization","name":"Camping L'Arize","url":"https:\/\/www.camping-arize.com\/","logo":{"@type":"ImageObject","inLanguage":"es-ES","@id":"https:\/\/www.camping-arize.com\/#\/schema\/logo\/image\/","url":"https:\/\/www.camping-arize.com\/wp-content\/uploads\/2024\/01\/logo.png","contentUrl":"https:\/\/www.camping-arize.com\/wp-content\/uploads\/2024\/01\/logo.png","width":117,"height":93,"caption":"Camping L'Arize"},"image":{"@id":"https:\/\/www.camping-arize.com\/#\/schema\/logo\/image\/"}}]}},"_links":{"self":[{"href":"https:\/\/www.camping-arize.com\/es\/wp-json\/wp\/v2\/pages\/1214"}],"collection":[{"href":"https:\/\/www.camping-arize.com\/es\/wp-json\/wp\/v2\/pages"}],"about":[{"href":"https:\/\/www.camping-arize.com\/es\/wp-json\/wp\/v2\/types\/page"}],"author":[{"embeddable":true,"href":"https:\/\/www.camping-arize.com\/es\/wp-json\/wp\/v2\/users\/10"}],"replies":[{"embeddable":true,"href":"https:\/\/www.camping-arize.com\/es\/wp-json\/wp\/v2\/comments?post=1214"}],"version-history":[{"count":3,"href":"https:\/\/www.camping-arize.com\/es\/wp-json\/wp\/v2\/pages\/1214\/revisions"}],"predecessor-version":[{"id":1985,"href":"https:\/\/www.camping-arize.com\/es\/wp-json\/wp\/v2\/pages\/1214\/revisions\/1985"}],"wp:featuredmedia":[{"embeddable":true,"href":"https:\/\/www.camping-arize.com\/es\/wp-json\/wp\/v2\/media\/1215"}],"wp:attachment":[{"href":"https:\/\/www.camping-arize.com\/es\/wp-json\/wp\/v2\/media?parent=1214"}],"curies":[{"name":"wp","href":"https:\/\/api.w.org\/{rel}","templated":true}]}}