{"id":1241,"date":"2024-04-26T11:38:56","date_gmt":"2024-04-26T09:38:56","guid":{"rendered":"https:\/\/www.camping-arize.com\/opiniones-y-comentarios-de-clientes-sobre-camping-larize-en-ariege\/"},"modified":"2024-07-15T17:00:31","modified_gmt":"2024-07-15T15:00:31","slug":"opiniones-y-comentarios-de-clientes-sobre-camping-larize-en-ariege","status":"publish","type":"page","link":"https:\/\/www.camping-arize.com\/es\/opiniones-y-comentarios-de-clientes-sobre-camping-larize-en-ariege\/","title":{"rendered":"Avis camping l&#8217;Arize en Ari\u00e8ge"},"content":{"rendered":"\n<p>\u00bfPlaneas <strong>acampar en el Ari\u00e8ge<\/strong>? Averigua en esta p\u00e1gina las valoraciones de nuestros <strong>clientes<\/strong> sobre su <strong>estancia en Camping l&#8217;Arize<\/strong>. Nuestros <strong>campistas comparten sus experiencias<\/strong>, desde tranquilos momentos al aire libre hasta gratificantes aventuras en <strong>los Pirineos de Ariege<\/strong>. Cada <strong>opini\u00f3n<\/strong> refleja nuestro compromiso de ofrecer una c\u00e1lida bienvenida y una experiencia memorable. Consulta ahora nuestros comentarios para <strong>preparar tu pr\u00f3xima escap<\/strong> ada a nuestro <strong><a href=\"https:\/\/www.camping-arize.com\/es\/\">camping en Ari\u00e8ge<\/a><\/strong> \u00a1!<\/p>\n\n<div style=\"height:50px\" aria-hidden=\"true\" class=\"wp-block-spacer\"><\/div>\n\n<ctv-reviews-list><\/ctv-reviews-list>\n\n<div style=\"height:50px\" aria-hidden=\"true\" class=\"wp-block-spacer\"><\/div>\n\n<p>Despu\u00e9s de explorar <strong>las rese\u00f1as de nuestros campings<\/strong>, \u00bfpor qu\u00e9 no compruebas por ti mismo qu\u00e9 hace tan especial al <strong>camping L&#8217;Arize<\/strong>? Contin\u00faa tu visita explorando nuestra <strong><a href=\"https:\/\/www.camping-arize.com\/es\/explora-los-momentos-capturados-en-nuestra-fototeca\/\">galer\u00eda de fotos<\/a><\/strong>donde cada imagen capta la esencia de nuestro bello entorno y el ambiente acogedor de nuestro <strong>alojamiento al aire libre en los Pirineos de Ariege<\/strong>.<\/p>\n","protected":false},"excerpt":{"rendered":"<p>\u00bfPlaneas acampar en el Ari\u00e8ge? Averigua en esta p\u00e1gina las valoraciones de nuestros clientes sobre su estancia en Camping l&#8217;Arize. Nuestros campistas comparten sus experiencias, desde tranquilos momentos al aire libre hasta gratificantes aventuras en los Pirineos de Ariege. Cada opini\u00f3n refleja nuestro compromiso de ofrecer una c\u00e1lida bienvenida y una experiencia memorable. Consulta ahora [&hellip;]<\/p>\n","protected":false},"author":10,"featured_media":1707,"parent":0,"menu_order":0,"comment_status":"closed","ping_status":"closed","template":"","meta":{"_acf_changed":false,"footnotes":""},"acf":[],"yoast_head":"<!-- This site is optimized with the Yoast SEO plugin v22.5 - https:\/\/yoast.com\/wordpress\/plugins\/seo\/ -->\n<title>Opiniones sobre camping L&#039;Arize en Ari\u00e8ge | El mejor camping de Ari\u00e8ge<\/title>\n<meta name=\"description\" content=\"Descubre el mejor camping de Ari\u00e8ge: L&#039;Arize. Lea las opiniones de nuestros clientes y descubra por qu\u00e9 nos eligen los veraneantes.\" \/>\n<meta name=\"robots\" content=\"index, follow, max-snippet:-1, max-image-preview:large, max-video-preview:-1\" \/>\n<link rel=\"canonical\" href=\"https:\/\/www.camping-arize.com\/es\/opiniones-y-comentarios-de-clientes-sobre-camping-larize-en-ariege\/\" \/>\n<meta property=\"og:locale\" content=\"es_ES\" \/>\n<meta property=\"og:type\" content=\"article\" \/>\n<meta property=\"og:title\" content=\"Opiniones sobre camping L&#039;Arize en Ari\u00e8ge | El mejor camping de Ari\u00e8ge\" \/>\n<meta property=\"og:description\" content=\"Descubre el mejor camping de Ari\u00e8ge: L&#039;Arize. Lea las opiniones de nuestros clientes y descubra por qu\u00e9 nos eligen los veraneantes.\" \/>\n<meta property=\"og:url\" content=\"https:\/\/www.camping-arize.com\/es\/opiniones-y-comentarios-de-clientes-sobre-camping-larize-en-ariege\/\" \/>\n<meta property=\"og:site_name\" content=\"Camping L&#039;Arize\" \/>\n<meta property=\"article:modified_time\" content=\"2024-07-15T15:00:31+00:00\" \/>\n<meta property=\"og:image\" content=\"https:\/\/www.camping-arize.com\/wp-content\/uploads\/2024\/02\/sans-titre-58-scaled.jpg\" \/>\n\t<meta property=\"og:image:width\" content=\"2560\" \/>\n\t<meta property=\"og:image:height\" content=\"1707\" \/>\n\t<meta property=\"og:image:type\" content=\"image\/jpeg\" \/>\n<meta name=\"twitter:card\" content=\"summary_large_image\" \/>\n<script type=\"application\/ld+json\" class=\"yoast-schema-graph\">{\"@context\":\"https:\/\/schema.org\",\"@graph\":[{\"@type\":\"WebPage\",\"@id\":\"https:\/\/www.camping-arize.com\/es\/opiniones-y-comentarios-de-clientes-sobre-camping-larize-en-ariege\/\",\"url\":\"https:\/\/www.camping-arize.com\/es\/opiniones-y-comentarios-de-clientes-sobre-camping-larize-en-ariege\/\",\"name\":\"Opiniones sobre camping L'Arize en Ari\u00e8ge | El mejor camping de Ari\u00e8ge\",\"isPartOf\":{\"@id\":\"https:\/\/www.camping-arize.com\/#website\"},\"primaryImageOfPage\":{\"@id\":\"https:\/\/www.camping-arize.com\/es\/opiniones-y-comentarios-de-clientes-sobre-camping-larize-en-ariege\/#primaryimage\"},\"image\":{\"@id\":\"https:\/\/www.camping-arize.com\/es\/opiniones-y-comentarios-de-clientes-sobre-camping-larize-en-ariege\/#primaryimage\"},\"thumbnailUrl\":\"https:\/\/www.camping-arize.com\/wp-content\/uploads\/2024\/02\/sans-titre-58-scaled.jpg\",\"datePublished\":\"2024-04-26T09:38:56+00:00\",\"dateModified\":\"2024-07-15T15:00:31+00:00\",\"description\":\"Descubre el mejor camping de Ari\u00e8ge: L'Arize. Lea las opiniones de nuestros clientes y descubra por qu\u00e9 nos eligen los veraneantes.\",\"breadcrumb\":{\"@id\":\"https:\/\/www.camping-arize.com\/es\/opiniones-y-comentarios-de-clientes-sobre-camping-larize-en-ariege\/#breadcrumb\"},\"inLanguage\":\"es-ES\",\"potentialAction\":[{\"@type\":\"ReadAction\",\"target\":[\"https:\/\/www.camping-arize.com\/es\/opiniones-y-comentarios-de-clientes-sobre-camping-larize-en-ariege\/\"]}]},{\"@type\":\"ImageObject\",\"inLanguage\":\"es-ES\",\"@id\":\"https:\/\/www.camping-arize.com\/es\/opiniones-y-comentarios-de-clientes-sobre-camping-larize-en-ariege\/#primaryimage\",\"url\":\"https:\/\/www.camping-arize.com\/wp-content\/uploads\/2024\/02\/sans-titre-58-scaled.jpg\",\"contentUrl\":\"https:\/\/www.camping-arize.com\/wp-content\/uploads\/2024\/02\/sans-titre-58-scaled.jpg\",\"width\":2560,\"height\":1707},{\"@type\":\"BreadcrumbList\",\"@id\":\"https:\/\/www.camping-arize.com\/es\/opiniones-y-comentarios-de-clientes-sobre-camping-larize-en-ariege\/#breadcrumb\",\"itemListElement\":[{\"@type\":\"ListItem\",\"position\":1,\"name\":\"Camping Ari\u00e8ge\",\"item\":\"https:\/\/www.camping-arize.com\/es\/inicio\/\"},{\"@type\":\"ListItem\",\"position\":2,\"name\":\"Opiniones de los veraneantes\"}]},{\"@type\":\"WebSite\",\"@id\":\"https:\/\/www.camping-arize.com\/#website\",\"url\":\"https:\/\/www.camping-arize.com\/\",\"name\":\"Camping L'Arize\",\"description\":\"Camping familial 4 \u00e9toiles en Ari\u00e8ge \u00e0 La Bastide-de-S\u00e9rou\",\"publisher\":{\"@id\":\"https:\/\/www.camping-arize.com\/#organization\"},\"inLanguage\":\"es-ES\"},{\"@type\":\"Organization\",\"@id\":\"https:\/\/www.camping-arize.com\/#organization\",\"name\":\"Camping L'Arize\",\"url\":\"https:\/\/www.camping-arize.com\/\",\"logo\":{\"@type\":\"ImageObject\",\"inLanguage\":\"es-ES\",\"@id\":\"https:\/\/www.camping-arize.com\/#\/schema\/logo\/image\/\",\"url\":\"https:\/\/www.camping-arize.com\/wp-content\/uploads\/2024\/01\/logo.png\",\"contentUrl\":\"https:\/\/www.camping-arize.com\/wp-content\/uploads\/2024\/01\/logo.png\",\"width\":117,\"height\":93,\"caption\":\"Camping L'Arize\"},\"image\":{\"@id\":\"https:\/\/www.camping-arize.com\/#\/schema\/logo\/image\/\"}}]}<\/script>\n<!-- \/ Yoast SEO plugin. -->","yoast_head_json":{"title":"Opiniones sobre camping L'Arize en Ari\u00e8ge | El mejor camping de Ari\u00e8ge","description":"Descubre el mejor camping de Ari\u00e8ge: L'Arize. Lea las opiniones de nuestros clientes y descubra por qu\u00e9 nos eligen los veraneantes.","robots":{"index":"index","follow":"follow","max-snippet":"max-snippet:-1","max-image-preview":"max-image-preview:large","max-video-preview":"max-video-preview:-1"},"canonical":"https:\/\/www.camping-arize.com\/es\/opiniones-y-comentarios-de-clientes-sobre-camping-larize-en-ariege\/","og_locale":"es_ES","og_type":"article","og_title":"Opiniones sobre camping L'Arize en Ari\u00e8ge | El mejor camping de Ari\u00e8ge","og_description":"Descubre el mejor camping de Ari\u00e8ge: L'Arize. Lea las opiniones de nuestros clientes y descubra por qu\u00e9 nos eligen los veraneantes.","og_url":"https:\/\/www.camping-arize.com\/es\/opiniones-y-comentarios-de-clientes-sobre-camping-larize-en-ariege\/","og_site_name":"Camping L&#039;Arize","article_modified_time":"2024-07-15T15:00:31+00:00","og_image":[{"width":2560,"height":1707,"url":"https:\/\/www.camping-arize.com\/wp-content\/uploads\/2024\/02\/sans-titre-58-scaled.jpg","type":"image\/jpeg"}],"twitter_card":"summary_large_image","schema":{"@context":"https:\/\/schema.org","@graph":[{"@type":"WebPage","@id":"https:\/\/www.camping-arize.com\/es\/opiniones-y-comentarios-de-clientes-sobre-camping-larize-en-ariege\/","url":"https:\/\/www.camping-arize.com\/es\/opiniones-y-comentarios-de-clientes-sobre-camping-larize-en-ariege\/","name":"Opiniones sobre camping L'Arize en Ari\u00e8ge | El mejor camping de Ari\u00e8ge","isPartOf":{"@id":"https:\/\/www.camping-arize.com\/#website"},"primaryImageOfPage":{"@id":"https:\/\/www.camping-arize.com\/es\/opiniones-y-comentarios-de-clientes-sobre-camping-larize-en-ariege\/#primaryimage"},"image":{"@id":"https:\/\/www.camping-arize.com\/es\/opiniones-y-comentarios-de-clientes-sobre-camping-larize-en-ariege\/#primaryimage"},"thumbnailUrl":"https:\/\/www.camping-arize.com\/wp-content\/uploads\/2024\/02\/sans-titre-58-scaled.jpg","datePublished":"2024-04-26T09:38:56+00:00","dateModified":"2024-07-15T15:00:31+00:00","description":"Descubre el mejor camping de Ari\u00e8ge: L'Arize. Lea las opiniones de nuestros clientes y descubra por qu\u00e9 nos eligen los veraneantes.","breadcrumb":{"@id":"https:\/\/www.camping-arize.com\/es\/opiniones-y-comentarios-de-clientes-sobre-camping-larize-en-ariege\/#breadcrumb"},"inLanguage":"es-ES","potentialAction":[{"@type":"ReadAction","target":["https:\/\/www.camping-arize.com\/es\/opiniones-y-comentarios-de-clientes-sobre-camping-larize-en-ariege\/"]}]},{"@type":"ImageObject","inLanguage":"es-ES","@id":"https:\/\/www.camping-arize.com\/es\/opiniones-y-comentarios-de-clientes-sobre-camping-larize-en-ariege\/#primaryimage","url":"https:\/\/www.camping-arize.com\/wp-content\/uploads\/2024\/02\/sans-titre-58-scaled.jpg","contentUrl":"https:\/\/www.camping-arize.com\/wp-content\/uploads\/2024\/02\/sans-titre-58-scaled.jpg","width":2560,"height":1707},{"@type":"BreadcrumbList","@id":"https:\/\/www.camping-arize.com\/es\/opiniones-y-comentarios-de-clientes-sobre-camping-larize-en-ariege\/#breadcrumb","itemListElement":[{"@type":"ListItem","position":1,"name":"Camping Ari\u00e8ge","item":"https:\/\/www.camping-arize.com\/es\/inicio\/"},{"@type":"ListItem","position":2,"name":"Opiniones de los veraneantes"}]},{"@type":"WebSite","@id":"https:\/\/www.camping-arize.com\/#website","url":"https:\/\/www.camping-arize.com\/","name":"Camping L'Arize","description":"Camping familial 4 \u00e9toiles en Ari\u00e8ge \u00e0 La Bastide-de-S\u00e9rou","publisher":{"@id":"https:\/\/www.camping-arize.com\/#organization"},"inLanguage":"es-ES"},{"@type":"Organization","@id":"https:\/\/www.camping-arize.com\/#organization","name":"Camping L'Arize","url":"https:\/\/www.camping-arize.com\/","logo":{"@type":"ImageObject","inLanguage":"es-ES","@id":"https:\/\/www.camping-arize.com\/#\/schema\/logo\/image\/","url":"https:\/\/www.camping-arize.com\/wp-content\/uploads\/2024\/01\/logo.png","contentUrl":"https:\/\/www.camping-arize.com\/wp-content\/uploads\/2024\/01\/logo.png","width":117,"height":93,"caption":"Camping L'Arize"},"image":{"@id":"https:\/\/www.camping-arize.com\/#\/schema\/logo\/image\/"}}]}},"_links":{"self":[{"href":"https:\/\/www.camping-arize.com\/es\/wp-json\/wp\/v2\/pages\/1241"}],"collection":[{"href":"https:\/\/www.camping-arize.com\/es\/wp-json\/wp\/v2\/pages"}],"about":[{"href":"https:\/\/www.camping-arize.com\/es\/wp-json\/wp\/v2\/types\/page"}],"author":[{"embeddable":true,"href":"https:\/\/www.camping-arize.com\/es\/wp-json\/wp\/v2\/users\/10"}],"replies":[{"embeddable":true,"href":"https:\/\/www.camping-arize.com\/es\/wp-json\/wp\/v2\/comments?post=1241"}],"version-history":[{"count":3,"href":"https:\/\/www.camping-arize.com\/es\/wp-json\/wp\/v2\/pages\/1241\/revisions"}],"predecessor-version":[{"id":1997,"href":"https:\/\/www.camping-arize.com\/es\/wp-json\/wp\/v2\/pages\/1241\/revisions\/1997"}],"wp:featuredmedia":[{"embeddable":true,"href":"https:\/\/www.camping-arize.com\/es\/wp-json\/wp\/v2\/media\/1707"}],"wp:attachment":[{"href":"https:\/\/www.camping-arize.com\/es\/wp-json\/wp\/v2\/media?parent=1241"}],"curies":[{"name":"wp","href":"https:\/\/api.w.org\/{rel}","templated":true}]}}