{"id":3057,"date":"2026-02-11T19:45:17","date_gmt":"2026-02-11T18:45:17","guid":{"rendered":"https:\/\/www.camping-arize.com\/preguntas-mas-frecuentes\/"},"modified":"2026-02-12T10:24:40","modified_gmt":"2026-02-12T09:24:40","slug":"preguntas-mas-frecuentes","status":"publish","type":"page","link":"https:\/\/www.camping-arize.com\/es\/preguntas-mas-frecuentes\/","title":{"rendered":"Preguntas m\u00e1s frecuentes"},"content":{"rendered":"\n<div class=\"wp-block-group\"><div class=\"wp-block-group__inner-container is-layout-constrained wp-block-group-is-layout-constrained\">\n<h2 class=\"wp-block-heading has-text-align-center has-vivid-cyan-blue-color has-text-color has-link-color wp-elements-c889f58ab15caaa3996f5d4b5b59175a\">Descubre nuestras preguntas m\u00e1s frecuentes<\/h2>\n\n\n\n<p class=\"has-text-align-center\">\u00bfTienes alguna pregunta antes de tu viaje? \u00a1Consulta nuestras Preguntas frecuentes! <\/p>\n\n\n\n<div class=\"pfq\">\n  \n  \n  <nav class=\"pfq__themes\">\n    <h2>Th\u00e9matiques<\/h2>\n    <ul>\n      \n        <li class=\"pfq__theme active\" data-pfq-group=\"group-0\">\n          <a href=\"#\">Preguntas generales<\/a>\n        <\/li>\n\n          <\/ul>\n  <\/nav>\n\n  <div class=\"pfq__questions\">\n    \n      <div class=\"pfq__questions__group visible\" data-pfq-group=\"group-0\">\n\n        <h3>Preguntas generales<\/h3>\n\n        \n          <div class=\"pfq__question\"  >\n            <h4 class=\"pfq__question__title\">\u00bfNos llevamos las s\u00e1banas?<\/h4>\n            <div class=\"pfq__answer\"><p>No se proporcionan s\u00e1banas, pero se pueden alquilar in situ.<\/p>\n<p>S\u00e1banas por cama: 19 euros<\/p>\n<p>Toallas: 7 euros<\/p>\n<\/div>\n          <\/div>\n\n        \n          <div class=\"pfq__question\"  >\n            <h4 class=\"pfq__question__title\">\u00bfEst\u00e1n permitidas las barbacoas?<\/h4>\n            <div class=\"pfq__answer\"><p>Hay dos barbacoas comunitarias disponibles.<\/p>\n<p>La barbacoa est\u00e1 situada en la recepci\u00f3n, en una zona segura dise\u00f1ada para minimizar el riesgo de incendio.<\/p>\n<p>Las barbacoas de le\u00f1a est\u00e1n estrictamente prohibidas en las parcelas y cerca de los alojamientos.<\/p>\n<\/div>\n          <\/div>\n\n        \n          <div class=\"pfq__question\"  >\n            <h4 class=\"pfq__question__title\">\u00bfSe admiten perros?<\/h4>\n            <div class=\"pfq__answer\"><p>S\u00ed, se aceptan animales de compa\u00f1\u00eda bajo ciertas condiciones. Deben ir sujetos con correa y tener el certificado de vacunaci\u00f3n actualizado. Los animales de compa\u00f1\u00eda no pueden quedarse solos, ni en la parcela ni en los alojamientos de alquiler o casas m\u00f3viles, ni siquiera temporalmente. Esta norma tiene por objeto garantizar el bienestar de los animales, la tranquilidad de los dem\u00e1s clientes y la conservaci\u00f3n del alojamiento. Forma parte integrante del reglamento del camping. Se aplicar\u00e1 a tu reserva un suplemento de 6 euros diarios por tu animal de compa\u00f1\u00eda.     <\/p>\n<\/div>\n          <\/div>\n\n        \n          <div class=\"pfq__question\"  >\n            <h4 class=\"pfq__question__title\">\u00bfD\u00f3nde est\u00e1 el centro m\u00e9dico m\u00e1s cercano?<\/h4>\n            <div class=\"pfq__answer\"><p>El centro m\u00e9dico m\u00e1s cercano est\u00e1 a 1 km del camping (m\u00e9dicos, enfermeros, fisioterapeutas, comadronas, etc.).<\/p>\n<\/div>\n          <\/div>\n\n        \n          <div class=\"pfq__question\"  >\n            <h4 class=\"pfq__question__title\">\u00bfD\u00f3nde est\u00e1 el supermercado m\u00e1s cercano?<\/h4>\n            <div class=\"pfq__answer\"><p>El supermercado m\u00e1s cercano est\u00e1 a 1 km del camping (Carrefour Express abierto todos los d\u00edas de 8.30 a 20.00 y los domingos de 9.00 a 13.00). La peque\u00f1a tienda de comestibles del camping vende productos de primera necesidad. <\/p>\n<\/div>\n          <\/div>\n\n        \n          <div class=\"pfq__question\"  >\n            <h4 class=\"pfq__question__title\">\u00bfQu\u00e9 formas de pago aceptan?<\/h4>\n            <div class=\"pfq__answer\"><p>Aceptamos tarjetas bancarias VISA, cheques bancarios, A.N.C.V. y efectivo.<\/p>\n<\/div>\n          <\/div>\n\n        \n          <div class=\"pfq__question\"  >\n            <h4 class=\"pfq__question__title\">\u00bfSe pueden alquilar bicicletas?<\/h4>\n            <div class=\"pfq__answer\"><p>Se pueden alquilar bicicletas en Arize2roues, a 1,5 km del camping.<\/p>\n<\/div>\n          <\/div>\n\n        \n          <div class=\"pfq__question\"  >\n            <h4 class=\"pfq__question__title\">\u00bfEl parque acu\u00e1tico es accesible a los forasteros?<\/h4>\n            <div class=\"pfq__answer\"><p>No se puede acceder al parque acu\u00e1tico desde fuera del camping.<\/p>\n<\/div>\n          <\/div>\n\n        \n          <div class=\"pfq__question\"  >\n            <h4 class=\"pfq__question__title\">\u00bfLa piscina est\u00e1 climatizada y cu\u00e1ndo est\u00e1 abierta?<\/h4>\n            <div class=\"pfq__answer\"><p>S\u00ed, la piscina est\u00e1 climatizada. Est\u00e1 abierta por temporadas, generalmente desde primavera hasta finales de verano. Las fechas y horas de apertura pueden variar en funci\u00f3n del tiempo y de la normativa vigente. Los ni\u00f1os deben estar supervisados por un adulto responsable.   <\/p>\n<\/div>\n          <\/div>\n\n        \n          <div class=\"pfq__question\"  >\n            <h4 class=\"pfq__question__title\">\u00bfEn qu\u00e9 fechas hay actividades?<\/h4>\n            <div class=\"pfq__answer\"><p>En julio y agosto, el camping ofrece animaci\u00f3n para ni\u00f1os y adultos, veladas amistosas y actividades en la naturaleza.<\/p>\n<\/div>\n          <\/div>\n\n        \n          <div class=\"pfq__question\"  >\n            <h4 class=\"pfq__question__title\">\u00bfHay un bar o servicio de catering in situ?<\/h4>\n            <div class=\"pfq__answer\"><p>S\u00ed, el snack bar s\u00f3lo est\u00e1 disponible en temporada alta, de julio a agosto. El snack bar ofrece comida sencilla y acogedora, acorde con el esp\u00edritu del camping. Est\u00e1 abierto de mi\u00e9rcoles a domingo, s\u00f3lo por la noche, y se recomienda encarecidamente reservar. Los lunes y martes tenemos camiones de comida.   <\/p>\n<\/div>\n          <\/div>\n\n        \n          <div class=\"pfq__question\"  >\n            <h4 class=\"pfq__question__title\">\u00bfOfrecen WIFI en el camping?<\/h4>\n            <div class=\"pfq__answer\"><p>S\u00ed, se incluye una conexi\u00f3n WiFi para un dispositivo durante toda la estancia. Hay opciones disponibles para conectar varios dispositivos. <\/p>\n<\/div>\n          <\/div>\n\n        \n          <div class=\"pfq__question\"  >\n            <h4 class=\"pfq__question__title\">\u00bfCu\u00e1ntos veh\u00edculos se permiten por parcela?<\/h4>\n            <div class=\"pfq__answer\"><p>S\u00f3lo se permite un coche en nuestro camping. Se proporciona una plaza de aparcamiento por alojamiento en el camping (no necesariamente en tu parcela, ya que parte del camping es peatonal). Si vienes con dos veh\u00edculos, se cobrar\u00e1 un suplemento de 4 \u20ac al d\u00eda.  <\/p>\n<\/div>\n          <\/div>\n\n        \n          <div class=\"pfq__question\"  >\n            <h4 class=\"pfq__question__title\">\u00bfEl camping est\u00e1 autorizado por la VACAF?<\/h4>\n            <div class=\"pfq__answer\"><p>s\u00ed<\/p>\n<\/div>\n          <\/div>\n\n        \n          <div class=\"pfq__question\"  >\n            <h4 class=\"pfq__question__title\">\u00bfC\u00f3mo hago una reserva?<\/h4>\n            <div class=\"pfq__answer\"><p>Las reservas pueden hacerse en l\u00ednea, por tel\u00e9fono o por correo electr\u00f3nico. En temporada alta, te recomendamos encarecidamente que reserves con antelaci\u00f3n. <\/p>\n<\/div>\n          <\/div>\n\n        \n          <div class=\"pfq__question\"  >\n            <h4 class=\"pfq__question__title\">\u00bfHay que pagar una fianza?<\/h4>\n            <div class=\"pfq__answer\"><p>S\u00ed, se requiere una fianza (150 \u20ac para el alquiler y 75 \u20ac para la limpieza) antes de la llegada para los alquileres. Se gestiona en l\u00ednea mediante un sistema seguro &#8220;swikly&#8221; y no se carga en cuenta, salvo en caso de da\u00f1os. <\/p>\n<\/div>\n          <\/div>\n\n        \n          <div class=\"pfq__question\"  >\n            <h4 class=\"pfq__question__title\">\u00bfPuedo pagar mi reserva con un vale de vacaciones?<\/h4>\n            <div class=\"pfq__answer\"><p>S\u00f3lo el alojamiento y el bar pueden pagarse con los cheques vacaciones ANCV y E-connect.<\/p>\n<\/div>\n          <\/div>\n\n        \n          <div class=\"pfq__question\"  >\n            <h4 class=\"pfq__question__title\">\u00bfCu\u00e1les son las condiciones de reembolso en caso de cancelaci\u00f3n?<\/h4>\n            <div class=\"pfq__answer\"><p>Para ser reembolsado en caso de cancelaci\u00f3n, debes haber contratado el seguro de cancelaci\u00f3n Meetch. Este seguro cubre un amplio abanico de eventualidades: enfermedad, problemas de transporte, vacaciones desplazadas, etc. <\/p>\n<\/div>\n          <\/div>\n\n        \n          <div class=\"pfq__question\"  >\n            <h4 class=\"pfq__question__title\">\u00bfEs posible cambiar mi reserva?<\/h4>\n            <div class=\"pfq__answer\"><p>S\u00ed, sujeto a disponibilidad. Ponte en contacto con nosotros por tel\u00e9fono<a href=\"tel:+33561658151\">(+33561658151)<\/a> o por correo electr\u00f3nico<a href=\"mailto:mail@camping-arize.com\" target=\"_blank\" rel=\"noopener\">(mail@camping-arize.com).<\/a> <\/p>\n<\/div>\n          <\/div>\n\n        \n      <\/div>\n\n    \n  <\/div>\n<\/div>\n<\/div><\/div>\n","protected":false},"excerpt":{"rendered":"<p>Descubre nuestras preguntas m\u00e1s frecuentes \u00bfTienes alguna pregunta antes de tu viaje? \u00a1Consulta nuestras Preguntas frecuentes!<\/p>\n","protected":false},"author":10,"featured_media":3043,"parent":0,"menu_order":0,"comment_status":"closed","ping_status":"closed","template":"","meta":{"_acf_changed":false,"footnotes":""},"acf":[],"yoast_head":"<!-- This site is optimized with the Yoast SEO plugin v22.5 - https:\/\/yoast.com\/wordpress\/plugins\/seo\/ -->\n<title>Preguntas m\u00e1s frecuentes | Camping L&#039;Arize<\/title>\n<meta name=\"description\" content=\"\u00a1Descubre nuestras FAQ para ayudarte a preparar tu estancia en Ari\u00e8ge en el camping l&#039;Arize!\" \/>\n<meta name=\"robots\" content=\"index, follow, max-snippet:-1, max-image-preview:large, max-video-preview:-1\" \/>\n<link rel=\"canonical\" href=\"https:\/\/www.camping-arize.com\/es\/preguntas-mas-frecuentes\/\" \/>\n<meta property=\"og:locale\" content=\"es_ES\" \/>\n<meta property=\"og:type\" content=\"article\" \/>\n<meta property=\"og:title\" content=\"Preguntas m\u00e1s frecuentes | Camping L&#039;Arize\" \/>\n<meta property=\"og:description\" content=\"\u00a1Descubre nuestras FAQ para ayudarte a preparar tu estancia en Ari\u00e8ge en el camping l&#039;Arize!\" \/>\n<meta property=\"og:url\" content=\"https:\/\/www.camping-arize.com\/es\/preguntas-mas-frecuentes\/\" \/>\n<meta property=\"og:site_name\" content=\"Camping L&#039;Arize\" \/>\n<meta property=\"article:modified_time\" content=\"2026-02-12T09:24:40+00:00\" \/>\n<meta property=\"og:image\" content=\"https:\/\/www.camping-arize.com\/wp-content\/uploads\/2026\/02\/image_2026-02-11_191521192.png\" \/>\n\t<meta property=\"og:image:width\" content=\"1780\" \/>\n\t<meta property=\"og:image:height\" content=\"890\" \/>\n\t<meta property=\"og:image:type\" content=\"image\/png\" \/>\n<meta name=\"twitter:card\" content=\"summary_large_image\" \/>\n<script type=\"application\/ld+json\" class=\"yoast-schema-graph\">{\"@context\":\"https:\/\/schema.org\",\"@graph\":[{\"@type\":\"WebPage\",\"@id\":\"https:\/\/www.camping-arize.com\/es\/preguntas-mas-frecuentes\/\",\"url\":\"https:\/\/www.camping-arize.com\/es\/preguntas-mas-frecuentes\/\",\"name\":\"Preguntas m\u00e1s frecuentes | Camping L&#039;Arize\",\"isPartOf\":{\"@id\":\"https:\/\/www.camping-arize.com\/#website\"},\"primaryImageOfPage\":{\"@id\":\"https:\/\/www.camping-arize.com\/es\/preguntas-mas-frecuentes\/#primaryimage\"},\"image\":{\"@id\":\"https:\/\/www.camping-arize.com\/es\/preguntas-mas-frecuentes\/#primaryimage\"},\"thumbnailUrl\":\"https:\/\/www.camping-arize.com\/wp-content\/uploads\/2026\/02\/image_2026-02-11_191521192.png\",\"datePublished\":\"2026-02-11T18:45:17+00:00\",\"dateModified\":\"2026-02-12T09:24:40+00:00\",\"description\":\"\u00a1Descubre nuestras FAQ para ayudarte a preparar tu estancia en Ari\u00e8ge en el camping l'Arize!\",\"breadcrumb\":{\"@id\":\"https:\/\/www.camping-arize.com\/es\/preguntas-mas-frecuentes\/#breadcrumb\"},\"inLanguage\":\"es-ES\",\"potentialAction\":[{\"@type\":\"ReadAction\",\"target\":[\"https:\/\/www.camping-arize.com\/es\/preguntas-mas-frecuentes\/\"]}]},{\"@type\":\"ImageObject\",\"inLanguage\":\"es-ES\",\"@id\":\"https:\/\/www.camping-arize.com\/es\/preguntas-mas-frecuentes\/#primaryimage\",\"url\":\"https:\/\/www.camping-arize.com\/wp-content\/uploads\/2026\/02\/image_2026-02-11_191521192.png\",\"contentUrl\":\"https:\/\/www.camping-arize.com\/wp-content\/uploads\/2026\/02\/image_2026-02-11_191521192.png\",\"width\":1780,\"height\":890},{\"@type\":\"BreadcrumbList\",\"@id\":\"https:\/\/www.camping-arize.com\/es\/preguntas-mas-frecuentes\/#breadcrumb\",\"itemListElement\":[{\"@type\":\"ListItem\",\"position\":1,\"name\":\"Camping Ari\u00e8ge\",\"item\":\"https:\/\/www.camping-arize.com\/es\/inicio\/\"},{\"@type\":\"ListItem\",\"position\":2,\"name\":\"Preguntas m\u00e1s frecuentes\"}]},{\"@type\":\"WebSite\",\"@id\":\"https:\/\/www.camping-arize.com\/#website\",\"url\":\"https:\/\/www.camping-arize.com\/\",\"name\":\"Camping L'Arize\",\"description\":\"Camping familial 4 \u00e9toiles en Ari\u00e8ge \u00e0 La Bastide-de-S\u00e9rou\",\"publisher\":{\"@id\":\"https:\/\/www.camping-arize.com\/#organization\"},\"inLanguage\":\"es-ES\"},{\"@type\":\"Organization\",\"@id\":\"https:\/\/www.camping-arize.com\/#organization\",\"name\":\"Camping L'Arize\",\"url\":\"https:\/\/www.camping-arize.com\/\",\"logo\":{\"@type\":\"ImageObject\",\"inLanguage\":\"es-ES\",\"@id\":\"https:\/\/www.camping-arize.com\/#\/schema\/logo\/image\/\",\"url\":\"https:\/\/www.camping-arize.com\/wp-content\/uploads\/2024\/01\/logo.png\",\"contentUrl\":\"https:\/\/www.camping-arize.com\/wp-content\/uploads\/2024\/01\/logo.png\",\"width\":117,\"height\":93,\"caption\":\"Camping L'Arize\"},\"image\":{\"@id\":\"https:\/\/www.camping-arize.com\/#\/schema\/logo\/image\/\"}}]}<\/script>\n<!-- \/ Yoast SEO plugin. -->","yoast_head_json":{"title":"Preguntas m\u00e1s frecuentes | Camping L&#039;Arize","description":"\u00a1Descubre nuestras FAQ para ayudarte a preparar tu estancia en Ari\u00e8ge en el camping l'Arize!","robots":{"index":"index","follow":"follow","max-snippet":"max-snippet:-1","max-image-preview":"max-image-preview:large","max-video-preview":"max-video-preview:-1"},"canonical":"https:\/\/www.camping-arize.com\/es\/preguntas-mas-frecuentes\/","og_locale":"es_ES","og_type":"article","og_title":"Preguntas m\u00e1s frecuentes | Camping L&#039;Arize","og_description":"\u00a1Descubre nuestras FAQ para ayudarte a preparar tu estancia en Ari\u00e8ge en el camping l'Arize!","og_url":"https:\/\/www.camping-arize.com\/es\/preguntas-mas-frecuentes\/","og_site_name":"Camping L&#039;Arize","article_modified_time":"2026-02-12T09:24:40+00:00","og_image":[{"width":1780,"height":890,"url":"https:\/\/www.camping-arize.com\/wp-content\/uploads\/2026\/02\/image_2026-02-11_191521192.png","type":"image\/png"}],"twitter_card":"summary_large_image","schema":{"@context":"https:\/\/schema.org","@graph":[{"@type":"WebPage","@id":"https:\/\/www.camping-arize.com\/es\/preguntas-mas-frecuentes\/","url":"https:\/\/www.camping-arize.com\/es\/preguntas-mas-frecuentes\/","name":"Preguntas m\u00e1s frecuentes | Camping L&#039;Arize","isPartOf":{"@id":"https:\/\/www.camping-arize.com\/#website"},"primaryImageOfPage":{"@id":"https:\/\/www.camping-arize.com\/es\/preguntas-mas-frecuentes\/#primaryimage"},"image":{"@id":"https:\/\/www.camping-arize.com\/es\/preguntas-mas-frecuentes\/#primaryimage"},"thumbnailUrl":"https:\/\/www.camping-arize.com\/wp-content\/uploads\/2026\/02\/image_2026-02-11_191521192.png","datePublished":"2026-02-11T18:45:17+00:00","dateModified":"2026-02-12T09:24:40+00:00","description":"\u00a1Descubre nuestras FAQ para ayudarte a preparar tu estancia en Ari\u00e8ge en el camping l'Arize!","breadcrumb":{"@id":"https:\/\/www.camping-arize.com\/es\/preguntas-mas-frecuentes\/#breadcrumb"},"inLanguage":"es-ES","potentialAction":[{"@type":"ReadAction","target":["https:\/\/www.camping-arize.com\/es\/preguntas-mas-frecuentes\/"]}]},{"@type":"ImageObject","inLanguage":"es-ES","@id":"https:\/\/www.camping-arize.com\/es\/preguntas-mas-frecuentes\/#primaryimage","url":"https:\/\/www.camping-arize.com\/wp-content\/uploads\/2026\/02\/image_2026-02-11_191521192.png","contentUrl":"https:\/\/www.camping-arize.com\/wp-content\/uploads\/2026\/02\/image_2026-02-11_191521192.png","width":1780,"height":890},{"@type":"BreadcrumbList","@id":"https:\/\/www.camping-arize.com\/es\/preguntas-mas-frecuentes\/#breadcrumb","itemListElement":[{"@type":"ListItem","position":1,"name":"Camping Ari\u00e8ge","item":"https:\/\/www.camping-arize.com\/es\/inicio\/"},{"@type":"ListItem","position":2,"name":"Preguntas m\u00e1s frecuentes"}]},{"@type":"WebSite","@id":"https:\/\/www.camping-arize.com\/#website","url":"https:\/\/www.camping-arize.com\/","name":"Camping L'Arize","description":"Camping familial 4 \u00e9toiles en Ari\u00e8ge \u00e0 La Bastide-de-S\u00e9rou","publisher":{"@id":"https:\/\/www.camping-arize.com\/#organization"},"inLanguage":"es-ES"},{"@type":"Organization","@id":"https:\/\/www.camping-arize.com\/#organization","name":"Camping L'Arize","url":"https:\/\/www.camping-arize.com\/","logo":{"@type":"ImageObject","inLanguage":"es-ES","@id":"https:\/\/www.camping-arize.com\/#\/schema\/logo\/image\/","url":"https:\/\/www.camping-arize.com\/wp-content\/uploads\/2024\/01\/logo.png","contentUrl":"https:\/\/www.camping-arize.com\/wp-content\/uploads\/2024\/01\/logo.png","width":117,"height":93,"caption":"Camping L'Arize"},"image":{"@id":"https:\/\/www.camping-arize.com\/#\/schema\/logo\/image\/"}}]}},"_links":{"self":[{"href":"https:\/\/www.camping-arize.com\/es\/wp-json\/wp\/v2\/pages\/3057"}],"collection":[{"href":"https:\/\/www.camping-arize.com\/es\/wp-json\/wp\/v2\/pages"}],"about":[{"href":"https:\/\/www.camping-arize.com\/es\/wp-json\/wp\/v2\/types\/page"}],"author":[{"embeddable":true,"href":"https:\/\/www.camping-arize.com\/es\/wp-json\/wp\/v2\/users\/10"}],"replies":[{"embeddable":true,"href":"https:\/\/www.camping-arize.com\/es\/wp-json\/wp\/v2\/comments?post=3057"}],"version-history":[{"count":2,"href":"https:\/\/www.camping-arize.com\/es\/wp-json\/wp\/v2\/pages\/3057\/revisions"}],"predecessor-version":[{"id":3063,"href":"https:\/\/www.camping-arize.com\/es\/wp-json\/wp\/v2\/pages\/3057\/revisions\/3063"}],"wp:featuredmedia":[{"embeddable":true,"href":"https:\/\/www.camping-arize.com\/es\/wp-json\/wp\/v2\/media\/3043"}],"wp:attachment":[{"href":"https:\/\/www.camping-arize.com\/es\/wp-json\/wp\/v2\/media?parent=3057"}],"curies":[{"name":"wp","href":"https:\/\/api.w.org\/{rel}","templated":true}]}}