{"id":1224,"date":"2024-04-26T11:38:44","date_gmt":"2024-04-26T09:38:44","guid":{"rendered":"https:\/\/www.camping-arize.com\/groepsaccommodatie-op-onze-camping-in-de-ariege\/"},"modified":"2024-07-16T12:50:54","modified_gmt":"2024-07-16T10:50:54","slug":"groepsaccommodatie-op-onze-camping-in-de-ariege","status":"publish","type":"page","link":"https:\/\/www.camping-arize.com\/nl\/groepsaccommodatie-op-onze-camping-in-de-ariege\/","title":{"rendered":"Camping voor groepen in de Ari\u00e8ge"},"content":{"rendered":"\n<div class=\"wp-block-cover is-light\"><span aria-hidden=\"true\" class=\"wp-block-cover__background has-background-dim-0 has-background-dim\"><\/span><img loading=\"lazy\" decoding=\"async\" width=\"1920\" height=\"1440\" class=\"wp-block-cover__image-background wp-image-780\" alt=\"Camping avec accueil de groupe en Ari\u00e8ge\" src=\"https:\/\/www.camping-arize.com\/wp-content\/uploads\/2024\/02\/groupe-arize-ariege.jpg\" data-object-fit=\"cover\" srcset=\"https:\/\/www.camping-arize.com\/wp-content\/uploads\/2024\/02\/groupe-arize-ariege.jpg 1920w, https:\/\/www.camping-arize.com\/wp-content\/uploads\/2024\/02\/groupe-arize-ariege-300x225.jpg 300w, https:\/\/www.camping-arize.com\/wp-content\/uploads\/2024\/02\/groupe-arize-ariege-1024x768.jpg 1024w, https:\/\/www.camping-arize.com\/wp-content\/uploads\/2024\/02\/groupe-arize-ariege-768x576.jpg 768w, https:\/\/www.camping-arize.com\/wp-content\/uploads\/2024\/02\/groupe-arize-ariege-1536x1152.jpg 1536w, https:\/\/www.camping-arize.com\/wp-content\/uploads\/2024\/02\/groupe-arize-ariege-277x208.jpg 277w\" sizes=\"(max-width: 1920px) 100vw, 1920px\" \/><div class=\"wp-block-cover__inner-container is-layout-constrained wp-block-cover-is-layout-constrained\">\n<p class=\"has-text-align-center has-large-font-size\"><\/p>\n<\/div><\/div>\n\n<div style=\"height:50px\" aria-hidden=\"true\" class=\"wp-block-spacer\"><\/div>\n\n<p class=\"mb-5\">Ben je op zoek naar een <strong>groepscamping in de Ari\u00e8ge<\/strong> voor je <strong>volgende vakantie met familie<\/strong> of vrienden? Onze <strong><a href=\"https:\/\/www.camping-arize.com\/nl\/groepsaccommodatie-op-onze-camping-in-de-ariege\/\">camping in de Ari\u00e8ge<\/a><\/strong>ideaal gelegen in het hart van de <strong>Ari\u00e8ge Pyrenee\u00ebn<\/strong>, biedt een <strong>ruime keuze aan ruime, comfortabele stacaravans<\/strong>, <strong>chalets<\/strong> en <strong>kampeerplaatsen<\/strong>. Geniet van een <strong>groene<\/strong> omgeving en een <strong>verwarmd zwembad<\/strong>, voor een <strong>onvergetelijk<\/strong> verblijf midden in de natuur. <strong>Kom bij ons kamperen<\/strong> en ontdek een unieke ervaring die gezelligheid, rust en tal van <strong>activiteiten<\/strong> combineert, en dat alles onder de <strong>warme zon van de Midi-Pyr\u00e9n\u00e9es<\/strong>.<\/p>\n\n<div style=\"height:150px\" aria-hidden=\"true\" class=\"wp-block-spacer\"><\/div>\n\n<div class=\"wp-block-media-text is-stacked-on-mobile is-vertically-aligned-center is-image-fill mb-5\"><figure class=\"wp-block-media-text__media\" style=\"background-image:url(https:\/\/www.camping-arize.com\/wp-content\/uploads\/2024\/02\/chalet-3-chambres-1024x682.jpg);background-position:50% 50%\"><img loading=\"lazy\" decoding=\"async\" width=\"1024\" height=\"682\" src=\"https:\/\/www.camping-arize.com\/wp-content\/uploads\/2024\/02\/chalet-3-chambres-1024x682.jpg\" alt=\"Location d'h\u00e9bergements de groupe en Ari\u00e8ge\" class=\"wp-image-1034 size-large\" srcset=\"https:\/\/www.camping-arize.com\/wp-content\/uploads\/2024\/02\/chalet-3-chambres-1024x682.jpg 1024w, https:\/\/www.camping-arize.com\/wp-content\/uploads\/2024\/02\/chalet-3-chambres-300x200.jpg 300w, https:\/\/www.camping-arize.com\/wp-content\/uploads\/2024\/02\/chalet-3-chambres-768x512.jpg 768w, https:\/\/www.camping-arize.com\/wp-content\/uploads\/2024\/02\/chalet-3-chambres-1536x1023.jpg 1536w, https:\/\/www.camping-arize.com\/wp-content\/uploads\/2024\/02\/chalet-3-chambres-2048x1364.jpg 2048w, https:\/\/www.camping-arize.com\/wp-content\/uploads\/2024\/02\/chalet-3-chambres-312x208.jpg 312w\" sizes=\"(max-width: 1024px) 100vw, 1024px\" \/><\/figure><div class=\"wp-block-media-text__content\">\n<h2 class=\"wp-block-heading has-vivid-cyan-blue-color has-text-color has-link-color wp-elements-c23b05c0de6906e0e0c38dace78db096\">Huuraccommodatie voor groepen in de Ari\u00e8ge<\/h2>\n\n\n\n<div style=\"height:25px\" aria-hidden=\"true\" class=\"wp-block-spacer\"><\/div>\n\n\n\n<p>Kom <strong>onze streek verkennen<\/strong> tijdens een <strong>groepsvakantie op onze camping in de Ari\u00e8ge<\/strong>.<\/p>\n\n\n\n<p>Onze camping biedt <strong><a href=\"https:\/\/www.camping-arize.com\/hebergements\/\">verschillende accommodatiemogelijkheden<\/a><\/strong> om aan de <strong>behoeften van uw groep<\/strong> te voldoen, van <strong>ruime<a href=\"https:\/\/www.camping-arize.com\/nl\/categorie\/locaties\/\">tentplaatsen<\/a><\/strong> tot <strong><a href=\"https:\/\/www.camping-arize.com\/nl\/categorie\/stacaravans\/\">stacaravans<\/a><\/strong> comfortabele stacaravans of gezellige <strong>chalets<\/strong>. Profiteer van onze ideale locatie om de rijkdommen van de <strong>Ariege-streek<\/strong> te verkennen, van prachtige wandelpaden tot historische en culturele bezienswaardigheden.<\/p>\n<\/div><\/div>\n\n<div style=\"height:150px\" aria-hidden=\"true\" class=\"wp-block-spacer\"><\/div>\n\n<div class=\"wp-block-media-text has-media-on-the-right is-stacked-on-mobile is-vertically-aligned-center is-image-fill mb-5\"><div class=\"wp-block-media-text__content\">\n<h2 class=\"wp-block-heading has-vivid-cyan-blue-color has-text-color has-link-color wp-elements-088026eb33235cfaccc85028ef8e7f42\">Neem deel aan groepsactiviteiten in het hart van de Ari\u00e8ge<\/h2>\n\n\n\n<div style=\"height:25px\" aria-hidden=\"true\" class=\"wp-block-spacer\"><\/div>\n\n\n\n<p>Neem deel aan onze <strong>spannende activiteiten<\/strong>, van <strong>wandelen in de omliggende bergen<\/strong> tot <strong>ontspannen bij het <a href=\"https:\/\/www.camping-arize.com\/nl\/duik-in-de-arize-wateroase-ontspanning-en-plezier-op-de-camping\/\">verwarmde zwembad<\/a><\/strong>. Onze <strong><a href=\"https:\/\/www.camping-arize.com\/nl\/animatie-voor-het-hele-gezin-op-onze-camping-in-de-ariege\/\">entertainmentprogramma&#8217;s<\/a><\/strong> zijn ontworpen om <strong>iedereen in je groep<\/strong> te <strong>vermaken en te inspireren<\/strong>, ongeacht hun leeftijd of interesses.<\/p>\n\n\n\n<p>Geniet van heerlijke gerechten met lokale smaken en deel momenten van gezelligheid en <strong>goed humeur<\/strong> met je medereizigers.<\/p>\n\n\n\n<p>Kom naar <strong>camping L&#8217;Arize<\/strong> voor een <strong>onvergetelijke vakantie in de Pyrenee\u00ebn<\/strong>, waar ontdekking, ontspanning en gezelligheid aan de orde van de dag zijn.<\/p>\n<\/div><figure class=\"wp-block-media-text__media\" style=\"background-image:url(https:\/\/www.camping-arize.com\/wp-content\/uploads\/2024\/02\/randonees-groupe-arize-683x1024.jpg);background-position:10% 56%\"><img loading=\"lazy\" decoding=\"async\" width=\"683\" height=\"1024\" src=\"https:\/\/www.camping-arize.com\/wp-content\/uploads\/2024\/02\/randonees-groupe-arize-683x1024.jpg\" alt=\"Groepsactiviteiten in de Ari\u00e8ge\" class=\"wp-image-778 size-large\" srcset=\"https:\/\/www.camping-arize.com\/wp-content\/uploads\/2024\/02\/randonees-groupe-arize-683x1024.jpg 683w, https:\/\/www.camping-arize.com\/wp-content\/uploads\/2024\/02\/randonees-groupe-arize-200x300.jpg 200w, https:\/\/www.camping-arize.com\/wp-content\/uploads\/2024\/02\/randonees-groupe-arize-768x1152.jpg 768w, https:\/\/www.camping-arize.com\/wp-content\/uploads\/2024\/02\/randonees-groupe-arize-1024x1536.jpg 1024w, https:\/\/www.camping-arize.com\/wp-content\/uploads\/2024\/02\/randonees-groupe-arize-139x208.jpg 139w, https:\/\/www.camping-arize.com\/wp-content\/uploads\/2024\/02\/randonees-groupe-arize.jpg 1280w\" sizes=\"(max-width: 683px) 100vw, 683px\" \/><\/figure><\/div>\n\n<div style=\"height:150px\" aria-hidden=\"true\" class=\"wp-block-spacer\"><\/div>\n\n<div class=\"wp-block-media-text is-stacked-on-mobile is-vertically-aligned-center is-image-fill mb-5\"><figure class=\"wp-block-media-text__media\" style=\"background-image:url(https:\/\/www.camping-arize.com\/wp-content\/uploads\/2024\/04\/Cascade_dArs_ariege_pyrenees_tourisme.jpg);background-position:68% 44%\"><img loading=\"lazy\" decoding=\"async\" width=\"1024\" height=\"683\" src=\"https:\/\/www.camping-arize.com\/wp-content\/uploads\/2024\/04\/Cascade_dArs_ariege_pyrenees_tourisme.jpg\" alt=\"Rondleidingen vanaf onze camping in de Ari\u00e8ge.\" class=\"wp-image-951 size-large\" srcset=\"https:\/\/www.camping-arize.com\/wp-content\/uploads\/2024\/04\/Cascade_dArs_ariege_pyrenees_tourisme.jpg 1024w, https:\/\/www.camping-arize.com\/wp-content\/uploads\/2024\/04\/Cascade_dArs_ariege_pyrenees_tourisme-300x200.jpg 300w, https:\/\/www.camping-arize.com\/wp-content\/uploads\/2024\/04\/Cascade_dArs_ariege_pyrenees_tourisme-768x512.jpg 768w, https:\/\/www.camping-arize.com\/wp-content\/uploads\/2024\/04\/Cascade_dArs_ariege_pyrenees_tourisme-312x208.jpg 312w\" sizes=\"(max-width: 1024px) 100vw, 1024px\" \/><\/figure><div class=\"wp-block-media-text__content\">\n<h2 class=\"wp-block-heading has-vivid-cyan-blue-color has-text-color has-link-color wp-elements-f38eeec384f6a9efe4039f9a534024be\">Groepsarrangementen op maat op onze camping in de Ari\u00e8ge<\/h2>\n\n\n\n<div style=\"height:25px\" aria-hidden=\"true\" class=\"wp-block-spacer\"><\/div>\n\n\n\n<p><strong>Camping L&#8217;Arize<\/strong> in de Ari\u00e8ge biedt ook <strong>vakanties op maat<\/strong> om <strong>groepsreizen<\/strong> te vergemakkelijken. Wil je <strong>samenkomen<\/strong> na een <strong>dag sightseeing<\/strong>, <strong>wandelen<\/strong>, <strong>paardrijden<\/strong>, <strong>fietsen of gastronomische<\/strong> ontdekkingen?<\/p>\n\n\n\n<p>We begeleiden je naar <strong>groepsactiviteiten<\/strong> waarmee je de wonderen van onze regio kunt ontdekken. Of je nu een sensatiezoeker bent met <strong>Cani-Karting op de camping<\/strong>, een geschiedenisfanaat met <strong>speleologie<\/strong> en culturele bezoeken, of op zoek bent naar rust te<strong> paard langs de nabijgelegen rivier<\/strong>, we hebben voor ieder wat wils.<\/p>\n\n\n\n<p>Naast <strong>accommodatie<\/strong> kunnen we <strong>persoonlijke activiteiten voor je groep organiseren<\/strong>, van <strong>rondleidingen en lokale<\/strong> <strong>kooklessen tot excursies<\/strong> in de <strong>buitenlucht<\/strong>. Wij zorgen voor alle details zodat jullie samen kunnen genieten van <strong>jullie verblijf<\/strong> in een ontspannen, <strong>vriendelijke<\/strong> sfeer. Kom naar ons voor je volgende <strong>groepsvakantie in de Ari\u00e8ge<\/strong>.<\/p>\n<\/div><\/div>\n\n<div style=\"height:150px\" aria-hidden=\"true\" class=\"wp-block-spacer\"><\/div>\n\n<div class=\"wp-block-group\"><div class=\"wp-block-group__inner-container is-layout-constrained wp-block-group-is-layout-constrained\">\n<div class=\"wp-block-cover aligncenter is-light\" style=\"margin-top:0;padding-top:5vw;padding-right:5vw;padding-bottom:5vw;padding-left:5vw\"><span aria-hidden=\"true\" class=\"wp-block-cover__background has-background-dim-0 has-background-dim\" style=\"background-color:#c2b7a4\"><\/span><img loading=\"lazy\" decoding=\"async\" width=\"1920\" height=\"1440\" class=\"wp-block-cover__image-background wp-image-782\" alt=\"Camping avec snack bar en Ari\u00e8ge.\" src=\"https:\/\/www.camping-arize.com\/wp-content\/uploads\/2024\/02\/burger-arize-ariege.jpg\" style=\"object-position:50% 81%\" data-object-fit=\"cover\" data-object-position=\"50% 81%\" srcset=\"https:\/\/www.camping-arize.com\/wp-content\/uploads\/2024\/02\/burger-arize-ariege.jpg 1920w, https:\/\/www.camping-arize.com\/wp-content\/uploads\/2024\/02\/burger-arize-ariege-300x225.jpg 300w, https:\/\/www.camping-arize.com\/wp-content\/uploads\/2024\/02\/burger-arize-ariege-1024x768.jpg 1024w, https:\/\/www.camping-arize.com\/wp-content\/uploads\/2024\/02\/burger-arize-ariege-768x576.jpg 768w, https:\/\/www.camping-arize.com\/wp-content\/uploads\/2024\/02\/burger-arize-ariege-1536x1152.jpg 1536w, https:\/\/www.camping-arize.com\/wp-content\/uploads\/2024\/02\/burger-arize-ariege-277x208.jpg 277w\" sizes=\"(max-width: 1920px) 100vw, 1920px\" \/><div class=\"wp-block-cover__inner-container is-layout-flow wp-block-cover-is-layout-flow\">\n<p class=\"has-text-align-center has-large-font-size\"><\/p>\n<\/div><\/div>\n\n\n\n<h2 class=\"wp-block-heading has-text-align-center has-vivid-cyan-blue-color has-text-color has-link-color wp-elements-68f12486c9bf6b94bdfb6901d7b1ec93\">Eten bij de snackbar op de camping<\/h2>\n\n\n\n<div style=\"height:25px\" aria-hidden=\"true\" class=\"wp-block-spacer\"><\/div>\n\n\n\n<p>Wij bieden veel meer dan <strong>alleen een maaltijd<\/strong>: een onderdompeling in de <strong>specialiteiten van de Ariege<\/strong>. Ons <strong>snackmenu<\/strong> bevat <strong>producten van lokale producenten<\/strong>, vaak <strong>biologisch<\/strong>, voor een authentieke en <strong>verantwoorde<\/strong> <strong>authentieke<\/strong>. Er zijn ook <strong>vegetarische gerechten<\/strong> <strong>verkrijgbaar<\/strong> voor alle di\u00ebten.<\/p>\n\n\n\n<p>Ontmoet onze lokale <strong>producenten en ontdek hun uniek<\/strong>e vaardigheden. Samen met jou stellen we een <strong>vakantie in de Ari\u00e8ge<\/strong> samen die helemaal is afgestemd op jouw wensen en behoeften. Of je nu <strong>met een kleine of grote groep reist<\/strong>, we heten je van harte welkom, van 8 tot 25 personen. <\/p>\n\n\n\n<p>Neem nu contact met ons op via <a href=\"tel:+33561658151\"><strong>telefoon<\/strong><\/a> of via ons <a href=\"https:\/\/www.camping-arize.com\/nl\/contact-en-toegang-tot-camping-larize\/\"><strong>online formulier<\/strong><\/a> om uw <strong>groepsvakantie in de Ari\u00e8ge<\/strong> te boeken.<\/p>\n\n\n\n<div style=\"height:150px\" aria-hidden=\"true\" class=\"wp-block-spacer\"><\/div>\n<\/div><\/div>\n","protected":false},"excerpt":{"rendered":"<p>Ben je op zoek naar een groepscamping in de Ari\u00e8ge voor je volgende vakantie met familie of vrienden? Onze camping in de Ari\u00e8geideaal gelegen in het hart van de Ari\u00e8ge Pyrenee\u00ebn, biedt een ruime keuze aan ruime, comfortabele stacaravans, chalets en kampeerplaatsen. Geniet van een groene omgeving en een verwarmd zwembad, voor een onvergetelijk verblijf [&hellip;]<\/p>\n","protected":false},"author":10,"featured_media":1227,"parent":0,"menu_order":0,"comment_status":"closed","ping_status":"closed","template":"","meta":{"_acf_changed":false,"footnotes":""},"acf":[],"yoast_head":"<!-- This site is optimized with the Yoast SEO plugin v22.5 - https:\/\/yoast.com\/wordpress\/plugins\/seo\/ -->\n<title>Groepsaccommodatie in de Ari\u00e8ge | Groepsaccommodatie op campings<\/title>\n<meta name=\"description\" content=\"Organiseer je groepsvakantie in de Ari\u00e8ge met onze campingaccommodaties. Comfort, natuur en gezelligheid wachten op je!\" \/>\n<meta name=\"robots\" content=\"index, follow, max-snippet:-1, max-image-preview:large, max-video-preview:-1\" \/>\n<link rel=\"canonical\" href=\"https:\/\/www.camping-arize.com\/nl\/groepsaccommodatie-op-onze-camping-in-de-ariege\/\" \/>\n<meta property=\"og:locale\" content=\"nl_NL\" \/>\n<meta property=\"og:type\" content=\"article\" \/>\n<meta property=\"og:title\" content=\"Groepsaccommodatie in de Ari\u00e8ge | Groepsaccommodatie op campings\" \/>\n<meta property=\"og:description\" content=\"Organiseer je groepsvakantie in de Ari\u00e8ge met onze campingaccommodaties. Comfort, natuur en gezelligheid wachten op je!\" \/>\n<meta property=\"og:url\" content=\"https:\/\/www.camping-arize.com\/nl\/groepsaccommodatie-op-onze-camping-in-de-ariege\/\" \/>\n<meta property=\"og:site_name\" content=\"Camping L&#039;Arize\" \/>\n<meta property=\"article:modified_time\" content=\"2024-07-16T10:50:54+00:00\" \/>\n<meta property=\"og:image\" content=\"https:\/\/www.camping-arize.com\/wp-content\/uploads\/2024\/02\/groupe-arize-ariege.jpg\" \/>\n\t<meta property=\"og:image:width\" content=\"1920\" \/>\n\t<meta property=\"og:image:height\" content=\"1440\" \/>\n\t<meta property=\"og:image:type\" content=\"image\/jpeg\" \/>\n<meta name=\"twitter:card\" content=\"summary_large_image\" \/>\n<script type=\"application\/ld+json\" class=\"yoast-schema-graph\">{\"@context\":\"https:\/\/schema.org\",\"@graph\":[{\"@type\":\"WebPage\",\"@id\":\"https:\/\/www.camping-arize.com\/nl\/groepsaccommodatie-op-onze-camping-in-de-ariege\/\",\"url\":\"https:\/\/www.camping-arize.com\/nl\/groepsaccommodatie-op-onze-camping-in-de-ariege\/\",\"name\":\"Groepsaccommodatie in de Ari\u00e8ge | Groepsaccommodatie op campings\",\"isPartOf\":{\"@id\":\"https:\/\/www.camping-arize.com\/#website\"},\"primaryImageOfPage\":{\"@id\":\"https:\/\/www.camping-arize.com\/nl\/groepsaccommodatie-op-onze-camping-in-de-ariege\/#primaryimage\"},\"image\":{\"@id\":\"https:\/\/www.camping-arize.com\/nl\/groepsaccommodatie-op-onze-camping-in-de-ariege\/#primaryimage\"},\"thumbnailUrl\":\"https:\/\/www.camping-arize.com\/wp-content\/uploads\/2024\/02\/groupe-arize-ariege.jpg\",\"datePublished\":\"2024-04-26T09:38:44+00:00\",\"dateModified\":\"2024-07-16T10:50:54+00:00\",\"description\":\"Organiseer je groepsvakantie in de Ari\u00e8ge met onze campingaccommodaties. Comfort, natuur en gezelligheid wachten op je!\",\"breadcrumb\":{\"@id\":\"https:\/\/www.camping-arize.com\/nl\/groepsaccommodatie-op-onze-camping-in-de-ariege\/#breadcrumb\"},\"inLanguage\":\"nl-NL\",\"potentialAction\":[{\"@type\":\"ReadAction\",\"target\":[\"https:\/\/www.camping-arize.com\/nl\/groepsaccommodatie-op-onze-camping-in-de-ariege\/\"]}]},{\"@type\":\"ImageObject\",\"inLanguage\":\"nl-NL\",\"@id\":\"https:\/\/www.camping-arize.com\/nl\/groepsaccommodatie-op-onze-camping-in-de-ariege\/#primaryimage\",\"url\":\"https:\/\/www.camping-arize.com\/wp-content\/uploads\/2024\/02\/groupe-arize-ariege.jpg\",\"contentUrl\":\"https:\/\/www.camping-arize.com\/wp-content\/uploads\/2024\/02\/groupe-arize-ariege.jpg\",\"width\":1920,\"height\":1440},{\"@type\":\"BreadcrumbList\",\"@id\":\"https:\/\/www.camping-arize.com\/nl\/groepsaccommodatie-op-onze-camping-in-de-ariege\/#breadcrumb\",\"itemListElement\":[{\"@type\":\"ListItem\",\"position\":1,\"name\":\"Camping Ari\u00e8ge\",\"item\":\"https:\/\/www.camping-arize.com\/nl\/home\/\"},{\"@type\":\"ListItem\",\"position\":2,\"name\":\"Groepsontvangst\"}]},{\"@type\":\"WebSite\",\"@id\":\"https:\/\/www.camping-arize.com\/#website\",\"url\":\"https:\/\/www.camping-arize.com\/\",\"name\":\"Camping L'Arize\",\"description\":\"Camping familial 4 \u00e9toiles en Ari\u00e8ge \u00e0 La Bastide-de-S\u00e9rou\",\"publisher\":{\"@id\":\"https:\/\/www.camping-arize.com\/#organization\"},\"inLanguage\":\"nl-NL\"},{\"@type\":\"Organization\",\"@id\":\"https:\/\/www.camping-arize.com\/#organization\",\"name\":\"Camping L'Arize\",\"url\":\"https:\/\/www.camping-arize.com\/\",\"logo\":{\"@type\":\"ImageObject\",\"inLanguage\":\"nl-NL\",\"@id\":\"https:\/\/www.camping-arize.com\/#\/schema\/logo\/image\/\",\"url\":\"https:\/\/www.camping-arize.com\/wp-content\/uploads\/2024\/01\/logo.png\",\"contentUrl\":\"https:\/\/www.camping-arize.com\/wp-content\/uploads\/2024\/01\/logo.png\",\"width\":117,\"height\":93,\"caption\":\"Camping L'Arize\"},\"image\":{\"@id\":\"https:\/\/www.camping-arize.com\/#\/schema\/logo\/image\/\"}}]}<\/script>\n<!-- \/ Yoast SEO plugin. -->","yoast_head_json":{"title":"Groepsaccommodatie in de Ari\u00e8ge | Groepsaccommodatie op campings","description":"Organiseer je groepsvakantie in de Ari\u00e8ge met onze campingaccommodaties. Comfort, natuur en gezelligheid wachten op je!","robots":{"index":"index","follow":"follow","max-snippet":"max-snippet:-1","max-image-preview":"max-image-preview:large","max-video-preview":"max-video-preview:-1"},"canonical":"https:\/\/www.camping-arize.com\/nl\/groepsaccommodatie-op-onze-camping-in-de-ariege\/","og_locale":"nl_NL","og_type":"article","og_title":"Groepsaccommodatie in de Ari\u00e8ge | Groepsaccommodatie op campings","og_description":"Organiseer je groepsvakantie in de Ari\u00e8ge met onze campingaccommodaties. Comfort, natuur en gezelligheid wachten op je!","og_url":"https:\/\/www.camping-arize.com\/nl\/groepsaccommodatie-op-onze-camping-in-de-ariege\/","og_site_name":"Camping L&#039;Arize","article_modified_time":"2024-07-16T10:50:54+00:00","og_image":[{"width":1920,"height":1440,"url":"https:\/\/www.camping-arize.com\/wp-content\/uploads\/2024\/02\/groupe-arize-ariege.jpg","type":"image\/jpeg"}],"twitter_card":"summary_large_image","schema":{"@context":"https:\/\/schema.org","@graph":[{"@type":"WebPage","@id":"https:\/\/www.camping-arize.com\/nl\/groepsaccommodatie-op-onze-camping-in-de-ariege\/","url":"https:\/\/www.camping-arize.com\/nl\/groepsaccommodatie-op-onze-camping-in-de-ariege\/","name":"Groepsaccommodatie in de Ari\u00e8ge | Groepsaccommodatie op campings","isPartOf":{"@id":"https:\/\/www.camping-arize.com\/#website"},"primaryImageOfPage":{"@id":"https:\/\/www.camping-arize.com\/nl\/groepsaccommodatie-op-onze-camping-in-de-ariege\/#primaryimage"},"image":{"@id":"https:\/\/www.camping-arize.com\/nl\/groepsaccommodatie-op-onze-camping-in-de-ariege\/#primaryimage"},"thumbnailUrl":"https:\/\/www.camping-arize.com\/wp-content\/uploads\/2024\/02\/groupe-arize-ariege.jpg","datePublished":"2024-04-26T09:38:44+00:00","dateModified":"2024-07-16T10:50:54+00:00","description":"Organiseer je groepsvakantie in de Ari\u00e8ge met onze campingaccommodaties. Comfort, natuur en gezelligheid wachten op je!","breadcrumb":{"@id":"https:\/\/www.camping-arize.com\/nl\/groepsaccommodatie-op-onze-camping-in-de-ariege\/#breadcrumb"},"inLanguage":"nl-NL","potentialAction":[{"@type":"ReadAction","target":["https:\/\/www.camping-arize.com\/nl\/groepsaccommodatie-op-onze-camping-in-de-ariege\/"]}]},{"@type":"ImageObject","inLanguage":"nl-NL","@id":"https:\/\/www.camping-arize.com\/nl\/groepsaccommodatie-op-onze-camping-in-de-ariege\/#primaryimage","url":"https:\/\/www.camping-arize.com\/wp-content\/uploads\/2024\/02\/groupe-arize-ariege.jpg","contentUrl":"https:\/\/www.camping-arize.com\/wp-content\/uploads\/2024\/02\/groupe-arize-ariege.jpg","width":1920,"height":1440},{"@type":"BreadcrumbList","@id":"https:\/\/www.camping-arize.com\/nl\/groepsaccommodatie-op-onze-camping-in-de-ariege\/#breadcrumb","itemListElement":[{"@type":"ListItem","position":1,"name":"Camping Ari\u00e8ge","item":"https:\/\/www.camping-arize.com\/nl\/home\/"},{"@type":"ListItem","position":2,"name":"Groepsontvangst"}]},{"@type":"WebSite","@id":"https:\/\/www.camping-arize.com\/#website","url":"https:\/\/www.camping-arize.com\/","name":"Camping L'Arize","description":"Camping familial 4 \u00e9toiles en Ari\u00e8ge \u00e0 La Bastide-de-S\u00e9rou","publisher":{"@id":"https:\/\/www.camping-arize.com\/#organization"},"inLanguage":"nl-NL"},{"@type":"Organization","@id":"https:\/\/www.camping-arize.com\/#organization","name":"Camping L'Arize","url":"https:\/\/www.camping-arize.com\/","logo":{"@type":"ImageObject","inLanguage":"nl-NL","@id":"https:\/\/www.camping-arize.com\/#\/schema\/logo\/image\/","url":"https:\/\/www.camping-arize.com\/wp-content\/uploads\/2024\/01\/logo.png","contentUrl":"https:\/\/www.camping-arize.com\/wp-content\/uploads\/2024\/01\/logo.png","width":117,"height":93,"caption":"Camping L'Arize"},"image":{"@id":"https:\/\/www.camping-arize.com\/#\/schema\/logo\/image\/"}}]}},"_links":{"self":[{"href":"https:\/\/www.camping-arize.com\/nl\/wp-json\/wp\/v2\/pages\/1224"}],"collection":[{"href":"https:\/\/www.camping-arize.com\/nl\/wp-json\/wp\/v2\/pages"}],"about":[{"href":"https:\/\/www.camping-arize.com\/nl\/wp-json\/wp\/v2\/types\/page"}],"author":[{"embeddable":true,"href":"https:\/\/www.camping-arize.com\/nl\/wp-json\/wp\/v2\/users\/10"}],"replies":[{"embeddable":true,"href":"https:\/\/www.camping-arize.com\/nl\/wp-json\/wp\/v2\/comments?post=1224"}],"version-history":[{"count":3,"href":"https:\/\/www.camping-arize.com\/nl\/wp-json\/wp\/v2\/pages\/1224\/revisions"}],"predecessor-version":[{"id":2138,"href":"https:\/\/www.camping-arize.com\/nl\/wp-json\/wp\/v2\/pages\/1224\/revisions\/2138"}],"wp:featuredmedia":[{"embeddable":true,"href":"https:\/\/www.camping-arize.com\/nl\/wp-json\/wp\/v2\/media\/1227"}],"wp:attachment":[{"href":"https:\/\/www.camping-arize.com\/nl\/wp-json\/wp\/v2\/media?parent=1224"}],"curies":[{"name":"wp","href":"https:\/\/api.w.org\/{rel}","templated":true}]}}