{"id":1261,"date":"2024-04-26T11:39:03","date_gmt":"2024-04-26T09:39:03","guid":{"rendered":"https:\/\/www.camping-arize.com\/diensten-voor-een-ideaal-verblijf-midden-in-de-natuur-in-de-ariege\/"},"modified":"2024-09-21T18:03:11","modified_gmt":"2024-09-21T16:03:11","slug":"diensten-voor-een-ideaal-verblijf-midden-in-de-natuur-in-de-ariege","status":"publish","type":"page","link":"https:\/\/www.camping-arize.com\/nl\/diensten-voor-een-ideaal-verblijf-midden-in-de-natuur-in-de-ariege\/","title":{"rendered":"4-sterren camping in Ari\u00e8ge"},"content":{"rendered":"\n<div class=\"wp-block-cover\"><span aria-hidden=\"true\" class=\"wp-block-cover__background has-background-dim-0 has-background-dim\"><\/span><img loading=\"lazy\" decoding=\"async\" width=\"1920\" height=\"1200\" class=\"wp-block-cover__image-background wp-image-266\" alt=\"Camping 4 \u00e9toiles en Ari\u00e8ge au bord de la rivi\u00e8re Arize.\" src=\"https:\/\/www.camping-arize.com\/wp-content\/uploads\/2024\/02\/camping-en-bord-de-riviere-camping-l-arize-ariege-1.jpg\" data-object-fit=\"cover\" srcset=\"https:\/\/www.camping-arize.com\/wp-content\/uploads\/2024\/02\/camping-en-bord-de-riviere-camping-l-arize-ariege-1.jpg 1920w, https:\/\/www.camping-arize.com\/wp-content\/uploads\/2024\/02\/camping-en-bord-de-riviere-camping-l-arize-ariege-1-300x188.jpg 300w, https:\/\/www.camping-arize.com\/wp-content\/uploads\/2024\/02\/camping-en-bord-de-riviere-camping-l-arize-ariege-1-1024x640.jpg 1024w, https:\/\/www.camping-arize.com\/wp-content\/uploads\/2024\/02\/camping-en-bord-de-riviere-camping-l-arize-ariege-1-768x480.jpg 768w, https:\/\/www.camping-arize.com\/wp-content\/uploads\/2024\/02\/camping-en-bord-de-riviere-camping-l-arize-ariege-1-1536x960.jpg 1536w, https:\/\/www.camping-arize.com\/wp-content\/uploads\/2024\/02\/camping-en-bord-de-riviere-camping-l-arize-ariege-1-333x208.jpg 333w\" sizes=\"(max-width: 1920px) 100vw, 1920px\" \/><div class=\"wp-block-cover__inner-container is-layout-constrained wp-block-cover-is-layout-constrained\">\n<p class=\"has-text-align-center has-large-font-size\"><\/p>\n<\/div><\/div>\n\n\n\n<div style=\"height:50px\" aria-hidden=\"true\" class=\"wp-block-spacer\"><\/div>\n\n\n\n<p><strong>Camping L&#8217;Arize<\/strong> ligt in het <strong>Parc R\u00e9gional Naturel des Pyr\u00e9n\u00e9es Ari\u00e9geoises<\/strong> en verwelkomt je voor een ontspannende ervaring<strong>midden in de natuur<\/strong>. Onze <strong>4-sterren camping in de Ari\u00e8ge<\/strong>, geopend van 20 april tot 28 september 2024, belooft je een onvergetelijk verblijf dankzij zijn <strong>uitzonderlijke diensten<\/strong>: een persoonlijk onthaal, toegewijde hulp en een <strong>volledig dienstenaanbod<\/strong> om <strong>je vakantie te verrijken<\/strong>. Of je nu op zoek bent naar het comfort van een familieverblijf of een uitvalsbasis voor je outdooravonturen, onze <strong><a href=\"https:\/\/www.camping-arize.com\/nl\/\">camping in de Ari\u00e8ge<\/a><\/strong> is de ideale plek om de rijkdommen van de streek te ontdekken.<\/p>\n\n\n\n<div style=\"height:100px\" aria-hidden=\"true\" class=\"wp-block-spacer\"><\/div>\n\n\n\n<div class=\"wp-block-media-text is-stacked-on-mobile is-vertically-aligned-center is-image-fill mb-5\"><figure class=\"wp-block-media-text__media\" style=\"background-image:url(https:\/\/www.camping-arize.com\/wp-content\/uploads\/2024\/02\/Arrize-services-accueil-655x1024.jpg);background-position:50% 50%\"><img loading=\"lazy\" decoding=\"async\" width=\"655\" height=\"1024\" src=\"https:\/\/www.camping-arize.com\/wp-content\/uploads\/2024\/02\/Arrize-services-accueil-655x1024.jpg\" alt=\"R\u00e9ception du camping 4 \u00e9toiles L'Arize en Ari\u00e8ge.\" class=\"wp-image-303 size-large\" srcset=\"https:\/\/www.camping-arize.com\/wp-content\/uploads\/2024\/02\/Arrize-services-accueil-655x1024.jpg 655w, https:\/\/www.camping-arize.com\/wp-content\/uploads\/2024\/02\/Arrize-services-accueil-192x300.jpg 192w, https:\/\/www.camping-arize.com\/wp-content\/uploads\/2024\/02\/Arrize-services-accueil-133x208.jpg 133w, https:\/\/www.camping-arize.com\/wp-content\/uploads\/2024\/02\/Arrize-services-accueil.jpg 691w\" sizes=\"(max-width: 655px) 100vw, 655px\" \/><\/figure><div class=\"wp-block-media-text__content\">\n<h2 class=\"wp-block-heading has-vivid-cyan-blue-color has-text-color has-link-color wp-elements-98505459722c9e44a1ad6953550b9bbb\">L&#8217;Arize, 4-sterrencamping in La Bastide-de-S\u00e9rou, Ari\u00e8ge<\/h2>\n\n\n\n<div style=\"height:50px\" aria-hidden=\"true\" class=\"wp-block-spacer\"><\/div>\n\n\n\n<p>Van 20 april tot 28 september 2024 opent <strong>camping L&#8217;Arize in de Ari\u00e8ge<\/strong> zijn deuren voor een <strong>onvergetelijke ervaring in het hart van de natuur<\/strong>. Profiteer van onze <strong>uitzonderlijke locatie<\/strong> en <strong>hoogwaardige services<\/strong> voor een onvergetelijke vakantie.<\/p>\n\n\n\n<p>Tijdens het <strong>hoogseizoen<\/strong> is onze receptie geopend van 8.30 tot 12.15 uur en van 14.15 tot 20.00 uur, en tijdens het <strong>laagseizoen<\/strong> van 9.00 tot 12.00 uur en van 14.30 tot 18.30 uur. <\/p>\n\n\n\n<p>Bij aankomst heb je toegang tot een breed scala aan <strong>toeristische informatie over de Ari\u00e8ge Midi-Pyr\u00e9n\u00e9es<\/strong>, waaronder <strong>brochures<\/strong>, <strong>kaarten<\/strong> en praktische informatie, zodat je <strong>wandelroutes<\/strong>, historische locaties, <strong>gastronomie<\/strong> en <strong>buitenactiviteiten<\/strong> kunt ontdekken.<\/p>\n\n\n\n<p>Kies voor je <strong>familievakantie<\/strong> voor een <strong><a href=\"https:\/\/www.camping-arize.com\/nl\/categorie\/stacaravans\/\">stacaravan<\/a><\/strong>chalet of <strong><a href=\"https:\/\/www.camping-arize.com\/nl\/categorie\/locaties\/\">kampeerplaats<\/a><\/strong> in het <strong>hart van de Ari\u00e8ge<\/strong>. We doen er alles aan om je verblijf zo aangenaam mogelijk te maken, met <strong>persoonlijke ondersteuning<\/strong> die is afgestemd op jouw behoeften.<\/p>\n<\/div><\/div>\n\n\n\n<div style=\"height:150px\" aria-hidden=\"true\" class=\"wp-block-spacer\"><\/div>\n\n\n\n<div class=\"wp-block-media-text has-media-on-the-right is-stacked-on-mobile is-vertically-aligned-center is-image-fill mb-5\"><div class=\"wp-block-media-text__content\">\n<h2 class=\"wp-block-heading has-vivid-cyan-blue-color has-text-color has-link-color wp-elements-fdcb0be7d25992de31880060920c0d84\">4-sterrenvoorzieningen op onze camping in de Ari\u00e8ge<\/h2>\n\n\n\n<div style=\"height:25px\" aria-hidden=\"true\" class=\"wp-block-spacer\"><\/div>\n\n\n\n<p>Onder de <strong>verschillende diensten<\/strong> die worden aangeboden op de <strong>4-sterrencamping L&#8217;Arize in de Ari\u00e8ge<\/strong>, vind je <strong>gratis WIFI<\/strong> bij de receptie en op <strong>het terras van de bar\/restaurant<\/strong>, met <strong>betaalpakketten<\/strong> voor <strong>onbeperkte toegang<\/strong> op de hele camping. Onze <strong>kruidenierswinkel<\/strong> biedt <strong>lokale<\/strong> en <strong>ambachtelijke<\/strong> lokale. Geniet in juli en augustus elke ochtend van <strong>vers brood<\/strong> en <strong>gebak<\/strong>. Ontspan in ons <strong>verwarmde zwembad<\/strong>, ideaal voor <strong>tijd met het gezin<\/strong>. De hele zomer door worden er talloze <strong>evenementen voor kinderen en volwassenen<\/strong> georganiseerd. Ontdek de <strong>miniclub voor kinderen<\/strong>, <strong>thema-avonden<\/strong>, <strong>sportactiviteiten<\/strong> en <strong>creatieve workshops<\/strong> tijdens je volgende vakantie. Er is ook een <strong>volledig uitgeruste wasruimte<\/strong> beschikbaar, met <strong>gratis toegang per verblijf<\/strong>. Ontdek een unieke ervaring in het hart van de <strong>Ariege Pyrenee\u00ebn<\/strong>.<\/p>\n<\/div><figure class=\"wp-block-media-text__media\" style=\"background-image:url(https:\/\/www.camping-arize.com\/wp-content\/uploads\/2024\/04\/DJI_0022-1024x576.jpg);background-position:50% 50%\"><img loading=\"lazy\" decoding=\"async\" width=\"1024\" height=\"576\" src=\"https:\/\/www.camping-arize.com\/wp-content\/uploads\/2024\/04\/DJI_0022-1024x576.jpg\" alt=\"\" class=\"wp-image-909 size-large\" srcset=\"https:\/\/www.camping-arize.com\/wp-content\/uploads\/2024\/04\/DJI_0022-1024x576.jpg 1024w, https:\/\/www.camping-arize.com\/wp-content\/uploads\/2024\/04\/DJI_0022-300x169.jpg 300w, https:\/\/www.camping-arize.com\/wp-content\/uploads\/2024\/04\/DJI_0022-768x432.jpg 768w, https:\/\/www.camping-arize.com\/wp-content\/uploads\/2024\/04\/DJI_0022-1536x864.jpg 1536w, https:\/\/www.camping-arize.com\/wp-content\/uploads\/2024\/04\/DJI_0022-2048x1152.jpg 2048w, https:\/\/www.camping-arize.com\/wp-content\/uploads\/2024\/04\/DJI_0022-1920x1080.jpg 1920w, https:\/\/www.camping-arize.com\/wp-content\/uploads\/2024\/04\/DJI_0022-367x206.jpg 367w\" sizes=\"(max-width: 1024px) 100vw, 1024px\" \/><\/figure><\/div>\n\n\n\n<div style=\"height:50px\" aria-hidden=\"true\" class=\"wp-block-spacer\"><\/div>\n\n\n\n<div class=\"wp-block-group\"><div class=\"wp-block-group__inner-container is-layout-constrained wp-block-group-is-layout-constrained\">\n<h3 class=\"wp-block-heading\">Gratis WIFI<\/h3>\n\n\n\n<p>Vrij <strong>gebied rond<\/strong> de receptie en bar: we geven je de <strong>toegangscode<\/strong> bij aankomst op de camping.<\/p>\n\n\n\n<p><strong>Betaalde pakketten<\/strong> voor <strong>onbeperkte toegang <\/strong> op de hele camping.<\/p>\n\n\n\n<p><strong>WIFI is gratis<\/strong> op het <strong>terras van de bar\/restaurant<\/strong> en bij de receptie van je <strong>camping Arize in de Ari\u00e8ge Pyrenee\u00ebn<\/strong>. Je kunt dan je e-mails controleren.<\/p>\n\n\n\n<div style=\"height:25px\" aria-hidden=\"true\" class=\"wp-block-spacer\"><\/div>\n<\/div><\/div>\n\n\n\n<div class=\"wp-block-group\"><div class=\"wp-block-group__inner-container is-layout-constrained wp-block-group-is-layout-constrained\">\n<h3 class=\"wp-block-heading\">Kruidenierswinkel<\/h3>\n\n\n\n<p>De eerste keer heb je pech &#8211; je bent het voorgerecht vergeten! Maak je geen zorgen, er <strong>zal<\/strong> ook een kruidenierswinkel beschikbaar zijn, dus je hoeft niet de deur uit voor kleine dingen&#8230; <strong>Lokale producten<\/strong> en <strong>ambachtelijke producten<\/strong> hebben ook hun weg gevonden naar de schappen van onze <strong>kruidenierswinkel.<\/strong><\/p>\n\n\n\n<div style=\"height:25px\" aria-hidden=\"true\" class=\"wp-block-spacer\"><\/div>\n<\/div><\/div>\n\n\n\n<div class=\"wp-block-group\"><div class=\"wp-block-group__inner-container is-layout-constrained wp-block-group-is-layout-constrained\">\n<h3 class=\"wp-block-heading\">Ontbijt<\/h3>\n\n\n\n<p>Op bestelling zijn er in juli en augustus elke ochtend <strong>vers brood<\/strong> en <strong>gebak<\/strong> van onze <strong>ambachtelijke bakker Antony Parolin<\/strong> verkrijgbaar bij de receptie.<\/p>\n\n\n\n<div style=\"height:25px\" aria-hidden=\"true\" class=\"wp-block-spacer\"><\/div>\n<\/div><\/div>\n\n\n\n<div class=\"wp-block-group\"><div class=\"wp-block-group__inner-container is-layout-constrained wp-block-group-is-layout-constrained\">\n<h3 class=\"wp-block-heading\">Wasruimte<\/h3>\n\n\n\n<p>Een <strong>wasruimte<\/strong> met <strong>wasmachine<\/strong> en <strong>droger<\/strong> bevindt zich in de <strong>sanitaire voorzieningen<\/strong>. Munten zijn te koop bij de receptie (wasmachine \u20ac5,50, wasdroger \u20ac5,00). Een <strong>strijkplank<\/strong> en <strong>strijkijzer<\/strong> zijn beschikbaar op aanvraag.<\/p>\n\n\n\n<p style=\"font-size:15px\"><em>1 gratis toegang per verblijf<\/em><\/p>\n\n\n\n<div style=\"height:25px\" aria-hidden=\"true\" class=\"wp-block-spacer\"><\/div>\n<\/div><\/div>\n\n\n\n<div class=\"wp-block-group\"><div class=\"wp-block-group__inner-container is-layout-constrained wp-block-group-is-layout-constrained\">\n<h3 class=\"wp-block-heading\">Evenementen en activiteiten<\/h3>\n\n\n\n<p>Geniet van <strong><a href=\"https:\/\/www.camping-arize.com\/nl\/animatie-voor-het-hele-gezin-op-onze-camping-in-de-ariege\/\">een levendige vakantie in de Ari\u00e8ge<\/a><\/strong> dankzij de <strong>vele activiteiten<\/strong> op onze <strong>4-sterrencamping in de Ari\u00e8ge<\/strong>. Van 8 juli tot 26 augustus biedt de <strong>miniclub voor kinderen<\/strong> <strong>activiteiten voor jonge <\/strong>kampeerders van 5 tot 11 jaar, zoals creatieve spelletjes, speurtochten en waterpolo. Neem deel aan <strong>thema-avonden<\/strong>, <strong>concerten<\/strong> en <strong>kampvuren<\/strong>. Verken de natuur tijdens <strong>wandel-<\/strong> of <strong>speleologie-excursies<\/strong>. In de buurt kunt u <strong>paardrijlessen nemen bij Equizones<\/strong>. Gratis <strong>avondentertainment<\/strong> en <strong>Gratis maken het programma<\/strong> compleet voor een <strong>onvergetelijke vakantie in het hart van het platteland van de Ari\u00e8ge<\/strong>.<\/p>\n\n\n\n<div style=\"height:25px\" aria-hidden=\"true\" class=\"wp-block-spacer\"><\/div>\n<\/div><\/div>\n\n\n\n<div class=\"wp-block-group\"><div class=\"wp-block-group__inner-container is-layout-constrained wp-block-group-is-layout-constrained\">\n<h3 class=\"wp-block-heading\">Verwarmd zwembad<\/h3>\n\n\n\n<p>Ontdek onze <strong><a href=\"https:\/\/www.camping-arize.com\/nl\/duik-in-de-arize-wateroase-ontspanning-en-plezier-op-de-camping\/\">camping met zwembad in de Ari\u00e8ge<\/a><\/strong>, ideaal voor het hele gezin. Geniet van juni tot half september van ons <strong>verwarmde zwembad<\/strong> en <strong>pierenbad<\/strong> (verwarmd in juli en augustus). Activiteiten en avonden<strong>in het zwembad<\/strong> zijn ook beschikbaar tijdens het <strong>zomerseizoen<\/strong>. Ontspan op ons <strong>natuurlijke strand<\/strong> aan <strong>de oever van de rivier de Arize<\/strong>, ideaal voor verkoeling en <strong>plezier midden in de natuur<\/strong>.<\/p>\n<\/div><\/div>\n","protected":false},"excerpt":{"rendered":"<p>Camping L&#8217;Arize ligt in het Parc R\u00e9gional Naturel des Pyr\u00e9n\u00e9es Ari\u00e9geoises en verwelkomt je voor een ontspannende ervaringmidden in de natuur. Onze 4-sterren camping in de Ari\u00e8ge, geopend van 20 april tot 28 september 2024, belooft je een onvergetelijk verblijf dankzij zijn uitzonderlijke diensten: een persoonlijk onthaal, toegewijde hulp en een volledig dienstenaanbod om je [&hellip;]<\/p>\n","protected":false},"author":10,"featured_media":1897,"parent":0,"menu_order":0,"comment_status":"closed","ping_status":"closed","template":"","meta":{"_acf_changed":false,"footnotes":""},"acf":[],"yoast_head":"<!-- This site is optimized with the Yoast SEO plugin v22.5 - https:\/\/yoast.com\/wordpress\/plugins\/seo\/ -->\n<title>4-sterren camping Ari\u00e8ge | Familiecamping in Ari\u00e8ge<\/title>\n<meta name=\"description\" content=\"Geniet van een vakantie op een 4-sterrencamping in de Ari\u00e8ge met eersteklas voorzieningen voor het hele gezin in de Ariege Pyrenee\u00ebn.\" \/>\n<meta name=\"robots\" content=\"index, follow, max-snippet:-1, max-image-preview:large, max-video-preview:-1\" \/>\n<link rel=\"canonical\" href=\"https:\/\/www.camping-arize.com\/nl\/diensten-voor-een-ideaal-verblijf-midden-in-de-natuur-in-de-ariege\/\" \/>\n<meta property=\"og:locale\" content=\"nl_NL\" \/>\n<meta property=\"og:type\" content=\"article\" \/>\n<meta property=\"og:title\" content=\"4-sterren camping Ari\u00e8ge | Familiecamping in Ari\u00e8ge\" \/>\n<meta property=\"og:description\" content=\"Geniet van een vakantie op een 4-sterrencamping in de Ari\u00e8ge met eersteklas voorzieningen voor het hele gezin in de Ariege Pyrenee\u00ebn.\" \/>\n<meta property=\"og:url\" content=\"https:\/\/www.camping-arize.com\/nl\/diensten-voor-een-ideaal-verblijf-midden-in-de-natuur-in-de-ariege\/\" \/>\n<meta property=\"og:site_name\" content=\"Camping L&#039;Arize\" \/>\n<meta property=\"article:modified_time\" content=\"2024-09-21T16:03:11+00:00\" \/>\n<meta property=\"og:image\" content=\"https:\/\/www.camping-arize.com\/wp-content\/uploads\/2024\/04\/DJI_0022-scaled.jpg\" \/>\n\t<meta property=\"og:image:width\" content=\"2560\" \/>\n\t<meta property=\"og:image:height\" content=\"1440\" \/>\n\t<meta property=\"og:image:type\" content=\"image\/jpeg\" \/>\n<meta name=\"twitter:card\" content=\"summary_large_image\" \/>\n<script type=\"application\/ld+json\" class=\"yoast-schema-graph\">{\"@context\":\"https:\/\/schema.org\",\"@graph\":[{\"@type\":\"WebPage\",\"@id\":\"https:\/\/www.camping-arize.com\/nl\/diensten-voor-een-ideaal-verblijf-midden-in-de-natuur-in-de-ariege\/\",\"url\":\"https:\/\/www.camping-arize.com\/nl\/diensten-voor-een-ideaal-verblijf-midden-in-de-natuur-in-de-ariege\/\",\"name\":\"4-sterren camping Ari\u00e8ge | Familiecamping in Ari\u00e8ge\",\"isPartOf\":{\"@id\":\"https:\/\/www.camping-arize.com\/#website\"},\"primaryImageOfPage\":{\"@id\":\"https:\/\/www.camping-arize.com\/nl\/diensten-voor-een-ideaal-verblijf-midden-in-de-natuur-in-de-ariege\/#primaryimage\"},\"image\":{\"@id\":\"https:\/\/www.camping-arize.com\/nl\/diensten-voor-een-ideaal-verblijf-midden-in-de-natuur-in-de-ariege\/#primaryimage\"},\"thumbnailUrl\":\"https:\/\/www.camping-arize.com\/wp-content\/uploads\/2024\/04\/DJI_0022-scaled.jpg\",\"datePublished\":\"2024-04-26T09:39:03+00:00\",\"dateModified\":\"2024-09-21T16:03:11+00:00\",\"description\":\"Geniet van een vakantie op een 4-sterrencamping in de Ari\u00e8ge met eersteklas voorzieningen voor het hele gezin in de Ariege Pyrenee\u00ebn.\",\"breadcrumb\":{\"@id\":\"https:\/\/www.camping-arize.com\/nl\/diensten-voor-een-ideaal-verblijf-midden-in-de-natuur-in-de-ariege\/#breadcrumb\"},\"inLanguage\":\"nl-NL\",\"potentialAction\":[{\"@type\":\"ReadAction\",\"target\":[\"https:\/\/www.camping-arize.com\/nl\/diensten-voor-een-ideaal-verblijf-midden-in-de-natuur-in-de-ariege\/\"]}]},{\"@type\":\"ImageObject\",\"inLanguage\":\"nl-NL\",\"@id\":\"https:\/\/www.camping-arize.com\/nl\/diensten-voor-een-ideaal-verblijf-midden-in-de-natuur-in-de-ariege\/#primaryimage\",\"url\":\"https:\/\/www.camping-arize.com\/wp-content\/uploads\/2024\/04\/DJI_0022-scaled.jpg\",\"contentUrl\":\"https:\/\/www.camping-arize.com\/wp-content\/uploads\/2024\/04\/DJI_0022-scaled.jpg\",\"width\":2560,\"height\":1440,\"caption\":\"DCIM100MEDIADJI_0022.JPG\"},{\"@type\":\"BreadcrumbList\",\"@id\":\"https:\/\/www.camping-arize.com\/nl\/diensten-voor-een-ideaal-verblijf-midden-in-de-natuur-in-de-ariege\/#breadcrumb\",\"itemListElement\":[{\"@type\":\"ListItem\",\"position\":1,\"name\":\"Camping Ari\u00e8ge\",\"item\":\"https:\/\/www.camping-arize.com\/nl\/\"},{\"@type\":\"ListItem\",\"position\":2,\"name\":\"4-sterrencamping met voorzieningen in de Ari\u00e8ge\"}]},{\"@type\":\"WebSite\",\"@id\":\"https:\/\/www.camping-arize.com\/#website\",\"url\":\"https:\/\/www.camping-arize.com\/\",\"name\":\"Camping L'Arize\",\"description\":\"Camping familial 4 \u00e9toiles en Ari\u00e8ge \u00e0 La Bastide-de-S\u00e9rou\",\"publisher\":{\"@id\":\"https:\/\/www.camping-arize.com\/#organization\"},\"inLanguage\":\"nl-NL\"},{\"@type\":\"Organization\",\"@id\":\"https:\/\/www.camping-arize.com\/#organization\",\"name\":\"Camping L'Arize\",\"url\":\"https:\/\/www.camping-arize.com\/\",\"logo\":{\"@type\":\"ImageObject\",\"inLanguage\":\"nl-NL\",\"@id\":\"https:\/\/www.camping-arize.com\/#\/schema\/logo\/image\/\",\"url\":\"https:\/\/www.camping-arize.com\/wp-content\/uploads\/2024\/01\/logo.png\",\"contentUrl\":\"https:\/\/www.camping-arize.com\/wp-content\/uploads\/2024\/01\/logo.png\",\"width\":117,\"height\":93,\"caption\":\"Camping L'Arize\"},\"image\":{\"@id\":\"https:\/\/www.camping-arize.com\/#\/schema\/logo\/image\/\"}}]}<\/script>\n<!-- \/ Yoast SEO plugin. -->","yoast_head_json":{"title":"4-sterren camping Ari\u00e8ge | Familiecamping in Ari\u00e8ge","description":"Geniet van een vakantie op een 4-sterrencamping in de Ari\u00e8ge met eersteklas voorzieningen voor het hele gezin in de Ariege Pyrenee\u00ebn.","robots":{"index":"index","follow":"follow","max-snippet":"max-snippet:-1","max-image-preview":"max-image-preview:large","max-video-preview":"max-video-preview:-1"},"canonical":"https:\/\/www.camping-arize.com\/nl\/diensten-voor-een-ideaal-verblijf-midden-in-de-natuur-in-de-ariege\/","og_locale":"nl_NL","og_type":"article","og_title":"4-sterren camping Ari\u00e8ge | Familiecamping in Ari\u00e8ge","og_description":"Geniet van een vakantie op een 4-sterrencamping in de Ari\u00e8ge met eersteklas voorzieningen voor het hele gezin in de Ariege Pyrenee\u00ebn.","og_url":"https:\/\/www.camping-arize.com\/nl\/diensten-voor-een-ideaal-verblijf-midden-in-de-natuur-in-de-ariege\/","og_site_name":"Camping L&#039;Arize","article_modified_time":"2024-09-21T16:03:11+00:00","og_image":[{"width":2560,"height":1440,"url":"https:\/\/www.camping-arize.com\/wp-content\/uploads\/2024\/04\/DJI_0022-scaled.jpg","type":"image\/jpeg"}],"twitter_card":"summary_large_image","schema":{"@context":"https:\/\/schema.org","@graph":[{"@type":"WebPage","@id":"https:\/\/www.camping-arize.com\/nl\/diensten-voor-een-ideaal-verblijf-midden-in-de-natuur-in-de-ariege\/","url":"https:\/\/www.camping-arize.com\/nl\/diensten-voor-een-ideaal-verblijf-midden-in-de-natuur-in-de-ariege\/","name":"4-sterren camping Ari\u00e8ge | Familiecamping in Ari\u00e8ge","isPartOf":{"@id":"https:\/\/www.camping-arize.com\/#website"},"primaryImageOfPage":{"@id":"https:\/\/www.camping-arize.com\/nl\/diensten-voor-een-ideaal-verblijf-midden-in-de-natuur-in-de-ariege\/#primaryimage"},"image":{"@id":"https:\/\/www.camping-arize.com\/nl\/diensten-voor-een-ideaal-verblijf-midden-in-de-natuur-in-de-ariege\/#primaryimage"},"thumbnailUrl":"https:\/\/www.camping-arize.com\/wp-content\/uploads\/2024\/04\/DJI_0022-scaled.jpg","datePublished":"2024-04-26T09:39:03+00:00","dateModified":"2024-09-21T16:03:11+00:00","description":"Geniet van een vakantie op een 4-sterrencamping in de Ari\u00e8ge met eersteklas voorzieningen voor het hele gezin in de Ariege Pyrenee\u00ebn.","breadcrumb":{"@id":"https:\/\/www.camping-arize.com\/nl\/diensten-voor-een-ideaal-verblijf-midden-in-de-natuur-in-de-ariege\/#breadcrumb"},"inLanguage":"nl-NL","potentialAction":[{"@type":"ReadAction","target":["https:\/\/www.camping-arize.com\/nl\/diensten-voor-een-ideaal-verblijf-midden-in-de-natuur-in-de-ariege\/"]}]},{"@type":"ImageObject","inLanguage":"nl-NL","@id":"https:\/\/www.camping-arize.com\/nl\/diensten-voor-een-ideaal-verblijf-midden-in-de-natuur-in-de-ariege\/#primaryimage","url":"https:\/\/www.camping-arize.com\/wp-content\/uploads\/2024\/04\/DJI_0022-scaled.jpg","contentUrl":"https:\/\/www.camping-arize.com\/wp-content\/uploads\/2024\/04\/DJI_0022-scaled.jpg","width":2560,"height":1440,"caption":"DCIM100MEDIADJI_0022.JPG"},{"@type":"BreadcrumbList","@id":"https:\/\/www.camping-arize.com\/nl\/diensten-voor-een-ideaal-verblijf-midden-in-de-natuur-in-de-ariege\/#breadcrumb","itemListElement":[{"@type":"ListItem","position":1,"name":"Camping Ari\u00e8ge","item":"https:\/\/www.camping-arize.com\/nl\/"},{"@type":"ListItem","position":2,"name":"4-sterrencamping met voorzieningen in de Ari\u00e8ge"}]},{"@type":"WebSite","@id":"https:\/\/www.camping-arize.com\/#website","url":"https:\/\/www.camping-arize.com\/","name":"Camping L'Arize","description":"Camping familial 4 \u00e9toiles en Ari\u00e8ge \u00e0 La Bastide-de-S\u00e9rou","publisher":{"@id":"https:\/\/www.camping-arize.com\/#organization"},"inLanguage":"nl-NL"},{"@type":"Organization","@id":"https:\/\/www.camping-arize.com\/#organization","name":"Camping L'Arize","url":"https:\/\/www.camping-arize.com\/","logo":{"@type":"ImageObject","inLanguage":"nl-NL","@id":"https:\/\/www.camping-arize.com\/#\/schema\/logo\/image\/","url":"https:\/\/www.camping-arize.com\/wp-content\/uploads\/2024\/01\/logo.png","contentUrl":"https:\/\/www.camping-arize.com\/wp-content\/uploads\/2024\/01\/logo.png","width":117,"height":93,"caption":"Camping L'Arize"},"image":{"@id":"https:\/\/www.camping-arize.com\/#\/schema\/logo\/image\/"}}]}},"_links":{"self":[{"href":"https:\/\/www.camping-arize.com\/nl\/wp-json\/wp\/v2\/pages\/1261"}],"collection":[{"href":"https:\/\/www.camping-arize.com\/nl\/wp-json\/wp\/v2\/pages"}],"about":[{"href":"https:\/\/www.camping-arize.com\/nl\/wp-json\/wp\/v2\/types\/page"}],"author":[{"embeddable":true,"href":"https:\/\/www.camping-arize.com\/nl\/wp-json\/wp\/v2\/users\/10"}],"replies":[{"embeddable":true,"href":"https:\/\/www.camping-arize.com\/nl\/wp-json\/wp\/v2\/comments?post=1261"}],"version-history":[{"count":4,"href":"https:\/\/www.camping-arize.com\/nl\/wp-json\/wp\/v2\/pages\/1261\/revisions"}],"predecessor-version":[{"id":2224,"href":"https:\/\/www.camping-arize.com\/nl\/wp-json\/wp\/v2\/pages\/1261\/revisions\/2224"}],"wp:featuredmedia":[{"embeddable":true,"href":"https:\/\/www.camping-arize.com\/nl\/wp-json\/wp\/v2\/media\/1897"}],"wp:attachment":[{"href":"https:\/\/www.camping-arize.com\/nl\/wp-json\/wp\/v2\/media?parent=1261"}],"curies":[{"name":"wp","href":"https:\/\/api.w.org\/{rel}","templated":true}]}}