{"id":3055,"date":"2026-02-11T19:45:16","date_gmt":"2026-02-11T18:45:16","guid":{"rendered":"https:\/\/www.camping-arize.com\/veelgestelde-vragen\/"},"modified":"2026-02-12T10:22:57","modified_gmt":"2026-02-12T09:22:57","slug":"veelgestelde-vragen","status":"publish","type":"page","link":"https:\/\/www.camping-arize.com\/nl\/veelgestelde-vragen\/","title":{"rendered":"Veelgestelde vragen"},"content":{"rendered":"\n<div class=\"wp-block-group\"><div class=\"wp-block-group__inner-container is-layout-constrained wp-block-group-is-layout-constrained\">\n<h2 class=\"wp-block-heading has-text-align-center has-vivid-cyan-blue-color has-text-color has-link-color wp-elements-fba9c2a2b5faf5a02e4ce4b9d3ad02d4\">Ontdek onze veelgestelde vragen<\/h2>\n\n\n\n<p class=\"has-text-align-center\">Heb je een vraag voor je reis? Bekijk onze FAQ&#8217;s! <\/p>\n\n\n\n<div class=\"pfq\">\n  \n  \n  <nav class=\"pfq__themes\">\n    <h2>Th\u00e9matiques<\/h2>\n    <ul>\n      \n        <li class=\"pfq__theme active\" data-pfq-group=\"group-0\">\n          <a href=\"#\">Algemene vragen<\/a>\n        <\/li>\n\n          <\/ul>\n  <\/nav>\n\n  <div class=\"pfq__questions\">\n    \n      <div class=\"pfq__questions__group visible\" data-pfq-group=\"group-0\">\n\n        <h3>Algemene vragen<\/h3>\n\n        \n          <div class=\"pfq__question\"  >\n            <h4 class=\"pfq__question__title\">Moeten we onze lakens meenemen?<\/h4>\n            <div class=\"pfq__answer\"><p>Lakens worden niet verstrekt, maar kunnen ter plaatse worden gehuurd.<\/p>\n<p>Lakens per bed: \u20ac19<\/p>\n<p>Handdoeken: \u20ac7<\/p>\n<\/div>\n          <\/div>\n\n        \n          <div class=\"pfq__question\"  >\n            <h4 class=\"pfq__question__title\">Zijn barbecues toegestaan?<\/h4>\n            <div class=\"pfq__answer\"><p>Er zijn twee gemeenschappelijke barbecues beschikbaar.<\/p>\n<p>De barbecue bevindt zich bij de receptie, in een beveiligde ruimte die ontworpen is om het risico op brand te minimaliseren.<\/p>\n<p>Houtgestookte barbecues zijn ten strengste verboden op kampeerplaatsen en in de buurt van accommodaties.<\/p>\n<\/div>\n          <\/div>\n\n        \n          <div class=\"pfq__question\"  >\n            <h4 class=\"pfq__question__title\">Zijn honden toegestaan?<\/h4>\n            <div class=\"pfq__answer\"><p>Ja, huisdieren worden onder bepaalde voorwaarden geaccepteerd. Ze moeten aangelijnd zijn en een geldig vaccinatiebewijs hebben. Huisdieren mogen niet alleen worden achtergelaten, noch op een staanplaats, noch in een huuraccommodatie of stacaravan, zelfs niet tijdelijk. Deze regel is bedoeld om het welzijn van de dieren, de rust van andere klanten en het behoud van de accommodatie te waarborgen. Het maakt integraal deel uit van het campingreglement. Een toeslag van \u20ac 6 per dag zal worden toegepast op uw reservering voor uw huisdier.     <\/p>\n<\/div>\n          <\/div>\n\n        \n          <div class=\"pfq__question\"  >\n            <h4 class=\"pfq__question__title\">Waar is het dichtstbijzijnde medische centrum?<\/h4>\n            <div class=\"pfq__answer\"><p>Het dichtstbijzijnde medische centrum ligt op 1 km van de camping (artsen, verpleegkundigen, fysiotherapeuten, verloskundigen, etc.).<\/p>\n<\/div>\n          <\/div>\n\n        \n          <div class=\"pfq__question\"  >\n            <h4 class=\"pfq__question__title\">Waar is de dichtstbijzijnde supermarkt?<\/h4>\n            <div class=\"pfq__answer\"><p>De dichtstbijzijnde supermarkt ligt op 1 km van de camping (Carrefour Express elke dag geopend van 8.30 tot 20.00 uur en op zondag van 9.00 tot 13.00 uur). De kleine kruidenierswinkel op de camping verkoopt basisbenodigdheden. <\/p>\n<\/div>\n          <\/div>\n\n        \n          <div class=\"pfq__question\"  >\n            <h4 class=\"pfq__question__title\">Welke betalingsmethoden accepteert u?<\/h4>\n            <div class=\"pfq__answer\"><p>We accepteren VISA bankkaarten, bankcheques, A.N.C.V. en contant geld.<\/p>\n<\/div>\n          <\/div>\n\n        \n          <div class=\"pfq__question\"  >\n            <h4 class=\"pfq__question__title\">Zijn er fietsen te huur?<\/h4>\n            <div class=\"pfq__answer\"><p>Fietsen kunnen worden gehuurd bij Arize2roues, op 1,5 km van de camping.<\/p>\n<\/div>\n          <\/div>\n\n        \n          <div class=\"pfq__question\"  >\n            <h4 class=\"pfq__question__title\">Is het waterpark toegankelijk voor buitenstaanders?<\/h4>\n            <div class=\"pfq__answer\"><p>Het waterpark is niet toegankelijk voor mensen van buiten de camping.<\/p>\n<\/div>\n          <\/div>\n\n        \n          <div class=\"pfq__question\"  >\n            <h4 class=\"pfq__question__title\">Is het zwembad verwarmd en wanneer is het open?<\/h4>\n            <div class=\"pfq__answer\"><p>Ja, het zwembad is verwarmd. Het is seizoensgebonden geopend, over het algemeen van de lente tot het einde van de zomer. Openingsdata en -tijden kunnen vari\u00ebren afhankelijk van het weer en de geldende regels. Kinderen moeten onder toezicht staan van een verantwoordelijke volwassene.   <\/p>\n<\/div>\n          <\/div>\n\n        \n          <div class=\"pfq__question\"  >\n            <h4 class=\"pfq__question__title\">Op welke data zijn er activiteiten?<\/h4>\n            <div class=\"pfq__answer\"><p>In juli en augustus biedt de camping animatie voor kinderen en volwassenen, gezellige avonden en natuuractiviteiten.<\/p>\n<\/div>\n          <\/div>\n\n        \n          <div class=\"pfq__question\"  >\n            <h4 class=\"pfq__question__title\">Is er een snackbar of cateringservice ter plaatse?<\/h4>\n            <div class=\"pfq__answer\"><p>Ja, een snackbar is alleen beschikbaar in het hoogseizoen, van juli tot augustus. De snackbar biedt eenvoudig en vriendelijk eten in de sfeer van de camping. Hij is geopend van woensdag tot zondag, alleen &#8216;s avonds, en reserveren wordt sterk aanbevolen. Op maandag en dinsdag zijn er foodtrucks.   <\/p>\n<\/div>\n          <\/div>\n\n        \n          <div class=\"pfq__question\"  >\n            <h4 class=\"pfq__question__title\">Is er WIFI op de camping?<\/h4>\n            <div class=\"pfq__answer\"><p>Ja, een WiFi-verbinding is inbegrepen voor \u00e9\u00e9n apparaat voor de duur van het verblijf. Er zijn opties beschikbaar om meerdere apparaten aan te sluiten. <\/p>\n<\/div>\n          <\/div>\n\n        \n          <div class=\"pfq__question\"  >\n            <h4 class=\"pfq__question__title\">Hoeveel voertuigen zijn toegestaan per kampeerplaats?<\/h4>\n            <div class=\"pfq__answer\"><p>Op onze camping is slechts \u00e9\u00e9n auto toegestaan. Er is \u00e9\u00e9n parkeerplaats per accommodatie op de camping (niet noodzakelijk op je staanplaats zelf, aangezien een deel van de camping autovrij is). Als je met twee voertuigen komt, wordt een toeslag van \u20ac 4 per dag in rekening gebracht.  <\/p>\n<\/div>\n          <\/div>\n\n        \n          <div class=\"pfq__question\"  >\n            <h4 class=\"pfq__question__title\">Is de camping VACAF-goedgekeurd?<\/h4>\n            <div class=\"pfq__answer\"><p>ja<\/p>\n<\/div>\n          <\/div>\n\n        \n          <div class=\"pfq__question\"  >\n            <h4 class=\"pfq__question__title\">Hoe maak ik een reservering?<\/h4>\n            <div class=\"pfq__answer\"><p>Reserveren kan online, telefonisch of per e-mail. In het hoogseizoen raden we je sterk aan om vooraf te reserveren. <\/p>\n<\/div>\n          <\/div>\n\n        \n          <div class=\"pfq__question\"  >\n            <h4 class=\"pfq__question__title\">Is een aanbetaling vereist?<\/h4>\n            <div class=\"pfq__answer\"><p>Ja, een borgsom (\u20ac150 voor de huur en \u20ac75 voor de schoonmaak) is vereist voor aankomst bij verhuur. Deze wordt online beheerd via een beveiligd &#8220;swikly&#8221; systeem en wordt niet afgeschreven, behalve in geval van schade. <\/p>\n<\/div>\n          <\/div>\n\n        \n          <div class=\"pfq__question\"  >\n            <h4 class=\"pfq__question__title\">Kan ik mijn boeking betalen met een vakantievoucher?<\/h4>\n            <div class=\"pfq__answer\"><p>Alleen accommodatie en de snackbar kunnen worden betaald met ANCV vakantiecheques en E-connect.<\/p>\n<\/div>\n          <\/div>\n\n        \n          <div class=\"pfq__question\"  >\n            <h4 class=\"pfq__question__title\">Wat zijn de voorwaarden voor terugbetaling in geval van annulering?<\/h4>\n            <div class=\"pfq__answer\"><p>Om bij annulering terugbetaald te worden, moet je een annuleringsverzekering van Meetch hebben afgesloten. Deze verzekering dekt een breed scala aan gebeurtenissen: ziekte, vervoersproblemen, verplaatste vakanties, enz. <\/p>\n<\/div>\n          <\/div>\n\n        \n          <div class=\"pfq__question\"  >\n            <h4 class=\"pfq__question__title\">Is het mogelijk om mijn boeking te wijzigen?<\/h4>\n            <div class=\"pfq__answer\"><p>Ja, afhankelijk van beschikbaarheid. Neem contact met ons op per telefoon<a href=\"tel:+33561658151\">(+33561658151)<\/a> of per e-mail<a href=\"mailto:mail@camping-arize.com\" target=\"_blank\" rel=\"noopener\">(mail@camping-arize.com).<\/a> <\/p>\n<\/div>\n          <\/div>\n\n        \n      <\/div>\n\n    \n  <\/div>\n<\/div>\n<\/div><\/div>\n","protected":false},"excerpt":{"rendered":"<p>Ontdek onze veelgestelde vragen Heb je een vraag voor je reis? Bekijk onze FAQ&#8217;s!<\/p>\n","protected":false},"author":10,"featured_media":3041,"parent":0,"menu_order":0,"comment_status":"closed","ping_status":"closed","template":"","meta":{"_acf_changed":false,"footnotes":""},"acf":[],"yoast_head":"<!-- This site is optimized with the Yoast SEO plugin v22.5 - https:\/\/yoast.com\/wordpress\/plugins\/seo\/ -->\n<title>Veelgestelde vragen | Camping L&#039;Arize<\/title>\n<meta name=\"description\" content=\"Ontdek onze FAQ om je te helpen bij de voorbereiding van je verblijf in de Ari\u00e8ge op camping l&#039;Arize!\" \/>\n<meta name=\"robots\" content=\"index, follow, max-snippet:-1, max-image-preview:large, max-video-preview:-1\" \/>\n<link rel=\"canonical\" href=\"https:\/\/www.camping-arize.com\/nl\/veelgestelde-vragen\/\" \/>\n<meta property=\"og:locale\" content=\"nl_NL\" \/>\n<meta property=\"og:type\" content=\"article\" \/>\n<meta property=\"og:title\" content=\"Veelgestelde vragen | Camping L&#039;Arize\" \/>\n<meta property=\"og:description\" content=\"Ontdek onze FAQ om je te helpen bij de voorbereiding van je verblijf in de Ari\u00e8ge op camping l&#039;Arize!\" \/>\n<meta property=\"og:url\" content=\"https:\/\/www.camping-arize.com\/nl\/veelgestelde-vragen\/\" \/>\n<meta property=\"og:site_name\" content=\"Camping L&#039;Arize\" \/>\n<meta property=\"article:modified_time\" content=\"2026-02-12T09:22:57+00:00\" \/>\n<meta property=\"og:image\" content=\"https:\/\/www.camping-arize.com\/wp-content\/uploads\/2026\/02\/image_2026-02-11_191521192.png\" \/>\n\t<meta property=\"og:image:width\" content=\"1780\" \/>\n\t<meta property=\"og:image:height\" content=\"890\" \/>\n\t<meta property=\"og:image:type\" content=\"image\/png\" \/>\n<meta name=\"twitter:card\" content=\"summary_large_image\" \/>\n<script type=\"application\/ld+json\" class=\"yoast-schema-graph\">{\"@context\":\"https:\/\/schema.org\",\"@graph\":[{\"@type\":\"WebPage\",\"@id\":\"https:\/\/www.camping-arize.com\/nl\/veelgestelde-vragen\/\",\"url\":\"https:\/\/www.camping-arize.com\/nl\/veelgestelde-vragen\/\",\"name\":\"Veelgestelde vragen | Camping L&#039;Arize\",\"isPartOf\":{\"@id\":\"https:\/\/www.camping-arize.com\/#website\"},\"primaryImageOfPage\":{\"@id\":\"https:\/\/www.camping-arize.com\/nl\/veelgestelde-vragen\/#primaryimage\"},\"image\":{\"@id\":\"https:\/\/www.camping-arize.com\/nl\/veelgestelde-vragen\/#primaryimage\"},\"thumbnailUrl\":\"https:\/\/www.camping-arize.com\/wp-content\/uploads\/2026\/02\/image_2026-02-11_191521192.png\",\"datePublished\":\"2026-02-11T18:45:16+00:00\",\"dateModified\":\"2026-02-12T09:22:57+00:00\",\"description\":\"Ontdek onze FAQ om je te helpen bij de voorbereiding van je verblijf in de Ari\u00e8ge op camping l'Arize!\",\"breadcrumb\":{\"@id\":\"https:\/\/www.camping-arize.com\/nl\/veelgestelde-vragen\/#breadcrumb\"},\"inLanguage\":\"nl-NL\",\"potentialAction\":[{\"@type\":\"ReadAction\",\"target\":[\"https:\/\/www.camping-arize.com\/nl\/veelgestelde-vragen\/\"]}]},{\"@type\":\"ImageObject\",\"inLanguage\":\"nl-NL\",\"@id\":\"https:\/\/www.camping-arize.com\/nl\/veelgestelde-vragen\/#primaryimage\",\"url\":\"https:\/\/www.camping-arize.com\/wp-content\/uploads\/2026\/02\/image_2026-02-11_191521192.png\",\"contentUrl\":\"https:\/\/www.camping-arize.com\/wp-content\/uploads\/2026\/02\/image_2026-02-11_191521192.png\",\"width\":1780,\"height\":890},{\"@type\":\"BreadcrumbList\",\"@id\":\"https:\/\/www.camping-arize.com\/nl\/veelgestelde-vragen\/#breadcrumb\",\"itemListElement\":[{\"@type\":\"ListItem\",\"position\":1,\"name\":\"Camping Ari\u00e8ge\",\"item\":\"https:\/\/www.camping-arize.com\/nl\/home\/\"},{\"@type\":\"ListItem\",\"position\":2,\"name\":\"Veelgestelde vragen\"}]},{\"@type\":\"WebSite\",\"@id\":\"https:\/\/www.camping-arize.com\/#website\",\"url\":\"https:\/\/www.camping-arize.com\/\",\"name\":\"Camping L'Arize\",\"description\":\"Camping familial 4 \u00e9toiles en Ari\u00e8ge \u00e0 La Bastide-de-S\u00e9rou\",\"publisher\":{\"@id\":\"https:\/\/www.camping-arize.com\/#organization\"},\"inLanguage\":\"nl-NL\"},{\"@type\":\"Organization\",\"@id\":\"https:\/\/www.camping-arize.com\/#organization\",\"name\":\"Camping L'Arize\",\"url\":\"https:\/\/www.camping-arize.com\/\",\"logo\":{\"@type\":\"ImageObject\",\"inLanguage\":\"nl-NL\",\"@id\":\"https:\/\/www.camping-arize.com\/#\/schema\/logo\/image\/\",\"url\":\"https:\/\/www.camping-arize.com\/wp-content\/uploads\/2024\/01\/logo.png\",\"contentUrl\":\"https:\/\/www.camping-arize.com\/wp-content\/uploads\/2024\/01\/logo.png\",\"width\":117,\"height\":93,\"caption\":\"Camping L'Arize\"},\"image\":{\"@id\":\"https:\/\/www.camping-arize.com\/#\/schema\/logo\/image\/\"}}]}<\/script>\n<!-- \/ Yoast SEO plugin. -->","yoast_head_json":{"title":"Veelgestelde vragen | Camping L&#039;Arize","description":"Ontdek onze FAQ om je te helpen bij de voorbereiding van je verblijf in de Ari\u00e8ge op camping l'Arize!","robots":{"index":"index","follow":"follow","max-snippet":"max-snippet:-1","max-image-preview":"max-image-preview:large","max-video-preview":"max-video-preview:-1"},"canonical":"https:\/\/www.camping-arize.com\/nl\/veelgestelde-vragen\/","og_locale":"nl_NL","og_type":"article","og_title":"Veelgestelde vragen | Camping L&#039;Arize","og_description":"Ontdek onze FAQ om je te helpen bij de voorbereiding van je verblijf in de Ari\u00e8ge op camping l'Arize!","og_url":"https:\/\/www.camping-arize.com\/nl\/veelgestelde-vragen\/","og_site_name":"Camping L&#039;Arize","article_modified_time":"2026-02-12T09:22:57+00:00","og_image":[{"width":1780,"height":890,"url":"https:\/\/www.camping-arize.com\/wp-content\/uploads\/2026\/02\/image_2026-02-11_191521192.png","type":"image\/png"}],"twitter_card":"summary_large_image","schema":{"@context":"https:\/\/schema.org","@graph":[{"@type":"WebPage","@id":"https:\/\/www.camping-arize.com\/nl\/veelgestelde-vragen\/","url":"https:\/\/www.camping-arize.com\/nl\/veelgestelde-vragen\/","name":"Veelgestelde vragen | Camping L&#039;Arize","isPartOf":{"@id":"https:\/\/www.camping-arize.com\/#website"},"primaryImageOfPage":{"@id":"https:\/\/www.camping-arize.com\/nl\/veelgestelde-vragen\/#primaryimage"},"image":{"@id":"https:\/\/www.camping-arize.com\/nl\/veelgestelde-vragen\/#primaryimage"},"thumbnailUrl":"https:\/\/www.camping-arize.com\/wp-content\/uploads\/2026\/02\/image_2026-02-11_191521192.png","datePublished":"2026-02-11T18:45:16+00:00","dateModified":"2026-02-12T09:22:57+00:00","description":"Ontdek onze FAQ om je te helpen bij de voorbereiding van je verblijf in de Ari\u00e8ge op camping l'Arize!","breadcrumb":{"@id":"https:\/\/www.camping-arize.com\/nl\/veelgestelde-vragen\/#breadcrumb"},"inLanguage":"nl-NL","potentialAction":[{"@type":"ReadAction","target":["https:\/\/www.camping-arize.com\/nl\/veelgestelde-vragen\/"]}]},{"@type":"ImageObject","inLanguage":"nl-NL","@id":"https:\/\/www.camping-arize.com\/nl\/veelgestelde-vragen\/#primaryimage","url":"https:\/\/www.camping-arize.com\/wp-content\/uploads\/2026\/02\/image_2026-02-11_191521192.png","contentUrl":"https:\/\/www.camping-arize.com\/wp-content\/uploads\/2026\/02\/image_2026-02-11_191521192.png","width":1780,"height":890},{"@type":"BreadcrumbList","@id":"https:\/\/www.camping-arize.com\/nl\/veelgestelde-vragen\/#breadcrumb","itemListElement":[{"@type":"ListItem","position":1,"name":"Camping Ari\u00e8ge","item":"https:\/\/www.camping-arize.com\/nl\/home\/"},{"@type":"ListItem","position":2,"name":"Veelgestelde vragen"}]},{"@type":"WebSite","@id":"https:\/\/www.camping-arize.com\/#website","url":"https:\/\/www.camping-arize.com\/","name":"Camping L'Arize","description":"Camping familial 4 \u00e9toiles en Ari\u00e8ge \u00e0 La Bastide-de-S\u00e9rou","publisher":{"@id":"https:\/\/www.camping-arize.com\/#organization"},"inLanguage":"nl-NL"},{"@type":"Organization","@id":"https:\/\/www.camping-arize.com\/#organization","name":"Camping L'Arize","url":"https:\/\/www.camping-arize.com\/","logo":{"@type":"ImageObject","inLanguage":"nl-NL","@id":"https:\/\/www.camping-arize.com\/#\/schema\/logo\/image\/","url":"https:\/\/www.camping-arize.com\/wp-content\/uploads\/2024\/01\/logo.png","contentUrl":"https:\/\/www.camping-arize.com\/wp-content\/uploads\/2024\/01\/logo.png","width":117,"height":93,"caption":"Camping L'Arize"},"image":{"@id":"https:\/\/www.camping-arize.com\/#\/schema\/logo\/image\/"}}]}},"_links":{"self":[{"href":"https:\/\/www.camping-arize.com\/nl\/wp-json\/wp\/v2\/pages\/3055"}],"collection":[{"href":"https:\/\/www.camping-arize.com\/nl\/wp-json\/wp\/v2\/pages"}],"about":[{"href":"https:\/\/www.camping-arize.com\/nl\/wp-json\/wp\/v2\/types\/page"}],"author":[{"embeddable":true,"href":"https:\/\/www.camping-arize.com\/nl\/wp-json\/wp\/v2\/users\/10"}],"replies":[{"embeddable":true,"href":"https:\/\/www.camping-arize.com\/nl\/wp-json\/wp\/v2\/comments?post=3055"}],"version-history":[{"count":2,"href":"https:\/\/www.camping-arize.com\/nl\/wp-json\/wp\/v2\/pages\/3055\/revisions"}],"predecessor-version":[{"id":3062,"href":"https:\/\/www.camping-arize.com\/nl\/wp-json\/wp\/v2\/pages\/3055\/revisions\/3062"}],"wp:featuredmedia":[{"embeddable":true,"href":"https:\/\/www.camping-arize.com\/nl\/wp-json\/wp\/v2\/media\/3041"}],"wp:attachment":[{"href":"https:\/\/www.camping-arize.com\/nl\/wp-json\/wp\/v2\/media?parent=3055"}],"curies":[{"name":"wp","href":"https:\/\/api.w.org\/{rel}","templated":true}]}}